{"id":483,"date":"2017-06-29T13:25:12","date_gmt":"2017-06-29T11:25:12","guid":{"rendered":"http:\/\/www.orangedental.es\/tratamientos\/endodoncia\/"},"modified":"2018-09-11T17:48:01","modified_gmt":"2018-09-11T15:48:01","slug":"endodoncia","status":"publish","type":"page","link":"https:\/\/www.orangedental.es\/es\/tratamientos\/endodoncia\/","title":{"rendered":"Endodoncia"},"content":{"rendered":"[et_pb_section bb_built=\u00bb1&#8243;][et_pb_row][et_pb_column type=\u00bb4_4&#8243;][et_pb_text _builder_version=\u00bb3.0.53&#8243; background_layout=\u00bblight\u00bb text_orientation=\u00bbjustified\u00bb border_style=\u00bbsolid\u00bb]\n<h1>Endodoncia (tratamiento del conducto radicular)<\/h1>\n<p>Puede haber varias razones para el tratamiento del conducto radicular (tratamiento del nervio): por lo general, un dolor de muelas intenso. La parte viva (el nervio) del diente\/muela puede estar tan inflamado que tenemos que eliminar el nervio para terminar con el dolor.<\/p>\n<p>Durante un tratamiento del conducto radicular, eliminamos el tejido todav\u00eda vivo del diente inflamado. Esto se hace bajo anestesia local. Luego limpiamos, desinfectamos y rellenamos de nuevo los conductos. A continuaci\u00f3n, el diente se obtura de nuevo con un relleno.<\/p>\n<p>Si existe una infecci\u00f3n en el punto de la ra\u00edz, el nervio del diente o la muela est\u00e1 ya muerto. El tejido nervioso muerto produce la respuesta inflamatoria. Este punto de contacto de la ra\u00edz puede romper el hueso de la mand\u00edbula y producir un absceso como consecuencia. Esto puede ser muy peligroso, especialmente cuando el absceso est\u00e1 en la mand\u00edbula inferior, en concreto, al lado de la lengua. Por lo general, se abre paso hacia la mejilla. En caso de absceso venga siempre a la consulta o, si no estamos, p\u00f3ngase en contacto con el n\u00famero de emergencia. El dentista de guardia eliminar\u00e1 el tejido muerto de la ra\u00edz del nervio y limpiar\u00e1 los conductos de la ra\u00edz. A menudo es necesario tambi\u00e9n abrir el absceso para drenar el pus, y despu\u00e9s tendr\u00e1 que tomar un antibi\u00f3tico.<\/p>\n<h3>Flexible y \u00abmec\u00e1nico\u00bb<\/h3>\n<p>Para vaciar, limpiar y rellenar los conductos radiculares, usamos clavitos especiales de n\u00edquel-titanio (NiTi). Normalmente no lo hacemos a mano, sino con un proceso \u00abmec\u00e1nico\u00bb\u2019lo que nos lleva mucho menos tiempo. De esta forma, no tendr\u00e1 usted que estar tanto tiempo en el sill\u00f3n del dentista. Debido a que los clavitos de NiTi son extremadamente flexibles, podemos llegar f\u00e1cilmente a toda la ra\u00edz y limpiarla por completo.<\/p>\n<p>Tambi\u00e9n utilizamos un medidor de la longitud de la ra\u00edz el\u00e9ctrico, para no tener que realizar tantas radiograf\u00edas.<\/p>\n<h3>Cuidados posteriores<\/h3>\n<p>Tras el tratamiento del conducto radicular, vigilamos el diente o la muela durante los siguientes seis a doce meses. Si todo va bien, es aconsejable poner una corona en el diente para devolverle su fuerza y evitar fracturas.<\/p>\n[\/et_pb_text][\/et_pb_column][\/et_pb_row][et_pb_row][et_pb_column type=\u00bb1_2&#8243;][et_pb_image _builder_version=\u00bb3.13.1&#8243; src=\u00bbhttp:\/\/www.orangedental.es\/wp-content\/uploads\/2017\/06\/csm_kiesB_859892b61f.png\u00bb animation_style=\u00bbslide\u00bb animation_duration=\u00bb500ms\u00bb animation_intensity_slide=\u00bb10%\u00bb animation_direction=\u00bbleft\u00bb \/][\/et_pb_column][et_pb_column type=\u00bb1_2&#8243;][et_pb_image _builder_version=\u00bb3.0.53&#8243; src=\u00bbhttp:\/\/www.orangedental.es\/wp-content\/uploads\/2017\/06\/csm_kiesA_2a3b956dd1.png\u00bb show_in_lightbox=\u00bboff\u00bb url_new_window=\u00bboff\u00bb use_overlay=\u00bboff\u00bb sticky=\u00bboff\u00bb align=\u00bbleft\u00bb always_center_on_mobile=\u00bbon\u00bb border_style=\u00bbsolid\u00bb force_fullwidth=\u00bboff\u00bb animation_style=\u00bbslide\u00bb animation_duration=\u00bb500ms\u00bb animation_intensity_slide=\u00bb10%\u00bb animation_direction=\u00bbleft\u00bb show_bottom_space=\u00bbon\u00bb \/][\/et_pb_column][\/et_pb_row][\/et_pb_section]\n","protected":false},"excerpt":{"rendered":"<p><div class=\"et_pb_row et_pb_row_0 et_pb_row_empty\">\n\t\t\t\t\n\t\t\t\t\n\t\t\t\t\n\t\t\t\t\n\t\t\t\t\n\t\t\t<\/div> Endodoncia (tratamiento del conducto radicular) Puede haber varias razones para el tratamiento del conducto radicular (tratamiento del nervio): por lo general, un dolor de muelas intenso. La parte viva (el nervio) del diente\/muela puede estar tan inflamado que tenemos que eliminar el nervio para terminar con el dolor. Durante un tratamiento del conducto radicular, [&hellip;]<\/p>\n","protected":false},"author":1,"featured_media":0,"parent":461,"menu_order":30,"comment_status":"closed","ping_status":"closed","template":"","meta":{"_acf_changed":false,"_et_pb_use_builder":"on","_et_pb_old_content":"<h1>Endodontologie<\/h1><p>Er kunnen diverse aanleidingen zijn voor een wortelkanaalbehandeling. Meestal is dat hevige kiespijn. Het levende deel (de zenuw) van de tand\/kies kan dan dermate ontstoken zijn, dat wij uw zenuw moeten verwijderen om van de pijn af te komen.<\/p><p>Tijdens een wortelkanaalbehandeling wordt het nog levende ontstoken tandweefsel verwijderd. Dit gebeurt onder plaatselijke verdoving. Vervolgens worden de kanaaltjes gereinigd, gedesinfecteerd en weer gevuld. Daarna wordt de tand of kies weer afgesloten met een vulling.<\/p><p>Zit er aan de wortelpunt een ontsteking, dan is de zenuw in de tand of kies al dood. Het dode zenuwweefsel zorgt voor de ontstekingsreactie. Deze wortelpuntontsteking kan door het kaakbot heen breken en een abces tot gevolg hebben. Dit kan heel gevaarlijk zijn. Zeker wanneer het abces in de onderkaak zit, met name aan de kant van de tong. Meestal breekt het door naar de wangzijde. Kom met zo\u2019n abces altijd naar de praktijk of neem, als wij niet aanwezig zijn, contact op met het spoednummer. De dienstdoende tandarts zal het dode zenuwweefsel uit de wortel verwijderen en de kanalen in de wortel schoonmaken. Vaak is het nodig om het abces open te maken om de pus er uit te laten lopen en daarna ook nog een een antibioticum te slikken.<\/p><h3>Flexibel<\/h3><p>Voor het leegmaken, reinigen en vullen van de wortelkanalen gebruiken wij speciale nikkel-titanium (niti) vijltjes. Wij doen dat niet meer zoals vroeger met de hand, maar \u2018mechanisch\u2019. Dit is minder tijdrovend, waardoor ook u minder lang in de stoel hoeft te liggen. Omdat de niti-vijltjes zeer buigzaam zijn, kunnen we de hele wortel goed bereiken en volledig reinigen. Tevens gebruiken wij een elektrische wortellengtebepaler waardoor we het aantal te maken r\u00f6ntgenfoto\u2019s tot een minimum kunnen beperken.<\/p><h3>Nazorg<\/h3><p>Na de wortelkanaalbehandeling houden we de tand of kies zes tot twaalf maanden in de gaten. Blijft daarna alles goed gaan, dan is het verstandig om de kies te voorzien van een kroon om hem zijn stevigheid terug te geven en breuk te voorkomen.<\/p>","_et_gb_content_width":"","footnotes":""},"class_list":["post-483","page","type-page","status-publish","hentry"],"acf":[],"yoast_head":"<!-- This site is optimized with the Yoast SEO plugin v27.5 - https:\/\/yoast.com\/product\/yoast-seo-wordpress\/ -->\n<title>Endodoncia - Orange Dental<\/title>\n<meta name=\"description\" content=\"Durante un tratamiento del conducto radicular, eliminamos el tejido todav\u00eda vivo del diente inflamado.\" \/>\n<meta name=\"robots\" content=\"index, follow, max-snippet:-1, max-image-preview:large, max-video-preview:-1\" \/>\n<link rel=\"canonical\" href=\"https:\/\/www.orangedental.es\/es\/tratamientos\/endodoncia\/\" \/>\n<meta property=\"og:locale\" content=\"es_ES\" \/>\n<meta property=\"og:type\" content=\"article\" \/>\n<meta property=\"og:title\" content=\"Endodoncia - Orange Dental\" \/>\n<meta property=\"og:description\" content=\"Durante un tratamiento del conducto radicular, eliminamos el tejido todav\u00eda vivo del diente inflamado.\" \/>\n<meta property=\"og:url\" content=\"https:\/\/www.orangedental.es\/es\/tratamientos\/endodoncia\/\" \/>\n<meta property=\"og:site_name\" content=\"Orange Dental\" \/>\n<meta property=\"article:publisher\" content=\"https:\/\/www.facebook.com\/orangedentalmoraira\/\" \/>\n<meta property=\"article:modified_time\" content=\"2018-09-11T15:48:01+00:00\" \/>\n<meta name=\"twitter:card\" content=\"summary_large_image\" \/>\n<meta name=\"twitter:label1\" content=\"Tiempo de lectura\" \/>\n\t<meta name=\"twitter:data1\" content=\"3 minutos\" \/>\n<script type=\"application\/ld+json\" class=\"yoast-schema-graph\">{\"@context\":\"https:\\\/\\\/schema.org\",\"@graph\":[{\"@type\":\"WebPage\",\"@id\":\"https:\\\/\\\/www.orangedental.es\\\/es\\\/tratamientos\\\/endodoncia\\\/\",\"url\":\"https:\\\/\\\/www.orangedental.es\\\/es\\\/tratamientos\\\/endodoncia\\\/\",\"name\":\"Endodoncia - Orange Dental\",\"isPartOf\":{\"@id\":\"https:\\\/\\\/www.orangedental.es\\\/es\\\/#website\"},\"datePublished\":\"2017-06-29T11:25:12+00:00\",\"dateModified\":\"2018-09-11T15:48:01+00:00\",\"description\":\"Durante un tratamiento del conducto radicular, eliminamos el tejido todav\u00eda vivo del diente inflamado.\",\"breadcrumb\":{\"@id\":\"https:\\\/\\\/www.orangedental.es\\\/es\\\/tratamientos\\\/endodoncia\\\/#breadcrumb\"},\"inLanguage\":\"es\",\"potentialAction\":[{\"@type\":\"ReadAction\",\"target\":[\"https:\\\/\\\/www.orangedental.es\\\/es\\\/tratamientos\\\/endodoncia\\\/\"]}]},{\"@type\":\"BreadcrumbList\",\"@id\":\"https:\\\/\\\/www.orangedental.es\\\/es\\\/tratamientos\\\/endodoncia\\\/#breadcrumb\",\"itemListElement\":[{\"@type\":\"ListItem\",\"position\":1,\"name\":\"Home\",\"item\":\"https:\\\/\\\/www.orangedental.es\\\/es\\\/\"},{\"@type\":\"ListItem\",\"position\":2,\"name\":\"Tratamientos\",\"item\":\"https:\\\/\\\/www.orangedental.es\\\/es\\\/tratamientos\\\/\"},{\"@type\":\"ListItem\",\"position\":3,\"name\":\"Endodoncia\"}]},{\"@type\":\"WebSite\",\"@id\":\"https:\\\/\\\/www.orangedental.es\\\/es\\\/#website\",\"url\":\"https:\\\/\\\/www.orangedental.es\\\/es\\\/\",\"name\":\"Orange Dental\",\"description\":\"\u00a1Unos dientes sanos y una sonrisa resplandeciente!\",\"publisher\":{\"@id\":\"https:\\\/\\\/www.orangedental.es\\\/es\\\/#organization\"},\"potentialAction\":[{\"@type\":\"SearchAction\",\"target\":{\"@type\":\"EntryPoint\",\"urlTemplate\":\"https:\\\/\\\/www.orangedental.es\\\/es\\\/?s={search_term_string}\"},\"query-input\":{\"@type\":\"PropertyValueSpecification\",\"valueRequired\":true,\"valueName\":\"search_term_string\"}}],\"inLanguage\":\"es\"},{\"@type\":\"Organization\",\"@id\":\"https:\\\/\\\/www.orangedental.es\\\/es\\\/#organization\",\"name\":\"Orange Dental\",\"url\":\"https:\\\/\\\/www.orangedental.es\\\/es\\\/\",\"logo\":{\"@type\":\"ImageObject\",\"inLanguage\":\"es\",\"@id\":\"https:\\\/\\\/www.orangedental.es\\\/es\\\/#\\\/schema\\\/logo\\\/image\\\/\",\"url\":\"https:\\\/\\\/i0.wp.com\\\/www.orangedental.es\\\/wp-content\\\/uploads\\\/2017\\\/06\\\/logo-Orange-Dental-cmyk.png?fit=585%2C238&ssl=1\",\"contentUrl\":\"https:\\\/\\\/i0.wp.com\\\/www.orangedental.es\\\/wp-content\\\/uploads\\\/2017\\\/06\\\/logo-Orange-Dental-cmyk.png?fit=585%2C238&ssl=1\",\"width\":585,\"height\":238,\"caption\":\"Orange Dental\"},\"image\":{\"@id\":\"https:\\\/\\\/www.orangedental.es\\\/es\\\/#\\\/schema\\\/logo\\\/image\\\/\"},\"sameAs\":[\"https:\\\/\\\/www.facebook.com\\\/orangedentalmoraira\\\/\"]}]}<\/script>\n<!-- \/ Yoast SEO plugin. -->","yoast_head_json":{"title":"Endodoncia - Orange Dental","description":"Durante un tratamiento del conducto radicular, eliminamos el tejido todav\u00eda vivo del diente inflamado.","robots":{"index":"index","follow":"follow","max-snippet":"max-snippet:-1","max-image-preview":"max-image-preview:large","max-video-preview":"max-video-preview:-1"},"canonical":"https:\/\/www.orangedental.es\/es\/tratamientos\/endodoncia\/","og_locale":"es_ES","og_type":"article","og_title":"Endodoncia - Orange Dental","og_description":"Durante un tratamiento del conducto radicular, eliminamos el tejido todav\u00eda vivo del diente inflamado.","og_url":"https:\/\/www.orangedental.es\/es\/tratamientos\/endodoncia\/","og_site_name":"Orange Dental","article_publisher":"https:\/\/www.facebook.com\/orangedentalmoraira\/","article_modified_time":"2018-09-11T15:48:01+00:00","twitter_card":"summary_large_image","twitter_misc":{"Tiempo de lectura":"3 minutos"},"schema":{"@context":"https:\/\/schema.org","@graph":[{"@type":"WebPage","@id":"https:\/\/www.orangedental.es\/es\/tratamientos\/endodoncia\/","url":"https:\/\/www.orangedental.es\/es\/tratamientos\/endodoncia\/","name":"Endodoncia - Orange Dental","isPartOf":{"@id":"https:\/\/www.orangedental.es\/es\/#website"},"datePublished":"2017-06-29T11:25:12+00:00","dateModified":"2018-09-11T15:48:01+00:00","description":"Durante un tratamiento del conducto radicular, eliminamos el tejido todav\u00eda vivo del diente inflamado.","breadcrumb":{"@id":"https:\/\/www.orangedental.es\/es\/tratamientos\/endodoncia\/#breadcrumb"},"inLanguage":"es","potentialAction":[{"@type":"ReadAction","target":["https:\/\/www.orangedental.es\/es\/tratamientos\/endodoncia\/"]}]},{"@type":"BreadcrumbList","@id":"https:\/\/www.orangedental.es\/es\/tratamientos\/endodoncia\/#breadcrumb","itemListElement":[{"@type":"ListItem","position":1,"name":"Home","item":"https:\/\/www.orangedental.es\/es\/"},{"@type":"ListItem","position":2,"name":"Tratamientos","item":"https:\/\/www.orangedental.es\/es\/tratamientos\/"},{"@type":"ListItem","position":3,"name":"Endodoncia"}]},{"@type":"WebSite","@id":"https:\/\/www.orangedental.es\/es\/#website","url":"https:\/\/www.orangedental.es\/es\/","name":"Orange Dental","description":"\u00a1Unos dientes sanos y una sonrisa resplandeciente!","publisher":{"@id":"https:\/\/www.orangedental.es\/es\/#organization"},"potentialAction":[{"@type":"SearchAction","target":{"@type":"EntryPoint","urlTemplate":"https:\/\/www.orangedental.es\/es\/?s={search_term_string}"},"query-input":{"@type":"PropertyValueSpecification","valueRequired":true,"valueName":"search_term_string"}}],"inLanguage":"es"},{"@type":"Organization","@id":"https:\/\/www.orangedental.es\/es\/#organization","name":"Orange Dental","url":"https:\/\/www.orangedental.es\/es\/","logo":{"@type":"ImageObject","inLanguage":"es","@id":"https:\/\/www.orangedental.es\/es\/#\/schema\/logo\/image\/","url":"https:\/\/i0.wp.com\/www.orangedental.es\/wp-content\/uploads\/2017\/06\/logo-Orange-Dental-cmyk.png?fit=585%2C238&ssl=1","contentUrl":"https:\/\/i0.wp.com\/www.orangedental.es\/wp-content\/uploads\/2017\/06\/logo-Orange-Dental-cmyk.png?fit=585%2C238&ssl=1","width":585,"height":238,"caption":"Orange Dental"},"image":{"@id":"https:\/\/www.orangedental.es\/es\/#\/schema\/logo\/image\/"},"sameAs":["https:\/\/www.facebook.com\/orangedentalmoraira\/"]}]}},"_links":{"self":[{"href":"https:\/\/www.orangedental.es\/es\/wp-json\/wp\/v2\/pages\/483","targetHints":{"allow":["GET"]}}],"collection":[{"href":"https:\/\/www.orangedental.es\/es\/wp-json\/wp\/v2\/pages"}],"about":[{"href":"https:\/\/www.orangedental.es\/es\/wp-json\/wp\/v2\/types\/page"}],"author":[{"embeddable":true,"href":"https:\/\/www.orangedental.es\/es\/wp-json\/wp\/v2\/users\/1"}],"replies":[{"embeddable":true,"href":"https:\/\/www.orangedental.es\/es\/wp-json\/wp\/v2\/comments?post=483"}],"version-history":[{"count":2,"href":"https:\/\/www.orangedental.es\/es\/wp-json\/wp\/v2\/pages\/483\/revisions"}],"predecessor-version":[{"id":971,"href":"https:\/\/www.orangedental.es\/es\/wp-json\/wp\/v2\/pages\/483\/revisions\/971"}],"up":[{"embeddable":true,"href":"https:\/\/www.orangedental.es\/es\/wp-json\/wp\/v2\/pages\/461"}],"wp:attachment":[{"href":"https:\/\/www.orangedental.es\/es\/wp-json\/wp\/v2\/media?parent=483"}],"curies":[{"name":"wp","href":"https:\/\/api.w.org\/{rel}","templated":true}]}}