{"id":481,"date":"2017-06-29T13:26:55","date_gmt":"2017-06-29T11:26:55","guid":{"rendered":"http:\/\/www.orangedental.es\/tratamientos\/periodontologia\/"},"modified":"2018-09-11T17:46:55","modified_gmt":"2018-09-11T15:46:55","slug":"periodontologia","status":"publish","type":"page","link":"https:\/\/www.orangedental.es\/es\/tratamientos\/periodontologia\/","title":{"rendered":"Periodontolog\u00eda"},"content":{"rendered":"[et_pb_section bb_built=\u00bb1&#8243;][et_pb_row][et_pb_column type=\u00bb4_4&#8243;][et_pb_text _builder_version=\u00bb3.13.1&#8243; background_layout=\u00bblight\u00bb text_orientation=\u00bbjustified\u00bb border_style=\u00bbsolid\u00bb]\n<h1>Periodontolog\u00eda (problemas de las enc\u00edas)<\/h1>\n<p>Las enc\u00edas inflamadas tienen un aspecto suave, enrojecido e hinchado y pueden sangrar f\u00e1cilmente durante el cepillado. La enfermedad superficial de las enc\u00edas se llama gingivitis.<\/p>\n<h3>\u00bfCu\u00e1l es la causa de la gingivitis?<\/h3>\n<p>Si no se cepilla los dientes o los cepilla de forma incorrecta, seguir\u00e1 habiendo placa detr\u00e1s de los dientes; se trata de una capa pegajosa de color blanco\/amarillo, que consiste en restos de alimentos, mucosidad y diferentes tipos de bacterias. La placa se adhiere particularmente a lo largo de la l\u00ednea de las enc\u00edas. Si no retira la placa dental todos los d\u00edas, las bacterias producir\u00e1n una inflamaci\u00f3n (todav\u00eda superficial) o gingivitis. Tambi\u00e9n la placa dental puede calcificarse en sarro por la saliva; se trata de una estructura endurecida, y ya no puede usted eliminarla por s\u00ed mismo. Ser\u00e1 necesario que concierte una cita con el dentista o higienista dental. Si la gingivitis no se trata, puede conducir a la periodontitis, un problema todav\u00eda m\u00e1s grave.<\/p>\n<h3>Periodontitis<\/h3>\n<p>Si una enfermedad de las enc\u00edas permanece sin tratamiento durante demasiado tiempo, entonces la placa\/el sarro superficial puede extenderse por debajo de la l\u00ednea de las enc\u00edas. Las bacterias anidan entre los dientes y las enc\u00edas, y luego rompen las fibras y el hueso de la mand\u00edbula. Esto crea un espacio rebajado (una bolsa) entre el diente y la enc\u00eda, que se llena lentamente con la placa y el sarro. Esta degradaci\u00f3n afecta al extremo de la ra\u00edz, por lo que sus dientes y muelas pierden su adherencia a los tejidos de soporte (periodontales), y se aflojan.<\/p>\n<h3>Unas enc\u00edas sanas: la base para una buena dentadura<\/h3>\n<p>En cada revisi\u00f3n peri\u00f3dica, comprobamos el estado de salud de sus enc\u00edas, si los rellenos se adhieren correctamente y si hay espacios por debajo de la l\u00ednea de las enc\u00edas (bolsas).<\/p>\n<h3>Sus enc\u00edas en perfectas condiciones<\/h3>\n<p>En caso necesario, retiramos la placa y el sarro. Tambi\u00e9n podemos aplicar productos de protecci\u00f3n de la dentadura, como fl\u00faor, y pulir sus dientes. Para problemas de enc\u00edas que afecten a la salud bucal, realizamos un plan de tratamiento.<\/p>\n[\/et_pb_text][\/et_pb_column][\/et_pb_row][\/et_pb_section]\n","protected":false},"excerpt":{"rendered":"<p><div class=\"et_pb_row et_pb_row_0 et_pb_row_empty\">\n\t\t\t\t\n\t\t\t\t\n\t\t\t\t\n\t\t\t\t\n\t\t\t\t\n\t\t\t<\/div> Periodontolog\u00eda (problemas de las enc\u00edas) Las enc\u00edas inflamadas tienen un aspecto suave, enrojecido e hinchado y pueden sangrar f\u00e1cilmente durante el cepillado. La enfermedad superficial de las enc\u00edas se llama gingivitis. \u00bfCu\u00e1l es la causa de la gingivitis? Si no se cepilla los dientes o los cepilla de forma incorrecta, seguir\u00e1 habiendo placa detr\u00e1s [&hellip;]<\/p>\n","protected":false},"author":1,"featured_media":0,"parent":461,"menu_order":40,"comment_status":"closed","ping_status":"closed","template":"","meta":{"_acf_changed":false,"_et_pb_use_builder":"on","_et_pb_old_content":"<h1>Tandvleesontsteking<\/h1><p>Ontstoken tandvlees ziet er zacht, rood en gezwollen uit en kan bij het poetsen gemakkelijk gaan bloeden. Een oppervlakkige tandvleesontsteking noemen we gingivitis. Dit kan op elke leeftijd voorkomen, maar doorgaans vooral boven het 10e -15e levensjaar.<\/p><h3>Hoe ontstaat gingivitis?<\/h3><p>Als u uw tanden niet of op een verkeerde manier poetst, blijft er tandplak op de tanden achter; dit is een wit\/geel kleverig laagje, bestaande uit voedselresten, slijm en verschillende soorten bacteri\u00ebn. Tandplak hecht zich vooral langs de tandvleesrand. Als u tandplak niet dagelijks verwijdert, zorgen de bacteri\u00ebn voor een (vooralsnog oppervlakkige) ontsteking (gingivitus). Tevens kan tandplak door speeksel verkalken tot tandsteen; dit is hard van structuur en kunt u zelf niet meer verwijderen. Een afspraak bij de tandarts\/ mondhygi\u00ebnist is dan noodzakelijk. Als gingivitus niet wordt behandeld, kan dit leiden tot parodontitis, U bent dan nog verder van huis!<\/p><h3>Parodontitis<\/h3><p>Blijft een tandvleesontsteking te lang onbehandeld, dan kan het oppervlakkige tandplak\/tandsteen zich tot onder het tandvlees uitbreiden. De bacteri\u00ebn nestelen zich dan tussen de tanden en het tandvlees en breken vervolgens de vezels en het kaakbot af. Hierdoor ontstaat een verdiepte ruimte (pocket) tussen de tand en het tandvlees, die zich langzaam vult met tandplak en tandsteen. Gaat deze afbraak door tot aan de wortelpunt, dan verliezen tanden en kiezen hun houvast aan het steunweefsel (parodontium) en zullen ze los gaan zitten.<\/p><h3>Gezond tandvlees: de basis voor een goed gebit<\/h3><p>Bij elke periodieke controle kijken wij hoe gezond uw tandvlees is, of de vullingen goed aansluiten en of er ruimten onder de tandvleesrand (pockets) zijn. Waar nodig worden tandplak en tandsteen verwijderd. Ook kunnen we gebitsbeschermende middelen zoals fluoride aanbrengen en uw gebit polijsten. Voor tandvleesproblemen die de mondgezondheid bedreigen maken we een behandelplan.<\/p>","_et_gb_content_width":"","footnotes":""},"class_list":["post-481","page","type-page","status-publish","hentry"],"acf":[],"yoast_head":"<!-- This site is optimized with the Yoast SEO plugin v27.3 - https:\/\/yoast.com\/product\/yoast-seo-wordpress\/ -->\n<title>tandvlees ontsteking - Orange Dental: tu dentista en Moraira<\/title>\n<meta name=\"description\" content=\"Las enc\u00edas inflamadas tienen un aspecto suave, enrojecido e hinchado y pueden sangrar f\u00e1cilmente durante el cepillado.\" \/>\n<meta name=\"robots\" content=\"index, follow, max-snippet:-1, max-image-preview:large, max-video-preview:-1\" \/>\n<link rel=\"canonical\" href=\"https:\/\/www.orangedental.es\/es\/tratamientos\/periodontologia\/\" \/>\n<meta property=\"og:locale\" content=\"es_ES\" \/>\n<meta property=\"og:type\" content=\"article\" \/>\n<meta property=\"og:title\" content=\"tandvlees ontsteking - Orange Dental: tu dentista en Moraira\" \/>\n<meta property=\"og:description\" content=\"Las enc\u00edas inflamadas tienen un aspecto suave, enrojecido e hinchado y pueden sangrar f\u00e1cilmente durante el cepillado.\" \/>\n<meta property=\"og:url\" content=\"https:\/\/www.orangedental.es\/es\/tratamientos\/periodontologia\/\" \/>\n<meta property=\"og:site_name\" content=\"Orange Dental\" \/>\n<meta property=\"article:publisher\" content=\"https:\/\/www.facebook.com\/orangedentalmoraira\/\" \/>\n<meta property=\"article:modified_time\" content=\"2018-09-11T15:46:55+00:00\" \/>\n<meta name=\"twitter:card\" content=\"summary_large_image\" \/>\n<meta name=\"twitter:label1\" content=\"Tiempo de lectura\" \/>\n\t<meta name=\"twitter:data1\" content=\"2 minutos\" \/>\n<script type=\"application\/ld+json\" class=\"yoast-schema-graph\">{\"@context\":\"https:\\\/\\\/schema.org\",\"@graph\":[{\"@type\":\"WebPage\",\"@id\":\"https:\\\/\\\/www.orangedental.es\\\/es\\\/tratamientos\\\/periodontologia\\\/\",\"url\":\"https:\\\/\\\/www.orangedental.es\\\/es\\\/tratamientos\\\/periodontologia\\\/\",\"name\":\"tandvlees ontsteking - Orange Dental: tu dentista en Moraira\",\"isPartOf\":{\"@id\":\"https:\\\/\\\/www.orangedental.es\\\/es\\\/#website\"},\"datePublished\":\"2017-06-29T11:26:55+00:00\",\"dateModified\":\"2018-09-11T15:46:55+00:00\",\"description\":\"Las enc\u00edas inflamadas tienen un aspecto suave, enrojecido e hinchado y pueden sangrar f\u00e1cilmente durante el cepillado.\",\"breadcrumb\":{\"@id\":\"https:\\\/\\\/www.orangedental.es\\\/es\\\/tratamientos\\\/periodontologia\\\/#breadcrumb\"},\"inLanguage\":\"es\",\"potentialAction\":[{\"@type\":\"ReadAction\",\"target\":[\"https:\\\/\\\/www.orangedental.es\\\/es\\\/tratamientos\\\/periodontologia\\\/\"]}]},{\"@type\":\"BreadcrumbList\",\"@id\":\"https:\\\/\\\/www.orangedental.es\\\/es\\\/tratamientos\\\/periodontologia\\\/#breadcrumb\",\"itemListElement\":[{\"@type\":\"ListItem\",\"position\":1,\"name\":\"Home\",\"item\":\"https:\\\/\\\/www.orangedental.es\\\/es\\\/\"},{\"@type\":\"ListItem\",\"position\":2,\"name\":\"Tratamientos\",\"item\":\"https:\\\/\\\/www.orangedental.es\\\/es\\\/tratamientos\\\/\"},{\"@type\":\"ListItem\",\"position\":3,\"name\":\"Periodontolog\u00eda\"}]},{\"@type\":\"WebSite\",\"@id\":\"https:\\\/\\\/www.orangedental.es\\\/es\\\/#website\",\"url\":\"https:\\\/\\\/www.orangedental.es\\\/es\\\/\",\"name\":\"Orange Dental\",\"description\":\"\u00a1Unos dientes sanos y una sonrisa resplandeciente!\",\"publisher\":{\"@id\":\"https:\\\/\\\/www.orangedental.es\\\/es\\\/#organization\"},\"potentialAction\":[{\"@type\":\"SearchAction\",\"target\":{\"@type\":\"EntryPoint\",\"urlTemplate\":\"https:\\\/\\\/www.orangedental.es\\\/es\\\/?s={search_term_string}\"},\"query-input\":{\"@type\":\"PropertyValueSpecification\",\"valueRequired\":true,\"valueName\":\"search_term_string\"}}],\"inLanguage\":\"es\"},{\"@type\":\"Organization\",\"@id\":\"https:\\\/\\\/www.orangedental.es\\\/es\\\/#organization\",\"name\":\"Orange Dental\",\"url\":\"https:\\\/\\\/www.orangedental.es\\\/es\\\/\",\"logo\":{\"@type\":\"ImageObject\",\"inLanguage\":\"es\",\"@id\":\"https:\\\/\\\/www.orangedental.es\\\/es\\\/#\\\/schema\\\/logo\\\/image\\\/\",\"url\":\"https:\\\/\\\/i0.wp.com\\\/www.orangedental.es\\\/wp-content\\\/uploads\\\/2017\\\/06\\\/logo-Orange-Dental-cmyk.png?fit=585%2C238&ssl=1\",\"contentUrl\":\"https:\\\/\\\/i0.wp.com\\\/www.orangedental.es\\\/wp-content\\\/uploads\\\/2017\\\/06\\\/logo-Orange-Dental-cmyk.png?fit=585%2C238&ssl=1\",\"width\":585,\"height\":238,\"caption\":\"Orange Dental\"},\"image\":{\"@id\":\"https:\\\/\\\/www.orangedental.es\\\/es\\\/#\\\/schema\\\/logo\\\/image\\\/\"},\"sameAs\":[\"https:\\\/\\\/www.facebook.com\\\/orangedentalmoraira\\\/\"]}]}<\/script>\n<!-- \/ Yoast SEO plugin. -->","yoast_head_json":{"title":"tandvlees ontsteking - Orange Dental: tu dentista en Moraira","description":"Las enc\u00edas inflamadas tienen un aspecto suave, enrojecido e hinchado y pueden sangrar f\u00e1cilmente durante el cepillado.","robots":{"index":"index","follow":"follow","max-snippet":"max-snippet:-1","max-image-preview":"max-image-preview:large","max-video-preview":"max-video-preview:-1"},"canonical":"https:\/\/www.orangedental.es\/es\/tratamientos\/periodontologia\/","og_locale":"es_ES","og_type":"article","og_title":"tandvlees ontsteking - Orange Dental: tu dentista en Moraira","og_description":"Las enc\u00edas inflamadas tienen un aspecto suave, enrojecido e hinchado y pueden sangrar f\u00e1cilmente durante el cepillado.","og_url":"https:\/\/www.orangedental.es\/es\/tratamientos\/periodontologia\/","og_site_name":"Orange Dental","article_publisher":"https:\/\/www.facebook.com\/orangedentalmoraira\/","article_modified_time":"2018-09-11T15:46:55+00:00","twitter_card":"summary_large_image","twitter_misc":{"Tiempo de lectura":"2 minutos"},"schema":{"@context":"https:\/\/schema.org","@graph":[{"@type":"WebPage","@id":"https:\/\/www.orangedental.es\/es\/tratamientos\/periodontologia\/","url":"https:\/\/www.orangedental.es\/es\/tratamientos\/periodontologia\/","name":"tandvlees ontsteking - Orange Dental: tu dentista en Moraira","isPartOf":{"@id":"https:\/\/www.orangedental.es\/es\/#website"},"datePublished":"2017-06-29T11:26:55+00:00","dateModified":"2018-09-11T15:46:55+00:00","description":"Las enc\u00edas inflamadas tienen un aspecto suave, enrojecido e hinchado y pueden sangrar f\u00e1cilmente durante el cepillado.","breadcrumb":{"@id":"https:\/\/www.orangedental.es\/es\/tratamientos\/periodontologia\/#breadcrumb"},"inLanguage":"es","potentialAction":[{"@type":"ReadAction","target":["https:\/\/www.orangedental.es\/es\/tratamientos\/periodontologia\/"]}]},{"@type":"BreadcrumbList","@id":"https:\/\/www.orangedental.es\/es\/tratamientos\/periodontologia\/#breadcrumb","itemListElement":[{"@type":"ListItem","position":1,"name":"Home","item":"https:\/\/www.orangedental.es\/es\/"},{"@type":"ListItem","position":2,"name":"Tratamientos","item":"https:\/\/www.orangedental.es\/es\/tratamientos\/"},{"@type":"ListItem","position":3,"name":"Periodontolog\u00eda"}]},{"@type":"WebSite","@id":"https:\/\/www.orangedental.es\/es\/#website","url":"https:\/\/www.orangedental.es\/es\/","name":"Orange Dental","description":"\u00a1Unos dientes sanos y una sonrisa resplandeciente!","publisher":{"@id":"https:\/\/www.orangedental.es\/es\/#organization"},"potentialAction":[{"@type":"SearchAction","target":{"@type":"EntryPoint","urlTemplate":"https:\/\/www.orangedental.es\/es\/?s={search_term_string}"},"query-input":{"@type":"PropertyValueSpecification","valueRequired":true,"valueName":"search_term_string"}}],"inLanguage":"es"},{"@type":"Organization","@id":"https:\/\/www.orangedental.es\/es\/#organization","name":"Orange Dental","url":"https:\/\/www.orangedental.es\/es\/","logo":{"@type":"ImageObject","inLanguage":"es","@id":"https:\/\/www.orangedental.es\/es\/#\/schema\/logo\/image\/","url":"https:\/\/i0.wp.com\/www.orangedental.es\/wp-content\/uploads\/2017\/06\/logo-Orange-Dental-cmyk.png?fit=585%2C238&ssl=1","contentUrl":"https:\/\/i0.wp.com\/www.orangedental.es\/wp-content\/uploads\/2017\/06\/logo-Orange-Dental-cmyk.png?fit=585%2C238&ssl=1","width":585,"height":238,"caption":"Orange Dental"},"image":{"@id":"https:\/\/www.orangedental.es\/es\/#\/schema\/logo\/image\/"},"sameAs":["https:\/\/www.facebook.com\/orangedentalmoraira\/"]}]}},"_links":{"self":[{"href":"https:\/\/www.orangedental.es\/es\/wp-json\/wp\/v2\/pages\/481","targetHints":{"allow":["GET"]}}],"collection":[{"href":"https:\/\/www.orangedental.es\/es\/wp-json\/wp\/v2\/pages"}],"about":[{"href":"https:\/\/www.orangedental.es\/es\/wp-json\/wp\/v2\/types\/page"}],"author":[{"embeddable":true,"href":"https:\/\/www.orangedental.es\/es\/wp-json\/wp\/v2\/users\/1"}],"replies":[{"embeddable":true,"href":"https:\/\/www.orangedental.es\/es\/wp-json\/wp\/v2\/comments?post=481"}],"version-history":[{"count":2,"href":"https:\/\/www.orangedental.es\/es\/wp-json\/wp\/v2\/pages\/481\/revisions"}],"predecessor-version":[{"id":970,"href":"https:\/\/www.orangedental.es\/es\/wp-json\/wp\/v2\/pages\/481\/revisions\/970"}],"up":[{"embeddable":true,"href":"https:\/\/www.orangedental.es\/es\/wp-json\/wp\/v2\/pages\/461"}],"wp:attachment":[{"href":"https:\/\/www.orangedental.es\/es\/wp-json\/wp\/v2\/media?parent=481"}],"curies":[{"name":"wp","href":"https:\/\/api.w.org\/{rel}","templated":true}]}}