{"id":469,"date":"2017-06-21T16:32:06","date_gmt":"2017-06-21T14:32:06","guid":{"rendered":"http:\/\/www.orangedental.es\/nuestra-practica\/nuestro-equipo\/"},"modified":"2023-06-29T11:34:22","modified_gmt":"2023-06-29T09:34:22","slug":"nuestro-equipo","status":"publish","type":"page","link":"https:\/\/www.orangedental.es\/es\/nuestra-practica\/nuestro-equipo\/","title":{"rendered":"Nuestro equipo"},"content":{"rendered":"[et_pb_section bb_built=\u00bb1&#8243; admin_label=\u00bbsection\u00bb inner_width=\u00bbauto\u00bb inner_max_width=\u00bb1080px\u00bb][et_pb_row admin_label=\u00bbrow\u00bb background_position=\u00bbtop_left\u00bb background_repeat=\u00bbrepeat\u00bb background_size=\u00bbinitial\u00bb width=\u00bb80%\u00bb max_width=\u00bb1080px\u00bb][et_pb_column type=\u00bb4_4&#8243; custom_padding__hover=\u00bb|||\u00bb custom_padding=\u00bb|||\u00bb][et_pb_text admin_label=\u00bbtitel &#8211; Ons team\u00bb _builder_version=\u00bb4.21.0&#8243; background_layout=\u00bblight\u00bb text_orientation=\u00bbleft\u00bb border_style=\u00bbsolid\u00bb]\n<h1>Nuestro equipo<\/h1>\n[\/et_pb_text][\/et_pb_column][\/et_pb_row][et_pb_row][et_pb_column type=\u00bb1_2&#8243; custom_padding__hover=\u00bb|||\u00bb custom_padding=\u00bb|||\u00bb][et_pb_image admin_label=\u00bbAfbeelding rutger\u00bb _builder_version=\u00bb4.21.0&#8243; src=\u00bbhttps:\/\/www.orangedental.es\/wp-content\/uploads\/2018\/06\/rutger.jpg\u00bb background_pattern_color=\u00bbrgba(0,0,0,0.2)\u00bb background_mask_color=\u00bb#ffffff\u00bb box_shadow_horizontal_tablet=\u00bb0px\u00bb box_shadow_vertical_tablet=\u00bb0px\u00bb box_shadow_blur_tablet=\u00bb40px\u00bb box_shadow_spread_tablet=\u00bb0px\u00bb vertical_offset_tablet=\u00bb0&#8243; horizontal_offset_tablet=\u00bb0&#8243; z_index_tablet=\u00bb0&#8243; \/][et_pb_text admin_label=\u00bbTekst rutger\u00bb _builder_version=\u00bb4.21.0&#8243; background_pattern_color=\u00bbrgba(0,0,0,0.2)\u00bb background_mask_color=\u00bb#ffffff\u00bb text_text_shadow_horizontal_length=\u00bbtext_text_shadow_style,%91object Object%93&#8243; text_text_shadow_horizontal_length_tablet=\u00bb0px\u00bb text_text_shadow_vertical_length=\u00bbtext_text_shadow_style,%91object Object%93&#8243; text_text_shadow_vertical_length_tablet=\u00bb0px\u00bb text_text_shadow_blur_strength=\u00bbtext_text_shadow_style,%91object Object%93&#8243; text_text_shadow_blur_strength_tablet=\u00bb1px\u00bb link_text_shadow_horizontal_length=\u00bblink_text_shadow_style,%91object Object%93&#8243; link_text_shadow_horizontal_length_tablet=\u00bb0px\u00bb link_text_shadow_vertical_length=\u00bblink_text_shadow_style,%91object Object%93&#8243; link_text_shadow_vertical_length_tablet=\u00bb0px\u00bb link_text_shadow_blur_strength=\u00bblink_text_shadow_style,%91object Object%93&#8243; link_text_shadow_blur_strength_tablet=\u00bb1px\u00bb ul_text_shadow_horizontal_length=\u00bbul_text_shadow_style,%91object Object%93&#8243; ul_text_shadow_horizontal_length_tablet=\u00bb0px\u00bb ul_text_shadow_vertical_length=\u00bbul_text_shadow_style,%91object Object%93&#8243; ul_text_shadow_vertical_length_tablet=\u00bb0px\u00bb ul_text_shadow_blur_strength=\u00bbul_text_shadow_style,%91object Object%93&#8243; ul_text_shadow_blur_strength_tablet=\u00bb1px\u00bb ol_text_shadow_horizontal_length=\u00bbol_text_shadow_style,%91object Object%93&#8243; ol_text_shadow_horizontal_length_tablet=\u00bb0px\u00bb ol_text_shadow_vertical_length=\u00bbol_text_shadow_style,%91object Object%93&#8243; ol_text_shadow_vertical_length_tablet=\u00bb0px\u00bb ol_text_shadow_blur_strength=\u00bbol_text_shadow_style,%91object Object%93&#8243; ol_text_shadow_blur_strength_tablet=\u00bb1px\u00bb quote_text_shadow_horizontal_length=\u00bbquote_text_shadow_style,%91object Object%93&#8243; quote_text_shadow_horizontal_length_tablet=\u00bb0px\u00bb quote_text_shadow_vertical_length=\u00bbquote_text_shadow_style,%91object Object%93&#8243; quote_text_shadow_vertical_length_tablet=\u00bb0px\u00bb quote_text_shadow_blur_strength=\u00bbquote_text_shadow_style,%91object Object%93&#8243; quote_text_shadow_blur_strength_tablet=\u00bb1px\u00bb header_text_shadow_horizontal_length=\u00bbheader_text_shadow_style,%91object Object%93&#8243; header_text_shadow_horizontal_length_tablet=\u00bb0px\u00bb header_text_shadow_vertical_length=\u00bbheader_text_shadow_style,%91object Object%93&#8243; header_text_shadow_vertical_length_tablet=\u00bb0px\u00bb header_text_shadow_blur_strength=\u00bbheader_text_shadow_style,%91object Object%93&#8243; header_text_shadow_blur_strength_tablet=\u00bb1px\u00bb header_2_text_shadow_horizontal_length=\u00bbheader_2_text_shadow_style,%91object Object%93&#8243; header_2_text_shadow_horizontal_length_tablet=\u00bb0px\u00bb header_2_text_shadow_vertical_length=\u00bbheader_2_text_shadow_style,%91object Object%93&#8243; header_2_text_shadow_vertical_length_tablet=\u00bb0px\u00bb header_2_text_shadow_blur_strength=\u00bbheader_2_text_shadow_style,%91object Object%93&#8243; header_2_text_shadow_blur_strength_tablet=\u00bb1px\u00bb header_3_text_shadow_horizontal_length=\u00bbheader_3_text_shadow_style,%91object Object%93&#8243; header_3_text_shadow_horizontal_length_tablet=\u00bb0px\u00bb header_3_text_shadow_vertical_length=\u00bbheader_3_text_shadow_style,%91object Object%93&#8243; header_3_text_shadow_vertical_length_tablet=\u00bb0px\u00bb header_3_text_shadow_blur_strength=\u00bbheader_3_text_shadow_style,%91object Object%93&#8243; header_3_text_shadow_blur_strength_tablet=\u00bb1px\u00bb header_4_text_shadow_horizontal_length=\u00bbheader_4_text_shadow_style,%91object Object%93&#8243; header_4_text_shadow_horizontal_length_tablet=\u00bb0px\u00bb header_4_text_shadow_vertical_length=\u00bbheader_4_text_shadow_style,%91object Object%93&#8243; header_4_text_shadow_vertical_length_tablet=\u00bb0px\u00bb header_4_text_shadow_blur_strength=\u00bbheader_4_text_shadow_style,%91object Object%93&#8243; header_4_text_shadow_blur_strength_tablet=\u00bb1px\u00bb header_5_text_shadow_horizontal_length=\u00bbheader_5_text_shadow_style,%91object Object%93&#8243; header_5_text_shadow_horizontal_length_tablet=\u00bb0px\u00bb header_5_text_shadow_vertical_length=\u00bbheader_5_text_shadow_style,%91object Object%93&#8243; header_5_text_shadow_vertical_length_tablet=\u00bb0px\u00bb header_5_text_shadow_blur_strength=\u00bbheader_5_text_shadow_style,%91object Object%93&#8243; header_5_text_shadow_blur_strength_tablet=\u00bb1px\u00bb header_6_text_shadow_horizontal_length=\u00bbheader_6_text_shadow_style,%91object Object%93&#8243; header_6_text_shadow_horizontal_length_tablet=\u00bb0px\u00bb header_6_text_shadow_vertical_length=\u00bbheader_6_text_shadow_style,%91object Object%93&#8243; header_6_text_shadow_vertical_length_tablet=\u00bb0px\u00bb header_6_text_shadow_blur_strength=\u00bbheader_6_text_shadow_style,%91object Object%93&#8243; header_6_text_shadow_blur_strength_tablet=\u00bb1px\u00bb box_shadow_horizontal_tablet=\u00bb0px\u00bb box_shadow_vertical_tablet=\u00bb0px\u00bb box_shadow_blur_tablet=\u00bb40px\u00bb box_shadow_spread_tablet=\u00bb0px\u00bb vertical_offset_tablet=\u00bb0&#8243; horizontal_offset_tablet=\u00bb0&#8243; z_index_tablet=\u00bb0&#8243;]\n<h3><strong>Rutger Baerends<\/strong><\/h3>\n<p>Dentista<\/p>\n<hr \/>\n<p>Rutger se especializa en implantolog\u00eda, odontolog\u00eda cosm\u00e9tica y endodoncia (tratamientos de conducto).<\/p>\n<p>Trabaj\u00f3 en varios consultorios dentales en los Pa\u00edses Bajos, incluida una cl\u00ednica privada, antes de establecerse en Espa\u00f1a.<\/p>\n<p>Se gradu\u00f3 en el Centro Acad\u00e9mico de Odontolog\u00eda (ACTA) de \u00c1msterdam en 1999 y posteriormente realiz\u00f3 cursos de posgrado en microcirug\u00eda endod\u00f3ntica e implantolog\u00eda.<\/p>\n<p>Es miembro de la Sociedad Holandesa de Endodoncia (NVVE) y de la Sociedad Holandesa de Implantolog\u00eda Oral (NVOI).<\/p>\n<p>Habla holand\u00e9s e ingl\u00e9s y un conocimiento pr\u00e1ctico del alem\u00e1n.<\/p>\n<p>N\u00famero de colegiado \u2013 03003389<\/p>\n[\/et_pb_text][\/et_pb_column][et_pb_column type=\u00bb1_2&#8243; custom_padding__hover=\u00bb|||\u00bb custom_padding=\u00bb|||\u00bb][et_pb_image _builder_version=\u00bb4.21.0&#8243; src=\u00bbhttps:\/\/www.orangedental.es\/wp-content\/uploads\/2018\/06\/yvonne.jpg\u00bb background_pattern_color=\u00bbrgba(0,0,0,0.2)\u00bb background_mask_color=\u00bb#ffffff\u00bb box_shadow_horizontal_tablet=\u00bb0px\u00bb box_shadow_vertical_tablet=\u00bb0px\u00bb box_shadow_blur_tablet=\u00bb40px\u00bb box_shadow_spread_tablet=\u00bb0px\u00bb vertical_offset_tablet=\u00bb0&#8243; horizontal_offset_tablet=\u00bb0&#8243; z_index_tablet=\u00bb0&#8243; \/][et_pb_text _builder_version=\u00bb4.21.0&#8243; background_pattern_color=\u00bbrgba(0,0,0,0.2)\u00bb background_mask_color=\u00bb#ffffff\u00bb text_text_shadow_horizontal_length=\u00bbtext_text_shadow_style,%91object Object%93&#8243; text_text_shadow_horizontal_length_tablet=\u00bb0px\u00bb text_text_shadow_vertical_length=\u00bbtext_text_shadow_style,%91object Object%93&#8243; text_text_shadow_vertical_length_tablet=\u00bb0px\u00bb text_text_shadow_blur_strength=\u00bbtext_text_shadow_style,%91object Object%93&#8243; text_text_shadow_blur_strength_tablet=\u00bb1px\u00bb link_text_shadow_horizontal_length=\u00bblink_text_shadow_style,%91object Object%93&#8243; link_text_shadow_horizontal_length_tablet=\u00bb0px\u00bb link_text_shadow_vertical_length=\u00bblink_text_shadow_style,%91object Object%93&#8243; link_text_shadow_vertical_length_tablet=\u00bb0px\u00bb link_text_shadow_blur_strength=\u00bblink_text_shadow_style,%91object Object%93&#8243; link_text_shadow_blur_strength_tablet=\u00bb1px\u00bb ul_text_shadow_horizontal_length=\u00bbul_text_shadow_style,%91object Object%93&#8243; ul_text_shadow_horizontal_length_tablet=\u00bb0px\u00bb ul_text_shadow_vertical_length=\u00bbul_text_shadow_style,%91object Object%93&#8243; ul_text_shadow_vertical_length_tablet=\u00bb0px\u00bb ul_text_shadow_blur_strength=\u00bbul_text_shadow_style,%91object Object%93&#8243; ul_text_shadow_blur_strength_tablet=\u00bb1px\u00bb ol_text_shadow_horizontal_length=\u00bbol_text_shadow_style,%91object Object%93&#8243; ol_text_shadow_horizontal_length_tablet=\u00bb0px\u00bb ol_text_shadow_vertical_length=\u00bbol_text_shadow_style,%91object Object%93&#8243; ol_text_shadow_vertical_length_tablet=\u00bb0px\u00bb ol_text_shadow_blur_strength=\u00bbol_text_shadow_style,%91object Object%93&#8243; ol_text_shadow_blur_strength_tablet=\u00bb1px\u00bb quote_text_shadow_horizontal_length=\u00bbquote_text_shadow_style,%91object Object%93&#8243; quote_text_shadow_horizontal_length_tablet=\u00bb0px\u00bb quote_text_shadow_vertical_length=\u00bbquote_text_shadow_style,%91object Object%93&#8243; quote_text_shadow_vertical_length_tablet=\u00bb0px\u00bb quote_text_shadow_blur_strength=\u00bbquote_text_shadow_style,%91object Object%93&#8243; quote_text_shadow_blur_strength_tablet=\u00bb1px\u00bb header_text_shadow_horizontal_length=\u00bbheader_text_shadow_style,%91object Object%93&#8243; header_text_shadow_horizontal_length_tablet=\u00bb0px\u00bb header_text_shadow_vertical_length=\u00bbheader_text_shadow_style,%91object Object%93&#8243; header_text_shadow_vertical_length_tablet=\u00bb0px\u00bb header_text_shadow_blur_strength=\u00bbheader_text_shadow_style,%91object Object%93&#8243; header_text_shadow_blur_strength_tablet=\u00bb1px\u00bb header_2_text_shadow_horizontal_length=\u00bbheader_2_text_shadow_style,%91object Object%93&#8243; header_2_text_shadow_horizontal_length_tablet=\u00bb0px\u00bb header_2_text_shadow_vertical_length=\u00bbheader_2_text_shadow_style,%91object Object%93&#8243; header_2_text_shadow_vertical_length_tablet=\u00bb0px\u00bb header_2_text_shadow_blur_strength=\u00bbheader_2_text_shadow_style,%91object Object%93&#8243; header_2_text_shadow_blur_strength_tablet=\u00bb1px\u00bb header_3_text_shadow_horizontal_length=\u00bbheader_3_text_shadow_style,%91object Object%93&#8243; header_3_text_shadow_horizontal_length_tablet=\u00bb0px\u00bb header_3_text_shadow_vertical_length=\u00bbheader_3_text_shadow_style,%91object Object%93&#8243; header_3_text_shadow_vertical_length_tablet=\u00bb0px\u00bb header_3_text_shadow_blur_strength=\u00bbheader_3_text_shadow_style,%91object Object%93&#8243; header_3_text_shadow_blur_strength_tablet=\u00bb1px\u00bb header_4_text_shadow_horizontal_length=\u00bbheader_4_text_shadow_style,%91object Object%93&#8243; header_4_text_shadow_horizontal_length_tablet=\u00bb0px\u00bb header_4_text_shadow_vertical_length=\u00bbheader_4_text_shadow_style,%91object Object%93&#8243; header_4_text_shadow_vertical_length_tablet=\u00bb0px\u00bb header_4_text_shadow_blur_strength=\u00bbheader_4_text_shadow_style,%91object Object%93&#8243; header_4_text_shadow_blur_strength_tablet=\u00bb1px\u00bb header_5_text_shadow_horizontal_length=\u00bbheader_5_text_shadow_style,%91object Object%93&#8243; header_5_text_shadow_horizontal_length_tablet=\u00bb0px\u00bb header_5_text_shadow_vertical_length=\u00bbheader_5_text_shadow_style,%91object Object%93&#8243; header_5_text_shadow_vertical_length_tablet=\u00bb0px\u00bb header_5_text_shadow_blur_strength=\u00bbheader_5_text_shadow_style,%91object Object%93&#8243; header_5_text_shadow_blur_strength_tablet=\u00bb1px\u00bb header_6_text_shadow_horizontal_length=\u00bbheader_6_text_shadow_style,%91object Object%93&#8243; header_6_text_shadow_horizontal_length_tablet=\u00bb0px\u00bb header_6_text_shadow_vertical_length=\u00bbheader_6_text_shadow_style,%91object Object%93&#8243; header_6_text_shadow_vertical_length_tablet=\u00bb0px\u00bb header_6_text_shadow_blur_strength=\u00bbheader_6_text_shadow_style,%91object Object%93&#8243; header_6_text_shadow_blur_strength_tablet=\u00bb1px\u00bb box_shadow_horizontal_tablet=\u00bb0px\u00bb box_shadow_vertical_tablet=\u00bb0px\u00bb box_shadow_blur_tablet=\u00bb40px\u00bb box_shadow_spread_tablet=\u00bb0px\u00bb vertical_offset_tablet=\u00bb0&#8243; horizontal_offset_tablet=\u00bb0&#8243; z_index_tablet=\u00bb0&#8243;]\n<h3><strong>Yvonne<\/strong><\/h3>\n<p>Asistente dental<\/p>\n<hr \/>\n<p>Yvonne naci\u00f3 en Berl\u00edn y termin\u00f3 su formaci\u00f3n escolar en Alemania antes de mudarse a Espa\u00f1a en 1996.<\/p>\n<p>Aqu\u00ed se form\u00f3 para ser enfermera dental.<\/p>\n<p>Desde entonces, Yvonne trabaj\u00f3 a lo largo de los a\u00f1os en varias cl\u00ednicas dentales y m\u00e9dicas diferentes, donde adem\u00e1s de enfermer\u00eda, trabaj\u00f3 como recepcionista, administradora, directora de la cl\u00ednica e higienista dental.<\/p>\n<p>Yvonne habla alem\u00e1n, ingl\u00e9s y espa\u00f1ol&#8230; y est\u00e1 aprendiendo a hablar holand\u00e9s.<\/p>\n[\/et_pb_text][\/et_pb_column][\/et_pb_row][\/et_pb_section]\n","protected":false},"excerpt":{"rendered":"<p>Nuestro equipo <div class=\"et_pb_row et_pb_row_0 et_pb_row_empty\">\n\t\t\t\t\n\t\t\t\t\n\t\t\t\t\n\t\t\t\t\n\t\t\t\t\n\t\t\t<\/div> Rutger Baerends Dentista Rutger se especializa en implantolog\u00eda, odontolog\u00eda cosm\u00e9tica y endodoncia (tratamientos de conducto). Trabaj\u00f3 en varios consultorios dentales en los Pa\u00edses Bajos, incluida una cl\u00ednica privada, antes de establecerse en Espa\u00f1a. Se gradu\u00f3 en el Centro Acad\u00e9mico de Odontolog\u00eda (ACTA) de \u00c1msterdam en 1999 y posteriormente realiz\u00f3 cursos de posgrado [&hellip;]<\/p>\n","protected":false},"author":1,"featured_media":0,"parent":406,"menu_order":10,"comment_status":"closed","ping_status":"closed","template":"","meta":{"_acf_changed":false,"_et_pb_use_builder":"on","_et_pb_old_content":"","_et_gb_content_width":"","footnotes":""},"class_list":["post-469","page","type-page","status-publish","hentry"],"acf":[],"yoast_head":"<!-- This site is optimized with the Yoast SEO plugin v27.6 - https:\/\/yoast.com\/product\/yoast-seo-wordpress\/ -->\n<title>Nuestro equipo - Orange Dental: su dentista en Moraira y Benitachell<\/title>\n<meta name=\"description\" content=\"El equipo profesional de Orange Dental: su dentista en Moraira, est\u00e1 formado por el dentista Rutger Baerends y el dentista Assisitente Yvonne\" \/>\n<meta name=\"robots\" content=\"index, follow, max-snippet:-1, max-image-preview:large, max-video-preview:-1\" \/>\n<link rel=\"canonical\" href=\"https:\/\/www.orangedental.es\/es\/nuestra-practica\/nuestro-equipo\/\" \/>\n<meta property=\"og:locale\" content=\"es_ES\" \/>\n<meta property=\"og:type\" content=\"article\" \/>\n<meta property=\"og:title\" content=\"Nuestro equipo - Orange Dental: su dentista en Moraira y Benitachell\" \/>\n<meta property=\"og:description\" content=\"El equipo profesional de Orange Dental: su dentista en Moraira, est\u00e1 formado por el dentista Rutger Baerends y el dentista Assisitente Yvonne\" \/>\n<meta property=\"og:url\" content=\"https:\/\/www.orangedental.es\/es\/nuestra-practica\/nuestro-equipo\/\" \/>\n<meta property=\"og:site_name\" content=\"Orange Dental\" \/>\n<meta property=\"article:publisher\" content=\"https:\/\/www.facebook.com\/orangedentalmoraira\/\" \/>\n<meta property=\"article:modified_time\" content=\"2023-06-29T09:34:22+00:00\" \/>\n<meta name=\"twitter:card\" content=\"summary_large_image\" \/>\n<meta name=\"twitter:label1\" content=\"Tiempo de lectura\" \/>\n\t<meta name=\"twitter:data1\" content=\"8 minutos\" \/>\n<script type=\"application\/ld+json\" class=\"yoast-schema-graph\">{\"@context\":\"https:\\\/\\\/schema.org\",\"@graph\":[{\"@type\":\"WebPage\",\"@id\":\"https:\\\/\\\/www.orangedental.es\\\/es\\\/nuestra-practica\\\/nuestro-equipo\\\/\",\"url\":\"https:\\\/\\\/www.orangedental.es\\\/es\\\/nuestra-practica\\\/nuestro-equipo\\\/\",\"name\":\"Nuestro equipo - Orange Dental: su dentista en Moraira y Benitachell\",\"isPartOf\":{\"@id\":\"https:\\\/\\\/www.orangedental.es\\\/es\\\/#website\"},\"datePublished\":\"2017-06-21T14:32:06+00:00\",\"dateModified\":\"2023-06-29T09:34:22+00:00\",\"description\":\"El equipo profesional de Orange Dental: su dentista en Moraira, est\u00e1 formado por el dentista Rutger Baerends y el dentista Assisitente Yvonne\",\"breadcrumb\":{\"@id\":\"https:\\\/\\\/www.orangedental.es\\\/es\\\/nuestra-practica\\\/nuestro-equipo\\\/#breadcrumb\"},\"inLanguage\":\"es\",\"potentialAction\":[{\"@type\":\"ReadAction\",\"target\":[\"https:\\\/\\\/www.orangedental.es\\\/es\\\/nuestra-practica\\\/nuestro-equipo\\\/\"]}]},{\"@type\":\"BreadcrumbList\",\"@id\":\"https:\\\/\\\/www.orangedental.es\\\/es\\\/nuestra-practica\\\/nuestro-equipo\\\/#breadcrumb\",\"itemListElement\":[{\"@type\":\"ListItem\",\"position\":1,\"name\":\"Home\",\"item\":\"https:\\\/\\\/www.orangedental.es\\\/es\\\/\"},{\"@type\":\"ListItem\",\"position\":2,\"name\":\"Nuestra pr\u00e1ctica\",\"item\":\"https:\\\/\\\/www.orangedental.es\\\/es\\\/onze-praktijk\\\/\"},{\"@type\":\"ListItem\",\"position\":3,\"name\":\"Nuestro equipo\"}]},{\"@type\":\"WebSite\",\"@id\":\"https:\\\/\\\/www.orangedental.es\\\/es\\\/#website\",\"url\":\"https:\\\/\\\/www.orangedental.es\\\/es\\\/\",\"name\":\"Orange Dental\",\"description\":\"\u00a1Unos dientes sanos y una sonrisa resplandeciente!\",\"publisher\":{\"@id\":\"https:\\\/\\\/www.orangedental.es\\\/es\\\/#organization\"},\"potentialAction\":[{\"@type\":\"SearchAction\",\"target\":{\"@type\":\"EntryPoint\",\"urlTemplate\":\"https:\\\/\\\/www.orangedental.es\\\/es\\\/?s={search_term_string}\"},\"query-input\":{\"@type\":\"PropertyValueSpecification\",\"valueRequired\":true,\"valueName\":\"search_term_string\"}}],\"inLanguage\":\"es\"},{\"@type\":\"Organization\",\"@id\":\"https:\\\/\\\/www.orangedental.es\\\/es\\\/#organization\",\"name\":\"Orange Dental\",\"url\":\"https:\\\/\\\/www.orangedental.es\\\/es\\\/\",\"logo\":{\"@type\":\"ImageObject\",\"inLanguage\":\"es\",\"@id\":\"https:\\\/\\\/www.orangedental.es\\\/es\\\/#\\\/schema\\\/logo\\\/image\\\/\",\"url\":\"https:\\\/\\\/i0.wp.com\\\/www.orangedental.es\\\/wp-content\\\/uploads\\\/2017\\\/06\\\/logo-Orange-Dental-cmyk.png?fit=585%2C238&ssl=1\",\"contentUrl\":\"https:\\\/\\\/i0.wp.com\\\/www.orangedental.es\\\/wp-content\\\/uploads\\\/2017\\\/06\\\/logo-Orange-Dental-cmyk.png?fit=585%2C238&ssl=1\",\"width\":585,\"height\":238,\"caption\":\"Orange Dental\"},\"image\":{\"@id\":\"https:\\\/\\\/www.orangedental.es\\\/es\\\/#\\\/schema\\\/logo\\\/image\\\/\"},\"sameAs\":[\"https:\\\/\\\/www.facebook.com\\\/orangedentalmoraira\\\/\"]}]}<\/script>\n<!-- \/ Yoast SEO plugin. -->","yoast_head_json":{"title":"Nuestro equipo - Orange Dental: su dentista en Moraira y Benitachell","description":"El equipo profesional de Orange Dental: su dentista en Moraira, est\u00e1 formado por el dentista Rutger Baerends y el dentista Assisitente Yvonne","robots":{"index":"index","follow":"follow","max-snippet":"max-snippet:-1","max-image-preview":"max-image-preview:large","max-video-preview":"max-video-preview:-1"},"canonical":"https:\/\/www.orangedental.es\/es\/nuestra-practica\/nuestro-equipo\/","og_locale":"es_ES","og_type":"article","og_title":"Nuestro equipo - Orange Dental: su dentista en Moraira y Benitachell","og_description":"El equipo profesional de Orange Dental: su dentista en Moraira, est\u00e1 formado por el dentista Rutger Baerends y el dentista Assisitente Yvonne","og_url":"https:\/\/www.orangedental.es\/es\/nuestra-practica\/nuestro-equipo\/","og_site_name":"Orange Dental","article_publisher":"https:\/\/www.facebook.com\/orangedentalmoraira\/","article_modified_time":"2023-06-29T09:34:22+00:00","twitter_card":"summary_large_image","twitter_misc":{"Tiempo de lectura":"8 minutos"},"schema":{"@context":"https:\/\/schema.org","@graph":[{"@type":"WebPage","@id":"https:\/\/www.orangedental.es\/es\/nuestra-practica\/nuestro-equipo\/","url":"https:\/\/www.orangedental.es\/es\/nuestra-practica\/nuestro-equipo\/","name":"Nuestro equipo - Orange Dental: su dentista en Moraira y Benitachell","isPartOf":{"@id":"https:\/\/www.orangedental.es\/es\/#website"},"datePublished":"2017-06-21T14:32:06+00:00","dateModified":"2023-06-29T09:34:22+00:00","description":"El equipo profesional de Orange Dental: su dentista en Moraira, est\u00e1 formado por el dentista Rutger Baerends y el dentista Assisitente Yvonne","breadcrumb":{"@id":"https:\/\/www.orangedental.es\/es\/nuestra-practica\/nuestro-equipo\/#breadcrumb"},"inLanguage":"es","potentialAction":[{"@type":"ReadAction","target":["https:\/\/www.orangedental.es\/es\/nuestra-practica\/nuestro-equipo\/"]}]},{"@type":"BreadcrumbList","@id":"https:\/\/www.orangedental.es\/es\/nuestra-practica\/nuestro-equipo\/#breadcrumb","itemListElement":[{"@type":"ListItem","position":1,"name":"Home","item":"https:\/\/www.orangedental.es\/es\/"},{"@type":"ListItem","position":2,"name":"Nuestra pr\u00e1ctica","item":"https:\/\/www.orangedental.es\/es\/onze-praktijk\/"},{"@type":"ListItem","position":3,"name":"Nuestro equipo"}]},{"@type":"WebSite","@id":"https:\/\/www.orangedental.es\/es\/#website","url":"https:\/\/www.orangedental.es\/es\/","name":"Orange Dental","description":"\u00a1Unos dientes sanos y una sonrisa resplandeciente!","publisher":{"@id":"https:\/\/www.orangedental.es\/es\/#organization"},"potentialAction":[{"@type":"SearchAction","target":{"@type":"EntryPoint","urlTemplate":"https:\/\/www.orangedental.es\/es\/?s={search_term_string}"},"query-input":{"@type":"PropertyValueSpecification","valueRequired":true,"valueName":"search_term_string"}}],"inLanguage":"es"},{"@type":"Organization","@id":"https:\/\/www.orangedental.es\/es\/#organization","name":"Orange Dental","url":"https:\/\/www.orangedental.es\/es\/","logo":{"@type":"ImageObject","inLanguage":"es","@id":"https:\/\/www.orangedental.es\/es\/#\/schema\/logo\/image\/","url":"https:\/\/i0.wp.com\/www.orangedental.es\/wp-content\/uploads\/2017\/06\/logo-Orange-Dental-cmyk.png?fit=585%2C238&ssl=1","contentUrl":"https:\/\/i0.wp.com\/www.orangedental.es\/wp-content\/uploads\/2017\/06\/logo-Orange-Dental-cmyk.png?fit=585%2C238&ssl=1","width":585,"height":238,"caption":"Orange Dental"},"image":{"@id":"https:\/\/www.orangedental.es\/es\/#\/schema\/logo\/image\/"},"sameAs":["https:\/\/www.facebook.com\/orangedentalmoraira\/"]}]}},"_links":{"self":[{"href":"https:\/\/www.orangedental.es\/es\/wp-json\/wp\/v2\/pages\/469","targetHints":{"allow":["GET"]}}],"collection":[{"href":"https:\/\/www.orangedental.es\/es\/wp-json\/wp\/v2\/pages"}],"about":[{"href":"https:\/\/www.orangedental.es\/es\/wp-json\/wp\/v2\/types\/page"}],"author":[{"embeddable":true,"href":"https:\/\/www.orangedental.es\/es\/wp-json\/wp\/v2\/users\/1"}],"replies":[{"embeddable":true,"href":"https:\/\/www.orangedental.es\/es\/wp-json\/wp\/v2\/comments?post=469"}],"version-history":[{"count":4,"href":"https:\/\/www.orangedental.es\/es\/wp-json\/wp\/v2\/pages\/469\/revisions"}],"predecessor-version":[{"id":1355,"href":"https:\/\/www.orangedental.es\/es\/wp-json\/wp\/v2\/pages\/469\/revisions\/1355"}],"up":[{"embeddable":true,"href":"https:\/\/www.orangedental.es\/es\/wp-json\/wp\/v2\/pages\/406"}],"wp:attachment":[{"href":"https:\/\/www.orangedental.es\/es\/wp-json\/wp\/v2\/media?parent=469"}],"curies":[{"name":"wp","href":"https:\/\/api.w.org\/{rel}","templated":true}]}}