{"id":458,"date":"2017-06-21T15:48:32","date_gmt":"2017-06-21T13:48:32","guid":{"rendered":"http:\/\/www.orangedental.es\/contacto\/"},"modified":"2023-07-26T12:01:17","modified_gmt":"2023-07-26T10:01:17","slug":"contacto","status":"publish","type":"page","link":"https:\/\/www.orangedental.es\/es\/contacto\/","title":{"rendered":"Contacto"},"content":{"rendered":"[et_pb_section bb_built=\u00bb1&#8243; admin_label=\u00bbsection\u00bb next_background_color=\u00bb#000000&#8243; inner_width=\u00bbauto\u00bb inner_max_width=\u00bb1080px\u00bb][et_pb_row admin_label=\u00bbrow\u00bb background_position=\u00bbtop_left\u00bb background_repeat=\u00bbrepeat\u00bb background_size=\u00bbinitial\u00bb width=\u00bb80%\u00bb max_width=\u00bb1080px\u00bb][et_pb_column type=\u00bb4_4&#8243; custom_padding__hover=\u00bb|||\u00bb custom_padding=\u00bb|||\u00bb][et_pb_text background_position=\u00bbtop_left\u00bb background_repeat=\u00bbrepeat\u00bb background_size=\u00bbinitial\u00bb _builder_version=\u00bb4.21.0&#8243; text_orientation=\u00bbjustified\u00bb background_pattern_color=\u00bbrgba(0,0,0,0.2)\u00bb background_mask_color=\u00bb#ffffff\u00bb text_text_shadow_horizontal_length=\u00bbtext_text_shadow_style,%91object Object%93&#8243; text_text_shadow_horizontal_length_tablet=\u00bb0px\u00bb text_text_shadow_vertical_length=\u00bbtext_text_shadow_style,%91object Object%93&#8243; text_text_shadow_vertical_length_tablet=\u00bb0px\u00bb text_text_shadow_blur_strength=\u00bbtext_text_shadow_style,%91object Object%93&#8243; text_text_shadow_blur_strength_tablet=\u00bb1px\u00bb link_text_shadow_horizontal_length=\u00bblink_text_shadow_style,%91object Object%93&#8243; link_text_shadow_horizontal_length_tablet=\u00bb0px\u00bb link_text_shadow_vertical_length=\u00bblink_text_shadow_style,%91object Object%93&#8243; link_text_shadow_vertical_length_tablet=\u00bb0px\u00bb link_text_shadow_blur_strength=\u00bblink_text_shadow_style,%91object Object%93&#8243; link_text_shadow_blur_strength_tablet=\u00bb1px\u00bb ul_text_shadow_horizontal_length=\u00bbul_text_shadow_style,%91object Object%93&#8243; ul_text_shadow_horizontal_length_tablet=\u00bb0px\u00bb ul_text_shadow_vertical_length=\u00bbul_text_shadow_style,%91object Object%93&#8243; ul_text_shadow_vertical_length_tablet=\u00bb0px\u00bb ul_text_shadow_blur_strength=\u00bbul_text_shadow_style,%91object Object%93&#8243; ul_text_shadow_blur_strength_tablet=\u00bb1px\u00bb ol_text_shadow_horizontal_length=\u00bbol_text_shadow_style,%91object Object%93&#8243; ol_text_shadow_horizontal_length_tablet=\u00bb0px\u00bb ol_text_shadow_vertical_length=\u00bbol_text_shadow_style,%91object Object%93&#8243; ol_text_shadow_vertical_length_tablet=\u00bb0px\u00bb ol_text_shadow_blur_strength=\u00bbol_text_shadow_style,%91object Object%93&#8243; ol_text_shadow_blur_strength_tablet=\u00bb1px\u00bb quote_text_shadow_horizontal_length=\u00bbquote_text_shadow_style,%91object Object%93&#8243; quote_text_shadow_horizontal_length_tablet=\u00bb0px\u00bb quote_text_shadow_vertical_length=\u00bbquote_text_shadow_style,%91object Object%93&#8243; quote_text_shadow_vertical_length_tablet=\u00bb0px\u00bb quote_text_shadow_blur_strength=\u00bbquote_text_shadow_style,%91object Object%93&#8243; quote_text_shadow_blur_strength_tablet=\u00bb1px\u00bb header_text_shadow_horizontal_length=\u00bbheader_text_shadow_style,%91object Object%93&#8243; header_text_shadow_horizontal_length_tablet=\u00bb0px\u00bb header_text_shadow_vertical_length=\u00bbheader_text_shadow_style,%91object Object%93&#8243; header_text_shadow_vertical_length_tablet=\u00bb0px\u00bb header_text_shadow_blur_strength=\u00bbheader_text_shadow_style,%91object Object%93&#8243; header_text_shadow_blur_strength_tablet=\u00bb1px\u00bb header_2_text_shadow_horizontal_length=\u00bbheader_2_text_shadow_style,%91object Object%93&#8243; header_2_text_shadow_horizontal_length_tablet=\u00bb0px\u00bb header_2_text_shadow_vertical_length=\u00bbheader_2_text_shadow_style,%91object Object%93&#8243; header_2_text_shadow_vertical_length_tablet=\u00bb0px\u00bb header_2_text_shadow_blur_strength=\u00bbheader_2_text_shadow_style,%91object Object%93&#8243; header_2_text_shadow_blur_strength_tablet=\u00bb1px\u00bb header_3_text_shadow_horizontal_length=\u00bbheader_3_text_shadow_style,%91object Object%93&#8243; header_3_text_shadow_horizontal_length_tablet=\u00bb0px\u00bb header_3_text_shadow_vertical_length=\u00bbheader_3_text_shadow_style,%91object Object%93&#8243; header_3_text_shadow_vertical_length_tablet=\u00bb0px\u00bb header_3_text_shadow_blur_strength=\u00bbheader_3_text_shadow_style,%91object Object%93&#8243; header_3_text_shadow_blur_strength_tablet=\u00bb1px\u00bb header_4_text_shadow_horizontal_length=\u00bbheader_4_text_shadow_style,%91object Object%93&#8243; header_4_text_shadow_horizontal_length_tablet=\u00bb0px\u00bb header_4_text_shadow_vertical_length=\u00bbheader_4_text_shadow_style,%91object Object%93&#8243; header_4_text_shadow_vertical_length_tablet=\u00bb0px\u00bb header_4_text_shadow_blur_strength=\u00bbheader_4_text_shadow_style,%91object Object%93&#8243; header_4_text_shadow_blur_strength_tablet=\u00bb1px\u00bb header_5_text_shadow_horizontal_length=\u00bbheader_5_text_shadow_style,%91object Object%93&#8243; header_5_text_shadow_horizontal_length_tablet=\u00bb0px\u00bb header_5_text_shadow_vertical_length=\u00bbheader_5_text_shadow_style,%91object Object%93&#8243; header_5_text_shadow_vertical_length_tablet=\u00bb0px\u00bb header_5_text_shadow_blur_strength=\u00bbheader_5_text_shadow_style,%91object Object%93&#8243; header_5_text_shadow_blur_strength_tablet=\u00bb1px\u00bb header_6_text_shadow_horizontal_length=\u00bbheader_6_text_shadow_style,%91object Object%93&#8243; header_6_text_shadow_horizontal_length_tablet=\u00bb0px\u00bb header_6_text_shadow_vertical_length=\u00bbheader_6_text_shadow_style,%91object Object%93&#8243; header_6_text_shadow_vertical_length_tablet=\u00bb0px\u00bb header_6_text_shadow_blur_strength=\u00bbheader_6_text_shadow_style,%91object Object%93&#8243; header_6_text_shadow_blur_strength_tablet=\u00bb1px\u00bb box_shadow_horizontal_tablet=\u00bb0px\u00bb box_shadow_vertical_tablet=\u00bb0px\u00bb box_shadow_blur_tablet=\u00bb40px\u00bb box_shadow_spread_tablet=\u00bb0px\u00bb vertical_offset_tablet=\u00bb0&#8243; horizontal_offset_tablet=\u00bb0&#8243; z_index_tablet=\u00bb0&#8243;]\n<h1>\u00bfConcertar una cita?<\/h1>\n<p>Si desea concertar una cita o recibir m\u00e1s informaci\u00f3n, puede ponerse en contacto con nosotros de lunes a jueves de 9:00 a 16:00 horas a trav\u00e9s del n\u00famero de tel\u00e9fono (+34) 966 495 006. O visita nuestra cl\u00ednica dental. Est\u00e1 bienvenido. Si desea recibir m\u00e1s informaci\u00f3n, tambi\u00e9n puede enviarnos un correo electr\u00f3nico (<span id=\"wpmt-133179-589020\">info@orangedental.es<\/span>).<\/p>\n<p>En caso de emergencias fuera del horario de apertura, llame el tel\u00e9fono de urgencias (+34) 675 507 358.<\/p>\n[\/et_pb_text][\/et_pb_column][\/et_pb_row][\/et_pb_section][et_pb_section bb_built=\u00bb1&#8243; fullwidth=\u00bboff\u00bb specialty=\u00bboff\u00bb prev_background_color=\u00bb#000000&#8243; next_background_color=\u00bb#000000&#8243; inner_width=\u00bbauto\u00bb inner_max_width=\u00bb1080px\u00bb][et_pb_row][et_pb_column type=\u00bb4_4&#8243; custom_padding__hover=\u00bb|||\u00bb custom_padding=\u00bb|||\u00bb][et_pb_text _builder_version=\u00bb3.0.89&#8243; background_layout=\u00bblight\u00bb text_orientation=\u00bbleft\u00bb]\n<h1>Formulario de contacto<\/h1>\n<div class=\"caldera-grid\" id=\"caldera_form_1\" data-cf-ver=\"1.9.7\" data-cf-form-id=\"CF5a1e8404af64f\"><div id=\"caldera_notices_1\" data-spinner=\"https:\/\/www.orangedental.es\/wp-admin\/images\/spinner.gif\"><\/div><form data-instance=\"1\" class=\"CF5a1e8404af64f caldera_forms_form cfajax-trigger\" method=\"POST\" enctype=\"multipart\/form-data\" id=\"CF5a1e8404af64f_1\" data-form-id=\"CF5a1e8404af64f\" aria-label=\"Contact ES\" data-target=\"#caldera_notices_1\" data-template=\"#cfajax_CF5a1e8404af64f-tmpl\" data-cfajax=\"CF5a1e8404af64f\" data-load-element=\"_parent\" data-load-class=\"cf_processing\" data-post-disable=\"0\" data-action=\"cf_process_ajax_submit\" data-request=\"https:\/\/www.orangedental.es\/es\/\/cf-api\/CF5a1e8404af64f\" data-hiderows=\"true\">\r\n<input type=\"hidden\" id=\"_cf_verify_CF5a1e8404af64f\" name=\"_cf_verify\" value=\"f84b16a985\"  data-nonce-time=\"1777728367\" \/><input type=\"hidden\" name=\"_wp_http_referer\" value=\"\/es\/wp-json\/wp\/v2\/pages\/458\" \/><div id=\"cf2-CF5a1e8404af64f_1\"><\/div><input type=\"hidden\" name=\"_cf_frm_id\" value=\"CF5a1e8404af64f\">\r\n<input type=\"hidden\" name=\"_cf_frm_ct\" value=\"1\">\r\n<input type=\"hidden\" name=\"cfajax\" value=\"CF5a1e8404af64f\">\r\n<input type=\"hidden\" name=\"_cf_cr_pst\" value=\"458\">\r\n<div class=\"hide\" style=\"display:none; overflow:hidden;height:0;width:0;\">\r\n<label>Web Site<\/label><input type=\"text\" name=\"web_site\" value=\"\" autocomplete=\"off\">\r\n<\/div><div id=\"CF5a1e8404af64f_1-row-1\"  class=\"row  first_row\"><div  class=\"col-sm-6  first_col\"><div data-field-wrapper=\"fld_8768091\" class=\"form-group\" id=\"fld_8768091_1-wrap\">\r\n\t<label id=\"fld_8768091Label\" for=\"fld_8768091_1\" class=\"control-label screen-reader-text sr-only\">Voornaam<\/label>\r\n\t<div class=\"\">\r\n\t\t<input placeholder=\"Nombre\"  required type=\"text\" data-field=\"fld_8768091\" class=\" form-control\" id=\"fld_8768091_1\" name=\"fld_8768091\" value=\"\" data-type=\"text\" aria-required=\"true\"   aria-labelledby=\"fld_8768091Label\" >\t\t\t<\/div>\r\n<\/div>\r\n<\/div><div  class=\"col-sm-6  last_col\"><div data-field-wrapper=\"fld_9970286\" class=\"form-group\" id=\"fld_9970286_1-wrap\">\r\n\t<label id=\"fld_9970286Label\" for=\"fld_9970286_1\" class=\"control-label screen-reader-text sr-only\">Achternaam<\/label>\r\n\t<div class=\"\">\r\n\t\t<input placeholder=\"Apellidos\"  required type=\"text\" data-field=\"fld_9970286\" class=\" form-control\" id=\"fld_9970286_1\" name=\"fld_9970286\" value=\"\" data-type=\"text\" aria-required=\"true\"   aria-labelledby=\"fld_9970286Label\" >\t\t\t<\/div>\r\n<\/div>\r\n<\/div><\/div><div id=\"CF5a1e8404af64f_1-row-2\"  class=\"row \"><div  class=\"col-sm-6  first_col\"><div data-field-wrapper=\"fld_6009157\" class=\"form-group\" id=\"fld_6009157_1-wrap\">\r\n\t<label id=\"fld_6009157Label\" for=\"fld_6009157_1\" class=\"control-label screen-reader-text sr-only\">Email Adres<\/label>\r\n\t<div class=\"\">\r\n\t\t<input placeholder=\"Correo electronico\"  required type=\"email\" data-field=\"fld_6009157\" class=\" form-control\" id=\"fld_6009157_1\" name=\"fld_6009157\" value=\"\" data-type=\"email\" aria-required=\"true\"   aria-labelledby=\"fld_6009157Label\" >\t\t\t<\/div>\r\n<\/div>\r\n<\/div><div  class=\"col-sm-6  last_col\"><div data-field-wrapper=\"fld_2109245\" class=\"form-group\" id=\"fld_2109245_1-wrap\">\r\n\t<label id=\"fld_2109245Label\" for=\"fld_2109245_1\" class=\"control-label screen-reader-text sr-only\">Telefoonnummer<\/label>\r\n\t<div class=\"\">\r\n\t\t<input placeholder=\"Telefoonnummer\"  required type=\"tel\" data-field=\"fld_2109245\" class=\" form-control\" id=\"fld_2109245_1\" name=\"fld_2109245\" value=\"+34\" data-type=\"phone_better\" aria-required=\"true\"   aria-labelledby=\"fld_2109245Label\" >\t\t\t<\/div>\r\n<\/div>\r\n<\/div><\/div><div id=\"CF5a1e8404af64f_1-row-3\"  class=\"row \"><div  class=\"col-sm-12  single\"><div data-field-wrapper=\"fld_7683514\" class=\"form-group\" id=\"fld_7683514_1-wrap\">\r\n\t<label id=\"fld_7683514Label\" for=\"fld_7683514_1\" class=\"control-label screen-reader-text sr-only\">Vraag \/ opmerking<\/label>\r\n\t<div class=\"\">\r\n\t\t<textarea name=\"fld_7683514\" value=\"\" data-field=\"fld_7683514\" class=\"form-control\" id=\"fld_7683514_1\" rows=\"7\" placeholder=\"Pregunta\/ comentario\"  required=\"required\"  aria-labelledby=\"fld_7683514Label\" ><\/textarea>\n\t\t\t<\/div>\r\n<\/div>\r\n<\/div><\/div><div id=\"CF5a1e8404af64f_1-row-4\"  class=\"row \"><div  class=\"col-sm-12  single\"><div data-field-wrapper=\"fld_6205690\" class=\"form-group\" id=\"fld_6205690_1-wrap\">\r\n<div class=\"\">\r\n\n<div class=\"checkbox-inline caldera-forms-consent-field\">\n    <input data-parsley-required=\"true\" data-parsley-group=\"fld_6205690_1\" data-parsley-multiple=\"fld_6205690_1\"        type=\"checkbox\" data-label=\"consent\"\n        data-field=\"fld_6205690\"\n        id=\"fld_6205690_1\"\n        class=\"fld_6205690_1 option-required\"\n        name=\"fld_6205690\"\n        value=\"1\"\n        data-type=\"checkbox\"\n        data-checkbox-field=\"fld_6205690_1\"\n    >\n    <label for=\"fld_6205690_1\"\n           class=\"caldera-forms-gdpr-field-label\"\n           style=\"display:inline; margin-left: 0.5rem;\"\n    >\n                <p\n            class=\"caldera-forms-consent-field-agreement\"\n        >\n            Consiento que mi correo electr\u00f3nico sea recopilado con el fin de recibir mis datos solicitados. Para m\u00e1s informaci\u00f3n, consulte la p\u00e1gina de la         <\/p>\n        <a href=\"\"\n           target=\"_blank\"\n                title=\"P\u00e1gina de pol\u00edtica de privacidad\"\n            class=\"caldera-forms-consent-field-linked_text\"\n            >\n            Pol\u00edtica de Privacidad        <\/a>\n    <\/label>\n    <span style=\"color:#ff0000;\">*<\/span>\n<\/div>\n\n<\/div>\r\n<\/div>\r\n<\/div><\/div><div id=\"CF5a1e8404af64f_1-row-5\"  class=\"row  last_row\"><div  class=\"col-sm-12  single\"><div data-field-wrapper=\"fld_7908577\" class=\"form-group\" id=\"fld_7908577_1-wrap\">\r\n<div class=\"\">\r\n\t<input  class=\"btn btn-default\" type=\"submit\" name=\"fld_7908577\" id=\"fld_7908577_1\" value=\"Enviar\" data-field=\"fld_7908577\"  >\n<\/div>\r\n<\/div>\r\n\t<input class=\"button_trigger_1\" type=\"hidden\" name=\"fld_7908577\" id=\"fld_7908577_1_btn\" value=\"\" data-field=\"fld_7908577\"  \/>\n<\/div><\/div><\/form>\r\n<\/div>\r\n\n[\/et_pb_text][\/et_pb_column][\/et_pb_row][\/et_pb_section][et_pb_section bb_built=\u00bb1&#8243; admin_label=\u00bbsection\u00bb prev_background_color=\u00bb#000000&#8243; inner_width=\u00bbauto\u00bb inner_max_width=\u00bb1080px\u00bb][et_pb_row admin_label=\u00bbrow\u00bb background_position=\u00bbtop_left\u00bb background_repeat=\u00bbrepeat\u00bb background_size=\u00bbinitial\u00bb width=\u00bb80%\u00bb max_width=\u00bb1080px\u00bb][et_pb_column type=\u00bb4_4&#8243; custom_padding__hover=\u00bb|||\u00bb custom_padding=\u00bb|||\u00bb][et_pb_text background_position=\u00bbtop_left\u00bb background_repeat=\u00bbrepeat\u00bb background_size=\u00bbinitial\u00bb _builder_version=\u00bb3.0.51&#8243; background_layout=\u00bblight\u00bb text_orientation=\u00bbjustified\u00bb border_style=\u00bbsolid\u00bb]\n<h1>Acceso<\/h1>\n<p>Orange Dental est\u00e1 situada en la Clinica Asistel, en Moraira, y se accede f\u00e1cilmente en coche. En la cl\u00ednica hay numerosas plazas de aparcamiento disponibles.<b> Nuestra pr\u00e1ctica es con el sill\u00f3n de ruedas accesible.<\/b><\/p>\n<p>\u00a1<\/p>\n[\/et_pb_text][et_pb_code _builder_version=\u00bb3.10.1&#8243;]<div class=\"su-gmap su-u-responsive-media-yes\"><iframe loading=\"lazy\" width=\"100\" height=\"400\" src=\"\/\/maps.google.com\/maps?q=Ctra.%20Moraira-Benitachell%2C%2022%2C%2003724%20Teulada%2C%20Alicante%2C%20Spanje&amp;output=embed\" title=\"\"><\/iframe><\/div>[\/et_pb_code][\/et_pb_column][\/et_pb_row][\/et_pb_section]\n","protected":false},"excerpt":{"rendered":"<p>\u00bfConcertar una cita? Si desea concertar una cita o recibir m\u00e1s informaci\u00f3n, puede ponerse en contacto con nosotros de lunes a jueves de 9:00 a 16:00 horas a trav\u00e9s del n\u00famero de tel\u00e9fono (+34) 966 495 006. O visita nuestra cl\u00ednica dental. Est\u00e1 bienvenido. Si desea recibir m\u00e1s informaci\u00f3n, tambi\u00e9n puede enviarnos un correo electr\u00f3nico [&hellip;]<\/p>\n","protected":false},"author":1,"featured_media":0,"parent":0,"menu_order":70,"comment_status":"closed","ping_status":"closed","template":"","meta":{"_acf_changed":false,"_et_pb_use_builder":"on","_et_pb_old_content":"","_et_gb_content_width":"","footnotes":""},"class_list":["post-458","page","type-page","status-publish","hentry"],"acf":[],"yoast_head":"<!-- This site is optimized with the Yoast SEO plugin v27.5 - https:\/\/yoast.com\/product\/yoast-seo-wordpress\/ -->\n<title>Contacto - Orange Dental<\/title>\n<meta name=\"robots\" content=\"index, follow, max-snippet:-1, max-image-preview:large, max-video-preview:-1\" \/>\n<link rel=\"canonical\" href=\"https:\/\/www.orangedental.es\/es\/contacto\/\" \/>\n<meta property=\"og:locale\" content=\"es_ES\" \/>\n<meta property=\"og:type\" content=\"article\" \/>\n<meta property=\"og:title\" content=\"Contacto - Orange Dental\" \/>\n<meta property=\"og:description\" content=\"\u00bfConcertar una cita? Si desea concertar una cita o recibir m\u00e1s informaci\u00f3n, puede ponerse en contacto con nosotros de lunes a jueves de 9:00 a 16:00 horas a trav\u00e9s del n\u00famero de tel\u00e9fono (+34) 966 495 006. O visita nuestra cl\u00ednica dental. Est\u00e1 bienvenido. Si desea recibir m\u00e1s informaci\u00f3n, tambi\u00e9n puede enviarnos un correo electr\u00f3nico [&hellip;]\" \/>\n<meta property=\"og:url\" content=\"https:\/\/www.orangedental.es\/es\/contacto\/\" \/>\n<meta property=\"og:site_name\" content=\"Orange Dental\" \/>\n<meta property=\"article:publisher\" content=\"https:\/\/www.facebook.com\/orangedentalmoraira\/\" \/>\n<meta property=\"article:modified_time\" content=\"2023-07-26T10:01:17+00:00\" \/>\n<meta name=\"twitter:card\" content=\"summary_large_image\" \/>\n<meta name=\"twitter:label1\" content=\"Tiempo de lectura\" \/>\n\t<meta name=\"twitter:data1\" content=\"5 minutos\" \/>\n<script type=\"application\/ld+json\" class=\"yoast-schema-graph\">{\"@context\":\"https:\\\/\\\/schema.org\",\"@graph\":[{\"@type\":\"WebPage\",\"@id\":\"https:\\\/\\\/www.orangedental.es\\\/es\\\/contacto\\\/\",\"url\":\"https:\\\/\\\/www.orangedental.es\\\/es\\\/contacto\\\/\",\"name\":\"Contacto - Orange Dental\",\"isPartOf\":{\"@id\":\"https:\\\/\\\/www.orangedental.es\\\/es\\\/#website\"},\"datePublished\":\"2017-06-21T13:48:32+00:00\",\"dateModified\":\"2023-07-26T10:01:17+00:00\",\"breadcrumb\":{\"@id\":\"https:\\\/\\\/www.orangedental.es\\\/es\\\/contacto\\\/#breadcrumb\"},\"inLanguage\":\"es\",\"potentialAction\":[{\"@type\":\"ReadAction\",\"target\":[\"https:\\\/\\\/www.orangedental.es\\\/es\\\/contacto\\\/\"]}]},{\"@type\":\"BreadcrumbList\",\"@id\":\"https:\\\/\\\/www.orangedental.es\\\/es\\\/contacto\\\/#breadcrumb\",\"itemListElement\":[{\"@type\":\"ListItem\",\"position\":1,\"name\":\"Home\",\"item\":\"https:\\\/\\\/www.orangedental.es\\\/es\\\/\"},{\"@type\":\"ListItem\",\"position\":2,\"name\":\"Contacto\"}]},{\"@type\":\"WebSite\",\"@id\":\"https:\\\/\\\/www.orangedental.es\\\/es\\\/#website\",\"url\":\"https:\\\/\\\/www.orangedental.es\\\/es\\\/\",\"name\":\"Orange Dental\",\"description\":\"\u00a1Unos dientes sanos y una sonrisa resplandeciente!\",\"publisher\":{\"@id\":\"https:\\\/\\\/www.orangedental.es\\\/es\\\/#organization\"},\"potentialAction\":[{\"@type\":\"SearchAction\",\"target\":{\"@type\":\"EntryPoint\",\"urlTemplate\":\"https:\\\/\\\/www.orangedental.es\\\/es\\\/?s={search_term_string}\"},\"query-input\":{\"@type\":\"PropertyValueSpecification\",\"valueRequired\":true,\"valueName\":\"search_term_string\"}}],\"inLanguage\":\"es\"},{\"@type\":\"Organization\",\"@id\":\"https:\\\/\\\/www.orangedental.es\\\/es\\\/#organization\",\"name\":\"Orange Dental\",\"url\":\"https:\\\/\\\/www.orangedental.es\\\/es\\\/\",\"logo\":{\"@type\":\"ImageObject\",\"inLanguage\":\"es\",\"@id\":\"https:\\\/\\\/www.orangedental.es\\\/es\\\/#\\\/schema\\\/logo\\\/image\\\/\",\"url\":\"https:\\\/\\\/i0.wp.com\\\/www.orangedental.es\\\/wp-content\\\/uploads\\\/2017\\\/06\\\/logo-Orange-Dental-cmyk.png?fit=585%2C238&ssl=1\",\"contentUrl\":\"https:\\\/\\\/i0.wp.com\\\/www.orangedental.es\\\/wp-content\\\/uploads\\\/2017\\\/06\\\/logo-Orange-Dental-cmyk.png?fit=585%2C238&ssl=1\",\"width\":585,\"height\":238,\"caption\":\"Orange Dental\"},\"image\":{\"@id\":\"https:\\\/\\\/www.orangedental.es\\\/es\\\/#\\\/schema\\\/logo\\\/image\\\/\"},\"sameAs\":[\"https:\\\/\\\/www.facebook.com\\\/orangedentalmoraira\\\/\"]}]}<\/script>\n<!-- \/ Yoast SEO plugin. -->","yoast_head_json":{"title":"Contacto - Orange Dental","robots":{"index":"index","follow":"follow","max-snippet":"max-snippet:-1","max-image-preview":"max-image-preview:large","max-video-preview":"max-video-preview:-1"},"canonical":"https:\/\/www.orangedental.es\/es\/contacto\/","og_locale":"es_ES","og_type":"article","og_title":"Contacto - Orange Dental","og_description":"\u00bfConcertar una cita? Si desea concertar una cita o recibir m\u00e1s informaci\u00f3n, puede ponerse en contacto con nosotros de lunes a jueves de 9:00 a 16:00 horas a trav\u00e9s del n\u00famero de tel\u00e9fono (+34) 966 495 006. O visita nuestra cl\u00ednica dental. Est\u00e1 bienvenido. Si desea recibir m\u00e1s informaci\u00f3n, tambi\u00e9n puede enviarnos un correo electr\u00f3nico [&hellip;]","og_url":"https:\/\/www.orangedental.es\/es\/contacto\/","og_site_name":"Orange Dental","article_publisher":"https:\/\/www.facebook.com\/orangedentalmoraira\/","article_modified_time":"2023-07-26T10:01:17+00:00","twitter_card":"summary_large_image","twitter_misc":{"Tiempo de lectura":"5 minutos"},"schema":{"@context":"https:\/\/schema.org","@graph":[{"@type":"WebPage","@id":"https:\/\/www.orangedental.es\/es\/contacto\/","url":"https:\/\/www.orangedental.es\/es\/contacto\/","name":"Contacto - Orange Dental","isPartOf":{"@id":"https:\/\/www.orangedental.es\/es\/#website"},"datePublished":"2017-06-21T13:48:32+00:00","dateModified":"2023-07-26T10:01:17+00:00","breadcrumb":{"@id":"https:\/\/www.orangedental.es\/es\/contacto\/#breadcrumb"},"inLanguage":"es","potentialAction":[{"@type":"ReadAction","target":["https:\/\/www.orangedental.es\/es\/contacto\/"]}]},{"@type":"BreadcrumbList","@id":"https:\/\/www.orangedental.es\/es\/contacto\/#breadcrumb","itemListElement":[{"@type":"ListItem","position":1,"name":"Home","item":"https:\/\/www.orangedental.es\/es\/"},{"@type":"ListItem","position":2,"name":"Contacto"}]},{"@type":"WebSite","@id":"https:\/\/www.orangedental.es\/es\/#website","url":"https:\/\/www.orangedental.es\/es\/","name":"Orange Dental","description":"\u00a1Unos dientes sanos y una sonrisa resplandeciente!","publisher":{"@id":"https:\/\/www.orangedental.es\/es\/#organization"},"potentialAction":[{"@type":"SearchAction","target":{"@type":"EntryPoint","urlTemplate":"https:\/\/www.orangedental.es\/es\/?s={search_term_string}"},"query-input":{"@type":"PropertyValueSpecification","valueRequired":true,"valueName":"search_term_string"}}],"inLanguage":"es"},{"@type":"Organization","@id":"https:\/\/www.orangedental.es\/es\/#organization","name":"Orange Dental","url":"https:\/\/www.orangedental.es\/es\/","logo":{"@type":"ImageObject","inLanguage":"es","@id":"https:\/\/www.orangedental.es\/es\/#\/schema\/logo\/image\/","url":"https:\/\/i0.wp.com\/www.orangedental.es\/wp-content\/uploads\/2017\/06\/logo-Orange-Dental-cmyk.png?fit=585%2C238&ssl=1","contentUrl":"https:\/\/i0.wp.com\/www.orangedental.es\/wp-content\/uploads\/2017\/06\/logo-Orange-Dental-cmyk.png?fit=585%2C238&ssl=1","width":585,"height":238,"caption":"Orange Dental"},"image":{"@id":"https:\/\/www.orangedental.es\/es\/#\/schema\/logo\/image\/"},"sameAs":["https:\/\/www.facebook.com\/orangedentalmoraira\/"]}]}},"_links":{"self":[{"href":"https:\/\/www.orangedental.es\/es\/wp-json\/wp\/v2\/pages\/458","targetHints":{"allow":["GET"]}}],"collection":[{"href":"https:\/\/www.orangedental.es\/es\/wp-json\/wp\/v2\/pages"}],"about":[{"href":"https:\/\/www.orangedental.es\/es\/wp-json\/wp\/v2\/types\/page"}],"author":[{"embeddable":true,"href":"https:\/\/www.orangedental.es\/es\/wp-json\/wp\/v2\/users\/1"}],"replies":[{"embeddable":true,"href":"https:\/\/www.orangedental.es\/es\/wp-json\/wp\/v2\/comments?post=458"}],"version-history":[{"count":7,"href":"https:\/\/www.orangedental.es\/es\/wp-json\/wp\/v2\/pages\/458\/revisions"}],"predecessor-version":[{"id":1389,"href":"https:\/\/www.orangedental.es\/es\/wp-json\/wp\/v2\/pages\/458\/revisions\/1389"}],"wp:attachment":[{"href":"https:\/\/www.orangedental.es\/es\/wp-json\/wp\/v2\/media?parent=458"}],"curies":[{"name":"wp","href":"https:\/\/api.w.org\/{rel}","templated":true}]}}