{"id":456,"date":"2017-06-29T13:28:08","date_gmt":"2017-06-29T11:28:08","guid":{"rendered":"http:\/\/www.orangedental.es\/cirugia-oral\/"},"modified":"2018-09-11T17:46:10","modified_gmt":"2018-09-11T15:46:10","slug":"cirugia-oral","status":"publish","type":"page","link":"https:\/\/www.orangedental.es\/es\/tratamientos\/cirugia-oral\/","title":{"rendered":"Cirug\u00eda oral"},"content":{"rendered":"[et_pb_section bb_built=\u00bb1&#8243;][et_pb_row][et_pb_column type=\u00bb4_4&#8243;][et_pb_text _builder_version=\u00bb3.0.53&#8243; background_layout=\u00bblight\u00bb text_orientation=\u00bbjustified\u00bb border_style=\u00bbsolid\u00bb]\n<h1>Cirug\u00eda oral<\/h1>\n<p>El tratamiento de cirug\u00eda oral m\u00e1s com\u00fan en nuestra consulta es la extracci\u00f3n de dientes o muelas. Sin embargo, tambi\u00e9n llevamos a cabo cirug\u00eda en las enc\u00edas o la colocaci\u00f3n de los implantes (ver periodoncia e implantolog\u00eda).<\/p>\n<h3>La extracci\u00f3n de un diente o de una muela<\/h3>\n<p>Si tiene usted una cita para extraer un diente o una muela, previamente deber\u00e1 realizar una comida normal. Si toma alguna medicaci\u00f3n, puede seguir haci\u00e9ndolo igualmente. Informe sobre el uso de medicaci\u00f3n anticoagulante con bastante antelaci\u00f3n. Por otra parte, siempre es aconsejable disponer de una lista de los medicamentos que est\u00e1 usted tomando.<\/p>\n<p>La extracci\u00f3n de dientes o muelas se realiza generalmente de forma indolora, bajo anestesia local. Una vez que se la hemos aplicado, aflojamos el diente o muela gir\u00e1ndolo o haciendo un movimiento lateral. Por lo general, el diente o la muela se extraen en su totalidad. Si el diente o muela est\u00e1 realmente agarrado, o est\u00e1 en muy malas condiciones, ser\u00e1 extra\u00eddo por partes.<\/p>\n<h3>Cuidados posteriores<\/h3>\n<ul>\n<li>No coma ni beba alimentos calientes hasta que haya desaparecido el efecto de la anestesia.<\/li>\n<li>No limpie el sitio de la herida durante las primeras 24 horas siguientes a la extracci\u00f3n. Puede cepillarse los dem\u00e1s dientes como lo hace normalmente.<\/li>\n<li>Puede limpiar el entorno de la herida con un enjuague bucal antibacteriano.<\/li>\n<li>Igualmente, el primer d\u00eda despu\u00e9s de la extracci\u00f3n, limite el tabaco o las bebidas alcoh\u00f3licas a un m\u00ednimo.<\/li>\n<li>No toque el co\u00e1gulo de sangre que se forma. Este co\u00e1gulo protege el hueso.<\/li>\n<li>En caso de posible dolor postoperatorio, puede tomar analg\u00e9sicos (paracetamol o ibuprofeno).<\/li>\n<\/ul>\n[\/et_pb_text][\/et_pb_column][\/et_pb_row][\/et_pb_section]\n","protected":false},"excerpt":{"rendered":"<p><div class=\"et_pb_row et_pb_row_0 et_pb_row_empty\">\n\t\t\t\t\n\t\t\t\t\n\t\t\t\t\n\t\t\t\t\n\t\t\t\t\n\t\t\t<\/div> Cirug\u00eda oral El tratamiento de cirug\u00eda oral m\u00e1s com\u00fan en nuestra consulta es la extracci\u00f3n de dientes o muelas. Sin embargo, tambi\u00e9n llevamos a cabo cirug\u00eda en las enc\u00edas o la colocaci\u00f3n de los implantes (ver periodoncia e implantolog\u00eda). La extracci\u00f3n de un diente o de una muela Si tiene usted una cita para [&hellip;]<\/p>\n","protected":false},"author":1,"featured_media":0,"parent":461,"menu_order":50,"comment_status":"closed","ping_status":"closed","template":"","meta":{"_acf_changed":false,"_et_pb_use_builder":"on","_et_pb_old_content":"<h1>Kaakchirurgie<\/h1><p>De meest voorkomende kaakchirurgische behandeling in onze praktijk is het trekken van een tand of kies. Maar ook operaties aan het tandvlees of het plaatsen van implantaten vallen hieronder (zie parodontologie en implantologie).<\/p><h3>Het trekken van een tand of kies<\/h3><p>Als u een afspraak heeft voor het trekken van een tand of kies moet u van tevoren gewoon goed eten. Slikt u medicijnen, neem die dan gewoon in. Gebruikt u antistollingsmedicatie, meldt dit dan ruim van tevoren. Het is overigens raadzaam om altijd een lijstje bij u te hebben met de geneesmiddelen die u gebruikt.<\/p><p>Het trekken van een tand of kies gebeurt meestal pijnloos onder lokale verdoving. Zodra deze is ingewerkt, maken wij uw tand\/kies los door een draaiende of wrikkende beweging te maken. Meestal wordt de tand of kies er in zijn geheel uitgetrokken. Als de tand of kies erg vast zit of in zeer slechte staat verkeert, wordt hij er veelal in delen uitgehaald.<\/p><h3>Aanbevelingen<\/h3><ul><li>Eet of drink niks warms tot de verdoving is uitgewerkt.<\/li><li>Reinig ook de plaats van de wond de eerste 24 uur na het trekken niet. Poets wel uw andere tanden zoals u normaal doet. U kunt de omgeving van de wond schoonhouden met een antibacterieel mondspoelmiddel.<\/li><li>Beperk de eerste dag na het trekken ook het roken of alcohol drinken tot een minimum<\/li><li>Laat de bloedprop die zich vormt met rust. Deze bloedprop beschermt het bot.<\/li><li>Tegen mogelijke napijn kunt u pijnstillers (paracetamol of ibuprofen) innemen.<\/li><\/ul>","_et_gb_content_width":"","footnotes":""},"class_list":["post-456","page","type-page","status-publish","hentry"],"acf":[],"yoast_head":"<!-- This site is optimized with the Yoast SEO plugin v27.4 - https:\/\/yoast.com\/product\/yoast-seo-wordpress\/ -->\n<title>Cirug\u00eda oral - Orange Dental: su dentista en Moraira<\/title>\n<meta name=\"description\" content=\"El tratamiento de cirug\u00eda oral m\u00e1s com\u00fan en nuestra consulta es la extracci\u00f3n de dientes o muelas.\" \/>\n<meta name=\"robots\" content=\"index, follow, max-snippet:-1, max-image-preview:large, max-video-preview:-1\" \/>\n<link rel=\"canonical\" href=\"https:\/\/www.orangedental.es\/es\/tratamientos\/cirugia-oral\/\" \/>\n<meta property=\"og:locale\" content=\"es_ES\" \/>\n<meta property=\"og:type\" content=\"article\" \/>\n<meta property=\"og:title\" content=\"Cirug\u00eda oral - Orange Dental: su dentista en Moraira\" \/>\n<meta property=\"og:description\" content=\"El tratamiento de cirug\u00eda oral m\u00e1s com\u00fan en nuestra consulta es la extracci\u00f3n de dientes o muelas.\" \/>\n<meta property=\"og:url\" content=\"https:\/\/www.orangedental.es\/es\/tratamientos\/cirugia-oral\/\" \/>\n<meta property=\"og:site_name\" content=\"Orange Dental\" \/>\n<meta property=\"article:publisher\" content=\"https:\/\/www.facebook.com\/orangedentalmoraira\/\" \/>\n<meta property=\"article:modified_time\" content=\"2018-09-11T15:46:10+00:00\" \/>\n<meta name=\"twitter:card\" content=\"summary_large_image\" \/>\n<meta name=\"twitter:label1\" content=\"Tiempo de lectura\" \/>\n\t<meta name=\"twitter:data1\" content=\"2 minutos\" \/>\n<script type=\"application\/ld+json\" class=\"yoast-schema-graph\">{\"@context\":\"https:\\\/\\\/schema.org\",\"@graph\":[{\"@type\":\"WebPage\",\"@id\":\"https:\\\/\\\/www.orangedental.es\\\/es\\\/tratamientos\\\/cirugia-oral\\\/\",\"url\":\"https:\\\/\\\/www.orangedental.es\\\/es\\\/tratamientos\\\/cirugia-oral\\\/\",\"name\":\"Cirug\u00eda oral - Orange Dental: su dentista en Moraira\",\"isPartOf\":{\"@id\":\"https:\\\/\\\/www.orangedental.es\\\/es\\\/#website\"},\"datePublished\":\"2017-06-29T11:28:08+00:00\",\"dateModified\":\"2018-09-11T15:46:10+00:00\",\"description\":\"El tratamiento de cirug\u00eda oral m\u00e1s com\u00fan en nuestra consulta es la extracci\u00f3n de dientes o muelas.\",\"breadcrumb\":{\"@id\":\"https:\\\/\\\/www.orangedental.es\\\/es\\\/tratamientos\\\/cirugia-oral\\\/#breadcrumb\"},\"inLanguage\":\"es\",\"potentialAction\":[{\"@type\":\"ReadAction\",\"target\":[\"https:\\\/\\\/www.orangedental.es\\\/es\\\/tratamientos\\\/cirugia-oral\\\/\"]}]},{\"@type\":\"BreadcrumbList\",\"@id\":\"https:\\\/\\\/www.orangedental.es\\\/es\\\/tratamientos\\\/cirugia-oral\\\/#breadcrumb\",\"itemListElement\":[{\"@type\":\"ListItem\",\"position\":1,\"name\":\"Home\",\"item\":\"https:\\\/\\\/www.orangedental.es\\\/es\\\/\"},{\"@type\":\"ListItem\",\"position\":2,\"name\":\"Tratamientos\",\"item\":\"https:\\\/\\\/www.orangedental.es\\\/es\\\/tratamientos\\\/\"},{\"@type\":\"ListItem\",\"position\":3,\"name\":\"Cirug\u00eda oral\"}]},{\"@type\":\"WebSite\",\"@id\":\"https:\\\/\\\/www.orangedental.es\\\/es\\\/#website\",\"url\":\"https:\\\/\\\/www.orangedental.es\\\/es\\\/\",\"name\":\"Orange Dental\",\"description\":\"\u00a1Unos dientes sanos y una sonrisa resplandeciente!\",\"publisher\":{\"@id\":\"https:\\\/\\\/www.orangedental.es\\\/es\\\/#organization\"},\"potentialAction\":[{\"@type\":\"SearchAction\",\"target\":{\"@type\":\"EntryPoint\",\"urlTemplate\":\"https:\\\/\\\/www.orangedental.es\\\/es\\\/?s={search_term_string}\"},\"query-input\":{\"@type\":\"PropertyValueSpecification\",\"valueRequired\":true,\"valueName\":\"search_term_string\"}}],\"inLanguage\":\"es\"},{\"@type\":\"Organization\",\"@id\":\"https:\\\/\\\/www.orangedental.es\\\/es\\\/#organization\",\"name\":\"Orange Dental\",\"url\":\"https:\\\/\\\/www.orangedental.es\\\/es\\\/\",\"logo\":{\"@type\":\"ImageObject\",\"inLanguage\":\"es\",\"@id\":\"https:\\\/\\\/www.orangedental.es\\\/es\\\/#\\\/schema\\\/logo\\\/image\\\/\",\"url\":\"https:\\\/\\\/i0.wp.com\\\/www.orangedental.es\\\/wp-content\\\/uploads\\\/2017\\\/06\\\/logo-Orange-Dental-cmyk.png?fit=585%2C238&ssl=1\",\"contentUrl\":\"https:\\\/\\\/i0.wp.com\\\/www.orangedental.es\\\/wp-content\\\/uploads\\\/2017\\\/06\\\/logo-Orange-Dental-cmyk.png?fit=585%2C238&ssl=1\",\"width\":585,\"height\":238,\"caption\":\"Orange Dental\"},\"image\":{\"@id\":\"https:\\\/\\\/www.orangedental.es\\\/es\\\/#\\\/schema\\\/logo\\\/image\\\/\"},\"sameAs\":[\"https:\\\/\\\/www.facebook.com\\\/orangedentalmoraira\\\/\"]}]}<\/script>\n<!-- \/ Yoast SEO plugin. -->","yoast_head_json":{"title":"Cirug\u00eda oral - Orange Dental: su dentista en Moraira","description":"El tratamiento de cirug\u00eda oral m\u00e1s com\u00fan en nuestra consulta es la extracci\u00f3n de dientes o muelas.","robots":{"index":"index","follow":"follow","max-snippet":"max-snippet:-1","max-image-preview":"max-image-preview:large","max-video-preview":"max-video-preview:-1"},"canonical":"https:\/\/www.orangedental.es\/es\/tratamientos\/cirugia-oral\/","og_locale":"es_ES","og_type":"article","og_title":"Cirug\u00eda oral - Orange Dental: su dentista en Moraira","og_description":"El tratamiento de cirug\u00eda oral m\u00e1s com\u00fan en nuestra consulta es la extracci\u00f3n de dientes o muelas.","og_url":"https:\/\/www.orangedental.es\/es\/tratamientos\/cirugia-oral\/","og_site_name":"Orange Dental","article_publisher":"https:\/\/www.facebook.com\/orangedentalmoraira\/","article_modified_time":"2018-09-11T15:46:10+00:00","twitter_card":"summary_large_image","twitter_misc":{"Tiempo de lectura":"2 minutos"},"schema":{"@context":"https:\/\/schema.org","@graph":[{"@type":"WebPage","@id":"https:\/\/www.orangedental.es\/es\/tratamientos\/cirugia-oral\/","url":"https:\/\/www.orangedental.es\/es\/tratamientos\/cirugia-oral\/","name":"Cirug\u00eda oral - Orange Dental: su dentista en Moraira","isPartOf":{"@id":"https:\/\/www.orangedental.es\/es\/#website"},"datePublished":"2017-06-29T11:28:08+00:00","dateModified":"2018-09-11T15:46:10+00:00","description":"El tratamiento de cirug\u00eda oral m\u00e1s com\u00fan en nuestra consulta es la extracci\u00f3n de dientes o muelas.","breadcrumb":{"@id":"https:\/\/www.orangedental.es\/es\/tratamientos\/cirugia-oral\/#breadcrumb"},"inLanguage":"es","potentialAction":[{"@type":"ReadAction","target":["https:\/\/www.orangedental.es\/es\/tratamientos\/cirugia-oral\/"]}]},{"@type":"BreadcrumbList","@id":"https:\/\/www.orangedental.es\/es\/tratamientos\/cirugia-oral\/#breadcrumb","itemListElement":[{"@type":"ListItem","position":1,"name":"Home","item":"https:\/\/www.orangedental.es\/es\/"},{"@type":"ListItem","position":2,"name":"Tratamientos","item":"https:\/\/www.orangedental.es\/es\/tratamientos\/"},{"@type":"ListItem","position":3,"name":"Cirug\u00eda oral"}]},{"@type":"WebSite","@id":"https:\/\/www.orangedental.es\/es\/#website","url":"https:\/\/www.orangedental.es\/es\/","name":"Orange Dental","description":"\u00a1Unos dientes sanos y una sonrisa resplandeciente!","publisher":{"@id":"https:\/\/www.orangedental.es\/es\/#organization"},"potentialAction":[{"@type":"SearchAction","target":{"@type":"EntryPoint","urlTemplate":"https:\/\/www.orangedental.es\/es\/?s={search_term_string}"},"query-input":{"@type":"PropertyValueSpecification","valueRequired":true,"valueName":"search_term_string"}}],"inLanguage":"es"},{"@type":"Organization","@id":"https:\/\/www.orangedental.es\/es\/#organization","name":"Orange Dental","url":"https:\/\/www.orangedental.es\/es\/","logo":{"@type":"ImageObject","inLanguage":"es","@id":"https:\/\/www.orangedental.es\/es\/#\/schema\/logo\/image\/","url":"https:\/\/i0.wp.com\/www.orangedental.es\/wp-content\/uploads\/2017\/06\/logo-Orange-Dental-cmyk.png?fit=585%2C238&ssl=1","contentUrl":"https:\/\/i0.wp.com\/www.orangedental.es\/wp-content\/uploads\/2017\/06\/logo-Orange-Dental-cmyk.png?fit=585%2C238&ssl=1","width":585,"height":238,"caption":"Orange Dental"},"image":{"@id":"https:\/\/www.orangedental.es\/es\/#\/schema\/logo\/image\/"},"sameAs":["https:\/\/www.facebook.com\/orangedentalmoraira\/"]}]}},"_links":{"self":[{"href":"https:\/\/www.orangedental.es\/es\/wp-json\/wp\/v2\/pages\/456","targetHints":{"allow":["GET"]}}],"collection":[{"href":"https:\/\/www.orangedental.es\/es\/wp-json\/wp\/v2\/pages"}],"about":[{"href":"https:\/\/www.orangedental.es\/es\/wp-json\/wp\/v2\/types\/page"}],"author":[{"embeddable":true,"href":"https:\/\/www.orangedental.es\/es\/wp-json\/wp\/v2\/users\/1"}],"replies":[{"embeddable":true,"href":"https:\/\/www.orangedental.es\/es\/wp-json\/wp\/v2\/comments?post=456"}],"version-history":[{"count":2,"href":"https:\/\/www.orangedental.es\/es\/wp-json\/wp\/v2\/pages\/456\/revisions"}],"predecessor-version":[{"id":969,"href":"https:\/\/www.orangedental.es\/es\/wp-json\/wp\/v2\/pages\/456\/revisions\/969"}],"up":[{"embeddable":true,"href":"https:\/\/www.orangedental.es\/es\/wp-json\/wp\/v2\/pages\/461"}],"wp:attachment":[{"href":"https:\/\/www.orangedental.es\/es\/wp-json\/wp\/v2\/media?parent=456"}],"curies":[{"name":"wp","href":"https:\/\/api.w.org\/{rel}","templated":true}]}}