{"id":406,"date":"2017-06-21T15:46:00","date_gmt":"2017-06-21T13:46:00","guid":{"rendered":"http:\/\/www.orangedental.es\/nuestra-practica\/"},"modified":"2023-07-26T12:10:42","modified_gmt":"2023-07-26T10:10:42","slug":"nuestra-practica","status":"publish","type":"page","link":"https:\/\/www.orangedental.es\/es\/nuestra-practica\/","title":{"rendered":"Nuestra pr\u00e1ctica"},"content":{"rendered":"[et_pb_section bb_built=\u00bb1&#8243; admin_label=\u00bbsection\u00bb inner_width=\u00bbauto\u00bb inner_max_width=\u00bb1080px\u00bb][et_pb_row admin_label=\u00bbrow\u00bb background_position=\u00bbtop_left\u00bb background_repeat=\u00bbrepeat\u00bb background_size=\u00bbinitial\u00bb width=\u00bb80%\u00bb max_width=\u00bb1080px\u00bb][et_pb_column type=\u00bb4_4&#8243; custom_padding__hover=\u00bb|||\u00bb custom_padding=\u00bb|||\u00bb][et_pb_text background_position=\u00bbtop_left\u00bb background_repeat=\u00bbrepeat\u00bb background_size=\u00bbinitial\u00bb _builder_version=\u00bb4.21.0&#8243; background_pattern_color=\u00bbrgba(0,0,0,0.2)\u00bb background_mask_color=\u00bb#ffffff\u00bb text_text_shadow_horizontal_length=\u00bbtext_text_shadow_style,%91object Object%93&#8243; text_text_shadow_horizontal_length_tablet=\u00bb0px\u00bb text_text_shadow_vertical_length=\u00bbtext_text_shadow_style,%91object Object%93&#8243; text_text_shadow_vertical_length_tablet=\u00bb0px\u00bb text_text_shadow_blur_strength=\u00bbtext_text_shadow_style,%91object Object%93&#8243; text_text_shadow_blur_strength_tablet=\u00bb1px\u00bb link_text_shadow_horizontal_length=\u00bblink_text_shadow_style,%91object Object%93&#8243; link_text_shadow_horizontal_length_tablet=\u00bb0px\u00bb link_text_shadow_vertical_length=\u00bblink_text_shadow_style,%91object Object%93&#8243; link_text_shadow_vertical_length_tablet=\u00bb0px\u00bb link_text_shadow_blur_strength=\u00bblink_text_shadow_style,%91object Object%93&#8243; link_text_shadow_blur_strength_tablet=\u00bb1px\u00bb ul_text_shadow_horizontal_length=\u00bbul_text_shadow_style,%91object Object%93&#8243; ul_text_shadow_horizontal_length_tablet=\u00bb0px\u00bb ul_text_shadow_vertical_length=\u00bbul_text_shadow_style,%91object Object%93&#8243; ul_text_shadow_vertical_length_tablet=\u00bb0px\u00bb ul_text_shadow_blur_strength=\u00bbul_text_shadow_style,%91object Object%93&#8243; ul_text_shadow_blur_strength_tablet=\u00bb1px\u00bb ol_text_shadow_horizontal_length=\u00bbol_text_shadow_style,%91object Object%93&#8243; ol_text_shadow_horizontal_length_tablet=\u00bb0px\u00bb ol_text_shadow_vertical_length=\u00bbol_text_shadow_style,%91object Object%93&#8243; ol_text_shadow_vertical_length_tablet=\u00bb0px\u00bb ol_text_shadow_blur_strength=\u00bbol_text_shadow_style,%91object Object%93&#8243; ol_text_shadow_blur_strength_tablet=\u00bb1px\u00bb quote_text_shadow_horizontal_length=\u00bbquote_text_shadow_style,%91object Object%93&#8243; quote_text_shadow_horizontal_length_tablet=\u00bb0px\u00bb quote_text_shadow_vertical_length=\u00bbquote_text_shadow_style,%91object Object%93&#8243; quote_text_shadow_vertical_length_tablet=\u00bb0px\u00bb quote_text_shadow_blur_strength=\u00bbquote_text_shadow_style,%91object Object%93&#8243; quote_text_shadow_blur_strength_tablet=\u00bb1px\u00bb header_text_shadow_horizontal_length=\u00bbheader_text_shadow_style,%91object Object%93&#8243; header_text_shadow_horizontal_length_tablet=\u00bb0px\u00bb header_text_shadow_vertical_length=\u00bbheader_text_shadow_style,%91object Object%93&#8243; header_text_shadow_vertical_length_tablet=\u00bb0px\u00bb header_text_shadow_blur_strength=\u00bbheader_text_shadow_style,%91object Object%93&#8243; header_text_shadow_blur_strength_tablet=\u00bb1px\u00bb header_2_text_shadow_horizontal_length=\u00bbheader_2_text_shadow_style,%91object Object%93&#8243; header_2_text_shadow_horizontal_length_tablet=\u00bb0px\u00bb header_2_text_shadow_vertical_length=\u00bbheader_2_text_shadow_style,%91object Object%93&#8243; header_2_text_shadow_vertical_length_tablet=\u00bb0px\u00bb header_2_text_shadow_blur_strength=\u00bbheader_2_text_shadow_style,%91object Object%93&#8243; header_2_text_shadow_blur_strength_tablet=\u00bb1px\u00bb header_3_text_shadow_horizontal_length=\u00bbheader_3_text_shadow_style,%91object Object%93&#8243; header_3_text_shadow_horizontal_length_tablet=\u00bb0px\u00bb header_3_text_shadow_vertical_length=\u00bbheader_3_text_shadow_style,%91object Object%93&#8243; header_3_text_shadow_vertical_length_tablet=\u00bb0px\u00bb header_3_text_shadow_blur_strength=\u00bbheader_3_text_shadow_style,%91object Object%93&#8243; header_3_text_shadow_blur_strength_tablet=\u00bb1px\u00bb header_4_text_shadow_horizontal_length=\u00bbheader_4_text_shadow_style,%91object Object%93&#8243; header_4_text_shadow_horizontal_length_tablet=\u00bb0px\u00bb header_4_text_shadow_vertical_length=\u00bbheader_4_text_shadow_style,%91object Object%93&#8243; header_4_text_shadow_vertical_length_tablet=\u00bb0px\u00bb header_4_text_shadow_blur_strength=\u00bbheader_4_text_shadow_style,%91object Object%93&#8243; header_4_text_shadow_blur_strength_tablet=\u00bb1px\u00bb header_5_text_shadow_horizontal_length=\u00bbheader_5_text_shadow_style,%91object Object%93&#8243; header_5_text_shadow_horizontal_length_tablet=\u00bb0px\u00bb header_5_text_shadow_vertical_length=\u00bbheader_5_text_shadow_style,%91object Object%93&#8243; header_5_text_shadow_vertical_length_tablet=\u00bb0px\u00bb header_5_text_shadow_blur_strength=\u00bbheader_5_text_shadow_style,%91object Object%93&#8243; header_5_text_shadow_blur_strength_tablet=\u00bb1px\u00bb header_6_text_shadow_horizontal_length=\u00bbheader_6_text_shadow_style,%91object Object%93&#8243; header_6_text_shadow_horizontal_length_tablet=\u00bb0px\u00bb header_6_text_shadow_vertical_length=\u00bbheader_6_text_shadow_style,%91object Object%93&#8243; header_6_text_shadow_vertical_length_tablet=\u00bb0px\u00bb header_6_text_shadow_blur_strength=\u00bbheader_6_text_shadow_style,%91object Object%93&#8243; header_6_text_shadow_blur_strength_tablet=\u00bb1px\u00bb box_shadow_horizontal_tablet=\u00bb0px\u00bb box_shadow_vertical_tablet=\u00bb0px\u00bb box_shadow_blur_tablet=\u00bb40px\u00bb box_shadow_spread_tablet=\u00bb0px\u00bb vertical_offset_tablet=\u00bb0&#8243; horizontal_offset_tablet=\u00bb0&#8243; z_index_tablet=\u00bb0&#8243;]\n<h1>Orange Dental<\/h1>\n<p>Orange Dental tiene su sede en Moraira y fue establecida por el dentista holand\u00e9s Dr. Rutger Baerends en 2013.<\/p>\n<p>Desde entonces, hemos construido una reputaci\u00f3n de ofrecer un alto nivel de atenci\u00f3n dental. Nuestro objetivo principal es mantener sus dientes sanos, alent\u00e1ndolo y ayud\u00e1ndolo a mantener una boca saludable brindando el mejor nivel de atenci\u00f3n dental a nuestros pacientes en el ambiente m\u00e1s relajado posible.<\/p>\n<p>Adem\u00e1s, ofrecemos una serie de servicios dentales especializados. Nos especializamos en endodoncia (tratamientos de conducto), odontolog\u00eda est\u00e9tica (reparadora), periodoncia (tratamiento de enc\u00edas), implantolog\u00eda y rehabilitaci\u00f3n integral, para brindar soluciones duraderas para una sonrisa natural y atractiva.<\/p>\n<p>En Orange Dental, lo tratamos como un individuo. Entendemos que las necesidades de cada paciente ser\u00e1n diferentes y dise\u00f1aremos un plan de tratamiento para satisfacer sus necesidades espec\u00edficas.<\/p>\n<h2>Calidad<\/h2>\n<p>La m\u00e1xima calidad y su bienestar son nuestra m\u00e1xima prioridad. Utilizamos solo materiales de la mejor calidad y excelentes laboratorios dentales para ofrecerle el m\u00e1s alto nivel de odontolog\u00eda.<\/p>\n<p>La cl\u00ednica est\u00e1 equipada con los \u00faltimos equipos dentales de \u00faltima generaci\u00f3n, que incluyen una m\u00e1quina de rayos X digital panor\u00e1mica de im\u00e1genes instant\u00e1neas que emite muy poca radiaci\u00f3n y un esc\u00e1ner 3D intraoral de alta precisi\u00f3n, que crea impresiones digitales precisas para ayudar a mejorar la sonrisa.<\/p>\n[\/et_pb_text][\/et_pb_column][\/et_pb_row][\/et_pb_section]\n","protected":false},"excerpt":{"rendered":"<p>Orange Dental Orange Dental tiene su sede en Moraira y fue establecida por el dentista holand\u00e9s Dr. Rutger Baerends en 2013. Desde entonces, hemos construido una reputaci\u00f3n de ofrecer un alto nivel de atenci\u00f3n dental. Nuestro objetivo principal es mantener sus dientes sanos, alent\u00e1ndolo y ayud\u00e1ndolo a mantener una boca saludable brindando el mejor nivel [&hellip;]<\/p>\n","protected":false},"author":1,"featured_media":0,"parent":0,"menu_order":20,"comment_status":"closed","ping_status":"closed","template":"","meta":{"_acf_changed":false,"_et_pb_use_builder":"on","_et_pb_old_content":"","_et_gb_content_width":"","footnotes":""},"class_list":["post-406","page","type-page","status-publish","hentry"],"acf":[],"yoast_head":"<!-- This site is optimized with the Yoast SEO plugin v27.3 - https:\/\/yoast.com\/product\/yoast-seo-wordpress\/ -->\n<title>Nuestra pr\u00e1ctica - Orange Dental: su dentista en Moraira<\/title>\n<meta name=\"description\" content=\"Orange Dental es una consulta dedicada a la odontolog\u00eda habitual, orientada al mantenimiento de la salud de sus dientes.\" \/>\n<meta name=\"robots\" content=\"index, follow, max-snippet:-1, max-image-preview:large, max-video-preview:-1\" \/>\n<link rel=\"canonical\" href=\"https:\/\/www.orangedental.es\/es\/nuestra-practica\/\" \/>\n<meta property=\"og:locale\" content=\"es_ES\" \/>\n<meta property=\"og:type\" content=\"article\" \/>\n<meta property=\"og:title\" content=\"Nuestra pr\u00e1ctica - Orange Dental: su dentista en Moraira\" \/>\n<meta property=\"og:description\" content=\"Orange Dental es una consulta dedicada a la odontolog\u00eda habitual, orientada al mantenimiento de la salud de sus dientes.\" \/>\n<meta property=\"og:url\" content=\"https:\/\/www.orangedental.es\/es\/nuestra-practica\/\" \/>\n<meta property=\"og:site_name\" content=\"Orange Dental\" \/>\n<meta property=\"article:publisher\" content=\"https:\/\/www.facebook.com\/orangedentalmoraira\/\" \/>\n<meta property=\"article:modified_time\" content=\"2023-07-26T10:10:42+00:00\" \/>\n<meta name=\"twitter:card\" content=\"summary_large_image\" \/>\n<meta name=\"twitter:label1\" content=\"Tiempo de lectura\" \/>\n\t<meta name=\"twitter:data1\" content=\"5 minutos\" \/>\n<script type=\"application\/ld+json\" class=\"yoast-schema-graph\">{\"@context\":\"https:\\\/\\\/schema.org\",\"@graph\":[{\"@type\":\"WebPage\",\"@id\":\"https:\\\/\\\/www.orangedental.es\\\/es\\\/nuestra-practica\\\/\",\"url\":\"https:\\\/\\\/www.orangedental.es\\\/es\\\/nuestra-practica\\\/\",\"name\":\"Nuestra pr\u00e1ctica - Orange Dental: su dentista en Moraira\",\"isPartOf\":{\"@id\":\"https:\\\/\\\/www.orangedental.es\\\/es\\\/#website\"},\"datePublished\":\"2017-06-21T13:46:00+00:00\",\"dateModified\":\"2023-07-26T10:10:42+00:00\",\"description\":\"Orange Dental es una consulta dedicada a la odontolog\u00eda habitual, orientada al mantenimiento de la salud de sus dientes.\",\"breadcrumb\":{\"@id\":\"https:\\\/\\\/www.orangedental.es\\\/es\\\/nuestra-practica\\\/#breadcrumb\"},\"inLanguage\":\"es\",\"potentialAction\":[{\"@type\":\"ReadAction\",\"target\":[\"https:\\\/\\\/www.orangedental.es\\\/es\\\/nuestra-practica\\\/\"]}]},{\"@type\":\"BreadcrumbList\",\"@id\":\"https:\\\/\\\/www.orangedental.es\\\/es\\\/nuestra-practica\\\/#breadcrumb\",\"itemListElement\":[{\"@type\":\"ListItem\",\"position\":1,\"name\":\"Home\",\"item\":\"https:\\\/\\\/www.orangedental.es\\\/es\\\/\"},{\"@type\":\"ListItem\",\"position\":2,\"name\":\"Nuestra pr\u00e1ctica\"}]},{\"@type\":\"WebSite\",\"@id\":\"https:\\\/\\\/www.orangedental.es\\\/es\\\/#website\",\"url\":\"https:\\\/\\\/www.orangedental.es\\\/es\\\/\",\"name\":\"Orange Dental\",\"description\":\"\u00a1Unos dientes sanos y una sonrisa resplandeciente!\",\"publisher\":{\"@id\":\"https:\\\/\\\/www.orangedental.es\\\/es\\\/#organization\"},\"potentialAction\":[{\"@type\":\"SearchAction\",\"target\":{\"@type\":\"EntryPoint\",\"urlTemplate\":\"https:\\\/\\\/www.orangedental.es\\\/es\\\/?s={search_term_string}\"},\"query-input\":{\"@type\":\"PropertyValueSpecification\",\"valueRequired\":true,\"valueName\":\"search_term_string\"}}],\"inLanguage\":\"es\"},{\"@type\":\"Organization\",\"@id\":\"https:\\\/\\\/www.orangedental.es\\\/es\\\/#organization\",\"name\":\"Orange Dental\",\"url\":\"https:\\\/\\\/www.orangedental.es\\\/es\\\/\",\"logo\":{\"@type\":\"ImageObject\",\"inLanguage\":\"es\",\"@id\":\"https:\\\/\\\/www.orangedental.es\\\/es\\\/#\\\/schema\\\/logo\\\/image\\\/\",\"url\":\"https:\\\/\\\/i0.wp.com\\\/www.orangedental.es\\\/wp-content\\\/uploads\\\/2017\\\/06\\\/logo-Orange-Dental-cmyk.png?fit=585%2C238&ssl=1\",\"contentUrl\":\"https:\\\/\\\/i0.wp.com\\\/www.orangedental.es\\\/wp-content\\\/uploads\\\/2017\\\/06\\\/logo-Orange-Dental-cmyk.png?fit=585%2C238&ssl=1\",\"width\":585,\"height\":238,\"caption\":\"Orange Dental\"},\"image\":{\"@id\":\"https:\\\/\\\/www.orangedental.es\\\/es\\\/#\\\/schema\\\/logo\\\/image\\\/\"},\"sameAs\":[\"https:\\\/\\\/www.facebook.com\\\/orangedentalmoraira\\\/\"]}]}<\/script>\n<!-- \/ Yoast SEO plugin. -->","yoast_head_json":{"title":"Nuestra pr\u00e1ctica - Orange Dental: su dentista en Moraira","description":"Orange Dental es una consulta dedicada a la odontolog\u00eda habitual, orientada al mantenimiento de la salud de sus dientes.","robots":{"index":"index","follow":"follow","max-snippet":"max-snippet:-1","max-image-preview":"max-image-preview:large","max-video-preview":"max-video-preview:-1"},"canonical":"https:\/\/www.orangedental.es\/es\/nuestra-practica\/","og_locale":"es_ES","og_type":"article","og_title":"Nuestra pr\u00e1ctica - Orange Dental: su dentista en Moraira","og_description":"Orange Dental es una consulta dedicada a la odontolog\u00eda habitual, orientada al mantenimiento de la salud de sus dientes.","og_url":"https:\/\/www.orangedental.es\/es\/nuestra-practica\/","og_site_name":"Orange Dental","article_publisher":"https:\/\/www.facebook.com\/orangedentalmoraira\/","article_modified_time":"2023-07-26T10:10:42+00:00","twitter_card":"summary_large_image","twitter_misc":{"Tiempo de lectura":"5 minutos"},"schema":{"@context":"https:\/\/schema.org","@graph":[{"@type":"WebPage","@id":"https:\/\/www.orangedental.es\/es\/nuestra-practica\/","url":"https:\/\/www.orangedental.es\/es\/nuestra-practica\/","name":"Nuestra pr\u00e1ctica - Orange Dental: su dentista en Moraira","isPartOf":{"@id":"https:\/\/www.orangedental.es\/es\/#website"},"datePublished":"2017-06-21T13:46:00+00:00","dateModified":"2023-07-26T10:10:42+00:00","description":"Orange Dental es una consulta dedicada a la odontolog\u00eda habitual, orientada al mantenimiento de la salud de sus dientes.","breadcrumb":{"@id":"https:\/\/www.orangedental.es\/es\/nuestra-practica\/#breadcrumb"},"inLanguage":"es","potentialAction":[{"@type":"ReadAction","target":["https:\/\/www.orangedental.es\/es\/nuestra-practica\/"]}]},{"@type":"BreadcrumbList","@id":"https:\/\/www.orangedental.es\/es\/nuestra-practica\/#breadcrumb","itemListElement":[{"@type":"ListItem","position":1,"name":"Home","item":"https:\/\/www.orangedental.es\/es\/"},{"@type":"ListItem","position":2,"name":"Nuestra pr\u00e1ctica"}]},{"@type":"WebSite","@id":"https:\/\/www.orangedental.es\/es\/#website","url":"https:\/\/www.orangedental.es\/es\/","name":"Orange Dental","description":"\u00a1Unos dientes sanos y una sonrisa resplandeciente!","publisher":{"@id":"https:\/\/www.orangedental.es\/es\/#organization"},"potentialAction":[{"@type":"SearchAction","target":{"@type":"EntryPoint","urlTemplate":"https:\/\/www.orangedental.es\/es\/?s={search_term_string}"},"query-input":{"@type":"PropertyValueSpecification","valueRequired":true,"valueName":"search_term_string"}}],"inLanguage":"es"},{"@type":"Organization","@id":"https:\/\/www.orangedental.es\/es\/#organization","name":"Orange Dental","url":"https:\/\/www.orangedental.es\/es\/","logo":{"@type":"ImageObject","inLanguage":"es","@id":"https:\/\/www.orangedental.es\/es\/#\/schema\/logo\/image\/","url":"https:\/\/i0.wp.com\/www.orangedental.es\/wp-content\/uploads\/2017\/06\/logo-Orange-Dental-cmyk.png?fit=585%2C238&ssl=1","contentUrl":"https:\/\/i0.wp.com\/www.orangedental.es\/wp-content\/uploads\/2017\/06\/logo-Orange-Dental-cmyk.png?fit=585%2C238&ssl=1","width":585,"height":238,"caption":"Orange Dental"},"image":{"@id":"https:\/\/www.orangedental.es\/es\/#\/schema\/logo\/image\/"},"sameAs":["https:\/\/www.facebook.com\/orangedentalmoraira\/"]}]}},"_links":{"self":[{"href":"https:\/\/www.orangedental.es\/es\/wp-json\/wp\/v2\/pages\/406","targetHints":{"allow":["GET"]}}],"collection":[{"href":"https:\/\/www.orangedental.es\/es\/wp-json\/wp\/v2\/pages"}],"about":[{"href":"https:\/\/www.orangedental.es\/es\/wp-json\/wp\/v2\/types\/page"}],"author":[{"embeddable":true,"href":"https:\/\/www.orangedental.es\/es\/wp-json\/wp\/v2\/users\/1"}],"replies":[{"embeddable":true,"href":"https:\/\/www.orangedental.es\/es\/wp-json\/wp\/v2\/comments?post=406"}],"version-history":[{"count":6,"href":"https:\/\/www.orangedental.es\/es\/wp-json\/wp\/v2\/pages\/406\/revisions"}],"predecessor-version":[{"id":1398,"href":"https:\/\/www.orangedental.es\/es\/wp-json\/wp\/v2\/pages\/406\/revisions\/1398"}],"wp:attachment":[{"href":"https:\/\/www.orangedental.es\/es\/wp-json\/wp\/v2\/media?parent=406"}],"curies":[{"name":"wp","href":"https:\/\/api.w.org\/{rel}","templated":true}]}}