{"id":391,"date":"2017-06-14T16:13:50","date_gmt":"2017-06-14T14:13:50","guid":{"rendered":"http:\/\/www.orangedental.es\/unos-dientes-sanos-y-una-sonrisa-resplandeciente\/"},"modified":"2023-06-29T10:29:43","modified_gmt":"2023-06-29T08:29:43","slug":"unos-dientes-sanos-y-una-sonrisa-resplandeciente","status":"publish","type":"page","link":"https:\/\/www.orangedental.es\/es\/","title":{"rendered":"\u00a1Tu dentista en Moraira!"},"content":{"rendered":"[et_pb_section bb_built=\u00bb1&#8243; fullwidth=\u00bbon\u00bb specialty=\u00bboff\u00bb next_background_color=\u00bb#000000&#8243; inner_width=\u00bbauto\u00bb inner_max_width=\u00bb1080px\u00bb][et_pb_fullwidth_header _builder_version=\u00bb3.0.89&#8243; text_orientation=\u00bbcenter\u00bb header_fullscreen=\u00bbon\u00bb header_scroll_down=\u00bbon\u00bb image_orientation=\u00bbcenter\u00bb background_layout=\u00bblight\u00bb content_orientation=\u00bbcenter\u00bb custom_button_two=\u00bboff\u00bb button_two_icon_placement=\u00bbright\u00bb custom_button_one=\u00bboff\u00bb button_one_icon_placement=\u00bbright\u00bb scroll_down_icon=\u00bb%%9%%\u00bb use_background_color_gradient=\u00bbon\u00bb background_image=\u00bbhttps:\/\/www.orangedental.es\/wp-content\/uploads\/2017\/06\/WhatsApp-Image-2017-06-23-at-14.20.58.jpeg\u00bb parallax=\u00bbon\u00bb title=\u00bb\u00a1Unos dientes sanos y una sonrisa resplandeciente!\u00bb logo_image_url=\u00bbhttp:\/\/www.orangedental.es\/wp-content\/uploads\/2017\/06\/logo-Orange-Dental-cmyk.png\u00bb title_font=\u00bb|on|||\u00bb title_text_color=\u00bb#000000&#8243; background_overlay_color=\u00bbrgba(255,255,255,0.3)\u00bb button_two_border_radius=\u00bb0&#8243; button_one_border_radius=\u00bb0&#8243; scroll_down_icon_color=\u00bb#f18b00&#8243; background_color_gradient_start=\u00bbrgba(255,255,255,0)\u00bb background_color_gradient_end=\u00bbrgba(255,255,255,0)\u00bb max_width_tablet=\u00bb50px\u00bb background_color=\u00bbrgba(255, 255, 255, 0)\u00bb button_one_text_size__hover_enabled=\u00bboff\u00bb button_two_text_size__hover_enabled=\u00bboff\u00bb button_one_text_color__hover_enabled=\u00bboff\u00bb button_two_text_color__hover_enabled=\u00bboff\u00bb button_one_border_width__hover_enabled=\u00bboff\u00bb button_two_border_width__hover_enabled=\u00bboff\u00bb button_one_border_color__hover_enabled=\u00bboff\u00bb button_two_border_color__hover_enabled=\u00bboff\u00bb button_one_border_radius__hover_enabled=\u00bboff\u00bb button_two_border_radius__hover_enabled=\u00bboff\u00bb button_one_letter_spacing__hover_enabled=\u00bboff\u00bb button_two_letter_spacing__hover_enabled=\u00bboff\u00bb button_one_bg_color__hover_enabled=\u00bboff\u00bb button_two_bg_color__hover_enabled=\u00bboff\u00bb background_color_gradient_stops=\u00bbrgba(255,255,255,0) 0%|rgba(255,255,255,0) 100%\u00bb \/][\/et_pb_section][et_pb_section bb_built=\u00bb1&#8243; admin_label=\u00bbsection\u00bb prev_background_color=\u00bb#000000&#8243; inner_width=\u00bbauto\u00bb inner_max_width=\u00bb1080px\u00bb][et_pb_row background_position=\u00bbtop_left\u00bb background_repeat=\u00bbrepeat\u00bb background_size=\u00bbinitial\u00bb width=\u00bb80%\u00bb max_width=\u00bb1080px\u00bb][et_pb_column type=\u00bb4_4&#8243; custom_padding__hover=\u00bb|||\u00bb custom_padding=\u00bb|||\u00bb][et_pb_text _builder_version=\u00bb3.11&#8243; text_orientation=\u00bbleft\u00bb]\n<h1>\u00a1Orange Dental:\u00a0tu dentista en Moraira!<\/h1>\n[\/et_pb_text][\/et_pb_column][\/et_pb_row][et_pb_row admin_label=\u00bbrow\u00bb background_position=\u00bbtop_left\u00bb background_repeat=\u00bbrepeat\u00bb background_size=\u00bbinitial\u00bb width=\u00bb80%\u00bb max_width=\u00bb1080px\u00bb][et_pb_column type=\u00bb2_3&#8243; custom_padding__hover=\u00bb|||\u00bb custom_padding=\u00bb|||\u00bb][et_pb_text text_orientation=\u00bbjustified\u00bb background_position=\u00bbtop_left\u00bb background_repeat=\u00bbrepeat\u00bb background_size=\u00bbinitial\u00bb _builder_version=\u00bb4.21.0&#8243; background_pattern_color=\u00bbrgba(0,0,0,0.2)\u00bb background_mask_color=\u00bb#ffffff\u00bb text_text_shadow_horizontal_length=\u00bbtext_text_shadow_style,%91object Object%93&#8243; text_text_shadow_horizontal_length_tablet=\u00bb0px\u00bb text_text_shadow_vertical_length=\u00bbtext_text_shadow_style,%91object Object%93&#8243; text_text_shadow_vertical_length_tablet=\u00bb0px\u00bb text_text_shadow_blur_strength=\u00bbtext_text_shadow_style,%91object Object%93&#8243; text_text_shadow_blur_strength_tablet=\u00bb1px\u00bb link_text_shadow_horizontal_length=\u00bblink_text_shadow_style,%91object Object%93&#8243; link_text_shadow_horizontal_length_tablet=\u00bb0px\u00bb link_text_shadow_vertical_length=\u00bblink_text_shadow_style,%91object Object%93&#8243; link_text_shadow_vertical_length_tablet=\u00bb0px\u00bb link_text_shadow_blur_strength=\u00bblink_text_shadow_style,%91object Object%93&#8243; link_text_shadow_blur_strength_tablet=\u00bb1px\u00bb ul_text_shadow_horizontal_length=\u00bbul_text_shadow_style,%91object Object%93&#8243; ul_text_shadow_horizontal_length_tablet=\u00bb0px\u00bb ul_text_shadow_vertical_length=\u00bbul_text_shadow_style,%91object Object%93&#8243; ul_text_shadow_vertical_length_tablet=\u00bb0px\u00bb ul_text_shadow_blur_strength=\u00bbul_text_shadow_style,%91object Object%93&#8243; ul_text_shadow_blur_strength_tablet=\u00bb1px\u00bb ol_text_shadow_horizontal_length=\u00bbol_text_shadow_style,%91object Object%93&#8243; ol_text_shadow_horizontal_length_tablet=\u00bb0px\u00bb ol_text_shadow_vertical_length=\u00bbol_text_shadow_style,%91object Object%93&#8243; ol_text_shadow_vertical_length_tablet=\u00bb0px\u00bb ol_text_shadow_blur_strength=\u00bbol_text_shadow_style,%91object Object%93&#8243; ol_text_shadow_blur_strength_tablet=\u00bb1px\u00bb quote_text_shadow_horizontal_length=\u00bbquote_text_shadow_style,%91object Object%93&#8243; quote_text_shadow_horizontal_length_tablet=\u00bb0px\u00bb quote_text_shadow_vertical_length=\u00bbquote_text_shadow_style,%91object Object%93&#8243; quote_text_shadow_vertical_length_tablet=\u00bb0px\u00bb quote_text_shadow_blur_strength=\u00bbquote_text_shadow_style,%91object Object%93&#8243; quote_text_shadow_blur_strength_tablet=\u00bb1px\u00bb header_text_shadow_horizontal_length=\u00bbheader_text_shadow_style,%91object Object%93&#8243; header_text_shadow_horizontal_length_tablet=\u00bb0px\u00bb header_text_shadow_vertical_length=\u00bbheader_text_shadow_style,%91object Object%93&#8243; header_text_shadow_vertical_length_tablet=\u00bb0px\u00bb header_text_shadow_blur_strength=\u00bbheader_text_shadow_style,%91object Object%93&#8243; header_text_shadow_blur_strength_tablet=\u00bb1px\u00bb header_2_text_shadow_horizontal_length=\u00bbheader_2_text_shadow_style,%91object Object%93&#8243; header_2_text_shadow_horizontal_length_tablet=\u00bb0px\u00bb header_2_text_shadow_vertical_length=\u00bbheader_2_text_shadow_style,%91object Object%93&#8243; header_2_text_shadow_vertical_length_tablet=\u00bb0px\u00bb header_2_text_shadow_blur_strength=\u00bbheader_2_text_shadow_style,%91object Object%93&#8243; header_2_text_shadow_blur_strength_tablet=\u00bb1px\u00bb header_3_text_shadow_horizontal_length=\u00bbheader_3_text_shadow_style,%91object Object%93&#8243; header_3_text_shadow_horizontal_length_tablet=\u00bb0px\u00bb header_3_text_shadow_vertical_length=\u00bbheader_3_text_shadow_style,%91object Object%93&#8243; header_3_text_shadow_vertical_length_tablet=\u00bb0px\u00bb header_3_text_shadow_blur_strength=\u00bbheader_3_text_shadow_style,%91object Object%93&#8243; header_3_text_shadow_blur_strength_tablet=\u00bb1px\u00bb header_4_text_shadow_horizontal_length=\u00bbheader_4_text_shadow_style,%91object Object%93&#8243; header_4_text_shadow_horizontal_length_tablet=\u00bb0px\u00bb header_4_text_shadow_vertical_length=\u00bbheader_4_text_shadow_style,%91object Object%93&#8243; header_4_text_shadow_vertical_length_tablet=\u00bb0px\u00bb header_4_text_shadow_blur_strength=\u00bbheader_4_text_shadow_style,%91object Object%93&#8243; header_4_text_shadow_blur_strength_tablet=\u00bb1px\u00bb header_5_text_shadow_horizontal_length=\u00bbheader_5_text_shadow_style,%91object Object%93&#8243; header_5_text_shadow_horizontal_length_tablet=\u00bb0px\u00bb header_5_text_shadow_vertical_length=\u00bbheader_5_text_shadow_style,%91object Object%93&#8243; header_5_text_shadow_vertical_length_tablet=\u00bb0px\u00bb header_5_text_shadow_blur_strength=\u00bbheader_5_text_shadow_style,%91object Object%93&#8243; header_5_text_shadow_blur_strength_tablet=\u00bb1px\u00bb header_6_text_shadow_horizontal_length=\u00bbheader_6_text_shadow_style,%91object Object%93&#8243; header_6_text_shadow_horizontal_length_tablet=\u00bb0px\u00bb header_6_text_shadow_vertical_length=\u00bbheader_6_text_shadow_style,%91object Object%93&#8243; header_6_text_shadow_vertical_length_tablet=\u00bb0px\u00bb header_6_text_shadow_blur_strength=\u00bbheader_6_text_shadow_style,%91object Object%93&#8243; header_6_text_shadow_blur_strength_tablet=\u00bb1px\u00bb box_shadow_horizontal_tablet=\u00bb0px\u00bb box_shadow_vertical_tablet=\u00bb0px\u00bb box_shadow_blur_tablet=\u00bb40px\u00bb box_shadow_spread_tablet=\u00bb0px\u00bb vertical_offset_tablet=\u00bb0&#8243; horizontal_offset_tablet=\u00bb0&#8243; z_index_tablet=\u00bb0&#8243;]\n<h3>\u00a1Dientes sanos y una sonrisa radiante!<\/h3>\n<p><strong>\u00bfQui\u00e9n no querr\u00eda eso? Por eso te invitamos a visitar nuestro sitio web y conocer m\u00e1s sobre Orange Dental. Orange Dental se encuentra en HCB Clinica Asistel en Moraira.<\/strong><\/p>\n<p>Mientras explora nuestro sitio web, notar\u00e1 que no solo hacemos odontolog\u00eda regular, destinada a mantener sus dientes sanos, sino que tambi\u00e9n ofrecemos servicios en una serie de especialidades dentales, brindando soluciones para los dientes que no est\u00e1n en condiciones \u00f3ptimas.<\/p>\n<p>Gracias a los avances tecnol\u00f3gicos, los nuevos m\u00e9todos de tratamiento y el uso de materiales avanzados, estas soluciones est\u00e1n disponibles y al alcance de todos y pueden ayudarlo a lograr la sonrisa que siempre ha deseado.<\/p>\n<p>Algunos ejemplos son: implantes, coronas completas de cer\u00e1mica, carillas y blanqueamiento.<\/p>\n<h3>Colaboraci\u00f3n con Cl\u00ednica Dental Albir y Via Dental Altea<\/h3>\n<p>Para proporcionar una gama completa de servicios dentales de calidad, Orange Dental tambi\u00e9n trabaja en estrecha colaboraci\u00f3n con <a href=\"http:\/\/clinicadentalalbir.com\/\" target=\"_blank\" rel=\"noopener\">Clinica Dental Albir<\/a>, la pr\u00e1ctica de los dentistas holandeses Adjan van Bergeijk y Bert Bruggeman; especializado en Cirug\u00eda Bucal extensiva, y equipado con un Rayo X 3D de alta definici\u00f3n,<br \/>\ny con <a href=\"https:\/\/www.viaclinicadental.es\" target=\"_blank\" rel=\"noopener\">V\u00eda Clinica Dental Altea<\/a>, la consulta de la odont\u00f3loga espa\u00f1ola Virginia Valle Sales, altamente especializada en odontolog\u00eda est\u00e9tica y es experto en bruxismo y trastornos temporomandibulares.<\/p>\n<p>Gracias a esta colaboraci\u00f3n tienes garantizada una asistencia dental de alta calidad, en todos los aspectos de la odontolog\u00eda.<br \/>\nPara m\u00e1s informaci\u00f3n visite: <a href=\"http:\/\/www.clinicadentalalbir.com\" target=\"_blank\" rel=\"noopener\">www.clinicadentalalbir.com<\/a>,&nbsp;<a href=\"https:\/\/www.viaclinicadental.es\" target=\"_blank\" rel=\"noopener\">www.viaclinicadental.es<\/a><\/p>\n<h3>\u00bfTambi\u00e9n quieres mejorar el aspecto de tus dientes y tener una boca sana y una sonrisa radiante?<\/h3>\n<p>Por favor, eche un vistazo a nuestro sitio web, o vis\u00edtenos en nuestra pr\u00e1ctica.<br \/>\n\u00a1Esperamos darle la bienvenida pronto como uno de nuestros valiosos clientes!<\/p>\n<p>Hablamos holand\u00e9s, espa\u00f1ol, alem\u00e1n e ingl\u00e9s.<\/p>\n[\/et_pb_text][\/et_pb_column][et_pb_column type=\u00bb1_3&#8243; custom_padding__hover=\u00bb|||\u00bb custom_padding=\u00bb|||\u00bb][et_pb_image _builder_version=\u00bb3.11&#8243; src=\u00bbhttps:\/\/www.orangedental.es\/wp-content\/uploads\/2017\/06\/WhatsApp-Image-2017-06-27-at-19.28.52.jpeg\u00bb show_in_lightbox=\u00bbon\u00bb sticky=\u00bboff\u00bb border_style=\u00bbsolid\u00bb animation_style=\u00bbslide\u00bb animation_duration=\u00bb500ms\u00bb animation_intensity_slide=\u00bb10%\u00bb animation_direction=\u00bbleft\u00bb align_last_edited=\u00bbon|desktop\u00bb align_tablet=\u00bbcenter\u00bb \/][\/et_pb_column][\/et_pb_row][\/et_pb_section]\n","protected":false},"excerpt":{"rendered":"<p>\u00a1Orange Dental:\u00a0tu dentista en Moraira! \u00a1Dientes sanos y una sonrisa radiante! \u00bfQui\u00e9n no querr\u00eda eso? Por eso te invitamos a visitar nuestro sitio web y conocer m\u00e1s sobre Orange Dental. Orange Dental se encuentra en HCB Clinica Asistel en Moraira. Mientras explora nuestro sitio web, notar\u00e1 que no solo hacemos odontolog\u00eda regular, destinada a mantener [&hellip;]<\/p>\n","protected":false},"author":1,"featured_media":265,"parent":0,"menu_order":10,"comment_status":"closed","ping_status":"closed","template":"","meta":{"_acf_changed":false,"_et_pb_use_builder":"on","_et_pb_old_content":"","_et_gb_content_width":"","footnotes":""},"class_list":["post-391","page","type-page","status-publish","has-post-thumbnail","hentry"],"acf":[],"yoast_head":"<!-- This site is optimized with the Yoast SEO plugin v27.5 - https:\/\/yoast.com\/product\/yoast-seo-wordpress\/ -->\n<title>\u00a1Tu dentista en Moraira! - Orange Dental<\/title>\n<meta name=\"description\" content=\"Orange Dental: su dentista holand\u00e9s para Moraira, Teulada, Benitachell y Javea. Orange Dental es una pr\u00e1ctica para odontolog\u00eda.\" \/>\n<meta name=\"robots\" content=\"index, follow, max-snippet:-1, max-image-preview:large, max-video-preview:-1\" \/>\n<link rel=\"canonical\" href=\"https:\/\/www.orangedental.es\/es\/\" \/>\n<meta property=\"og:locale\" content=\"es_ES\" \/>\n<meta property=\"og:type\" content=\"article\" \/>\n<meta property=\"og:title\" content=\"\u00a1Orange Dental: su dentista en Moraira!\" \/>\n<meta property=\"og:description\" content=\"Orange Dental: su dentista holand\u00e9s para Moraira, Teulada, Benitachell y Javea. Orange Dental es una pr\u00e1ctica para odontolog\u00eda.\" \/>\n<meta property=\"og:url\" content=\"https:\/\/www.orangedental.es\/es\/\" \/>\n<meta property=\"og:site_name\" content=\"Orange Dental\" \/>\n<meta property=\"article:publisher\" content=\"https:\/\/www.facebook.com\/orangedentalmoraira\/\" \/>\n<meta property=\"article:modified_time\" content=\"2023-06-29T08:29:43+00:00\" \/>\n<meta property=\"og:image\" content=\"https:\/\/www.orangedental.es\/wp-content\/uploads\/2017\/06\/WhatsApp-Image-2017-06-23-at-14.20.58.jpeg\" \/>\n<meta name=\"twitter:card\" content=\"summary_large_image\" \/>\n<meta name=\"twitter:label1\" content=\"Tiempo de lectura\" \/>\n\t<meta name=\"twitter:data1\" content=\"7 minutos\" \/>\n<script type=\"application\/ld+json\" class=\"yoast-schema-graph\">{\"@context\":\"https:\\\/\\\/schema.org\",\"@graph\":[{\"@type\":\"WebPage\",\"@id\":\"https:\\\/\\\/www.orangedental.es\\\/es\\\/\",\"url\":\"https:\\\/\\\/www.orangedental.es\\\/es\\\/\",\"name\":\"\u00a1Tu dentista en Moraira! - Orange Dental\",\"isPartOf\":{\"@id\":\"https:\\\/\\\/www.orangedental.es\\\/es\\\/#website\"},\"primaryImageOfPage\":{\"@id\":\"https:\\\/\\\/www.orangedental.es\\\/es\\\/#primaryimage\"},\"image\":{\"@id\":\"https:\\\/\\\/www.orangedental.es\\\/es\\\/#primaryimage\"},\"thumbnailUrl\":\"https:\\\/\\\/www.orangedental.es\\\/wp-content\\\/uploads\\\/2017\\\/06\\\/WhatsApp-Image-2017-06-23-at-14.20.58.jpeg\",\"datePublished\":\"2017-06-14T14:13:50+00:00\",\"dateModified\":\"2023-06-29T08:29:43+00:00\",\"description\":\"Orange Dental: su dentista holand\u00e9s para Moraira, Teulada, Benitachell y Javea. Orange Dental es una pr\u00e1ctica para odontolog\u00eda.\",\"breadcrumb\":{\"@id\":\"https:\\\/\\\/www.orangedental.es\\\/es\\\/#breadcrumb\"},\"inLanguage\":\"es\",\"potentialAction\":[{\"@type\":\"ReadAction\",\"target\":[\"https:\\\/\\\/www.orangedental.es\\\/es\\\/\"]}]},{\"@type\":\"ImageObject\",\"inLanguage\":\"es\",\"@id\":\"https:\\\/\\\/www.orangedental.es\\\/es\\\/#primaryimage\",\"url\":\"https:\\\/\\\/www.orangedental.es\\\/wp-content\\\/uploads\\\/2017\\\/06\\\/WhatsApp-Image-2017-06-23-at-14.20.58.jpeg\",\"contentUrl\":\"https:\\\/\\\/www.orangedental.es\\\/wp-content\\\/uploads\\\/2017\\\/06\\\/WhatsApp-Image-2017-06-23-at-14.20.58.jpeg\",\"width\":1500,\"height\":843,\"caption\":\"Orange Dental\"},{\"@type\":\"BreadcrumbList\",\"@id\":\"https:\\\/\\\/www.orangedental.es\\\/es\\\/#breadcrumb\",\"itemListElement\":[{\"@type\":\"ListItem\",\"position\":1,\"name\":\"Home\",\"item\":\"https:\\\/\\\/www.orangedental.es\\\/es\\\/\"},{\"@type\":\"ListItem\",\"position\":2,\"name\":\"\u00a1Tu dentista en Moraira!\"}]},{\"@type\":\"WebSite\",\"@id\":\"https:\\\/\\\/www.orangedental.es\\\/es\\\/#website\",\"url\":\"https:\\\/\\\/www.orangedental.es\\\/es\\\/\",\"name\":\"Orange Dental\",\"description\":\"\u00a1Unos dientes sanos y una sonrisa resplandeciente!\",\"publisher\":{\"@id\":\"https:\\\/\\\/www.orangedental.es\\\/es\\\/#organization\"},\"potentialAction\":[{\"@type\":\"SearchAction\",\"target\":{\"@type\":\"EntryPoint\",\"urlTemplate\":\"https:\\\/\\\/www.orangedental.es\\\/es\\\/?s={search_term_string}\"},\"query-input\":{\"@type\":\"PropertyValueSpecification\",\"valueRequired\":true,\"valueName\":\"search_term_string\"}}],\"inLanguage\":\"es\"},{\"@type\":\"Organization\",\"@id\":\"https:\\\/\\\/www.orangedental.es\\\/es\\\/#organization\",\"name\":\"Orange Dental\",\"url\":\"https:\\\/\\\/www.orangedental.es\\\/es\\\/\",\"logo\":{\"@type\":\"ImageObject\",\"inLanguage\":\"es\",\"@id\":\"https:\\\/\\\/www.orangedental.es\\\/es\\\/#\\\/schema\\\/logo\\\/image\\\/\",\"url\":\"https:\\\/\\\/i0.wp.com\\\/www.orangedental.es\\\/wp-content\\\/uploads\\\/2017\\\/06\\\/logo-Orange-Dental-cmyk.png?fit=585%2C238&ssl=1\",\"contentUrl\":\"https:\\\/\\\/i0.wp.com\\\/www.orangedental.es\\\/wp-content\\\/uploads\\\/2017\\\/06\\\/logo-Orange-Dental-cmyk.png?fit=585%2C238&ssl=1\",\"width\":585,\"height\":238,\"caption\":\"Orange Dental\"},\"image\":{\"@id\":\"https:\\\/\\\/www.orangedental.es\\\/es\\\/#\\\/schema\\\/logo\\\/image\\\/\"},\"sameAs\":[\"https:\\\/\\\/www.facebook.com\\\/orangedentalmoraira\\\/\"]}]}<\/script>\n<!-- \/ Yoast SEO plugin. -->","yoast_head_json":{"title":"\u00a1Tu dentista en Moraira! - Orange Dental","description":"Orange Dental: su dentista holand\u00e9s para Moraira, Teulada, Benitachell y Javea. Orange Dental es una pr\u00e1ctica para odontolog\u00eda.","robots":{"index":"index","follow":"follow","max-snippet":"max-snippet:-1","max-image-preview":"max-image-preview:large","max-video-preview":"max-video-preview:-1"},"canonical":"https:\/\/www.orangedental.es\/es\/","og_locale":"es_ES","og_type":"article","og_title":"\u00a1Orange Dental: su dentista en Moraira!","og_description":"Orange Dental: su dentista holand\u00e9s para Moraira, Teulada, Benitachell y Javea. Orange Dental es una pr\u00e1ctica para odontolog\u00eda.","og_url":"https:\/\/www.orangedental.es\/es\/","og_site_name":"Orange Dental","article_publisher":"https:\/\/www.facebook.com\/orangedentalmoraira\/","article_modified_time":"2023-06-29T08:29:43+00:00","og_image":[{"url":"https:\/\/www.orangedental.es\/wp-content\/uploads\/2017\/06\/WhatsApp-Image-2017-06-23-at-14.20.58.jpeg","type":"","width":"","height":""}],"twitter_card":"summary_large_image","twitter_misc":{"Tiempo de lectura":"7 minutos"},"schema":{"@context":"https:\/\/schema.org","@graph":[{"@type":"WebPage","@id":"https:\/\/www.orangedental.es\/es\/","url":"https:\/\/www.orangedental.es\/es\/","name":"\u00a1Tu dentista en Moraira! - Orange Dental","isPartOf":{"@id":"https:\/\/www.orangedental.es\/es\/#website"},"primaryImageOfPage":{"@id":"https:\/\/www.orangedental.es\/es\/#primaryimage"},"image":{"@id":"https:\/\/www.orangedental.es\/es\/#primaryimage"},"thumbnailUrl":"https:\/\/www.orangedental.es\/wp-content\/uploads\/2017\/06\/WhatsApp-Image-2017-06-23-at-14.20.58.jpeg","datePublished":"2017-06-14T14:13:50+00:00","dateModified":"2023-06-29T08:29:43+00:00","description":"Orange Dental: su dentista holand\u00e9s para Moraira, Teulada, Benitachell y Javea. Orange Dental es una pr\u00e1ctica para odontolog\u00eda.","breadcrumb":{"@id":"https:\/\/www.orangedental.es\/es\/#breadcrumb"},"inLanguage":"es","potentialAction":[{"@type":"ReadAction","target":["https:\/\/www.orangedental.es\/es\/"]}]},{"@type":"ImageObject","inLanguage":"es","@id":"https:\/\/www.orangedental.es\/es\/#primaryimage","url":"https:\/\/www.orangedental.es\/wp-content\/uploads\/2017\/06\/WhatsApp-Image-2017-06-23-at-14.20.58.jpeg","contentUrl":"https:\/\/www.orangedental.es\/wp-content\/uploads\/2017\/06\/WhatsApp-Image-2017-06-23-at-14.20.58.jpeg","width":1500,"height":843,"caption":"Orange Dental"},{"@type":"BreadcrumbList","@id":"https:\/\/www.orangedental.es\/es\/#breadcrumb","itemListElement":[{"@type":"ListItem","position":1,"name":"Home","item":"https:\/\/www.orangedental.es\/es\/"},{"@type":"ListItem","position":2,"name":"\u00a1Tu dentista en Moraira!"}]},{"@type":"WebSite","@id":"https:\/\/www.orangedental.es\/es\/#website","url":"https:\/\/www.orangedental.es\/es\/","name":"Orange Dental","description":"\u00a1Unos dientes sanos y una sonrisa resplandeciente!","publisher":{"@id":"https:\/\/www.orangedental.es\/es\/#organization"},"potentialAction":[{"@type":"SearchAction","target":{"@type":"EntryPoint","urlTemplate":"https:\/\/www.orangedental.es\/es\/?s={search_term_string}"},"query-input":{"@type":"PropertyValueSpecification","valueRequired":true,"valueName":"search_term_string"}}],"inLanguage":"es"},{"@type":"Organization","@id":"https:\/\/www.orangedental.es\/es\/#organization","name":"Orange Dental","url":"https:\/\/www.orangedental.es\/es\/","logo":{"@type":"ImageObject","inLanguage":"es","@id":"https:\/\/www.orangedental.es\/es\/#\/schema\/logo\/image\/","url":"https:\/\/i0.wp.com\/www.orangedental.es\/wp-content\/uploads\/2017\/06\/logo-Orange-Dental-cmyk.png?fit=585%2C238&ssl=1","contentUrl":"https:\/\/i0.wp.com\/www.orangedental.es\/wp-content\/uploads\/2017\/06\/logo-Orange-Dental-cmyk.png?fit=585%2C238&ssl=1","width":585,"height":238,"caption":"Orange Dental"},"image":{"@id":"https:\/\/www.orangedental.es\/es\/#\/schema\/logo\/image\/"},"sameAs":["https:\/\/www.facebook.com\/orangedentalmoraira\/"]}]}},"_links":{"self":[{"href":"https:\/\/www.orangedental.es\/es\/wp-json\/wp\/v2\/pages\/391","targetHints":{"allow":["GET"]}}],"collection":[{"href":"https:\/\/www.orangedental.es\/es\/wp-json\/wp\/v2\/pages"}],"about":[{"href":"https:\/\/www.orangedental.es\/es\/wp-json\/wp\/v2\/types\/page"}],"author":[{"embeddable":true,"href":"https:\/\/www.orangedental.es\/es\/wp-json\/wp\/v2\/users\/1"}],"replies":[{"embeddable":true,"href":"https:\/\/www.orangedental.es\/es\/wp-json\/wp\/v2\/comments?post=391"}],"version-history":[{"count":8,"href":"https:\/\/www.orangedental.es\/es\/wp-json\/wp\/v2\/pages\/391\/revisions"}],"predecessor-version":[{"id":1340,"href":"https:\/\/www.orangedental.es\/es\/wp-json\/wp\/v2\/pages\/391\/revisions\/1340"}],"wp:featuredmedia":[{"embeddable":true,"href":"https:\/\/www.orangedental.es\/es\/wp-json\/wp\/v2\/media\/265"}],"wp:attachment":[{"href":"https:\/\/www.orangedental.es\/es\/wp-json\/wp\/v2\/media?parent=391"}],"curies":[{"name":"wp","href":"https:\/\/api.w.org\/{rel}","templated":true}]}}