{"id":507,"date":"2017-06-21T15:47:21","date_gmt":"2017-06-21T13:47:21","guid":{"rendered":"http:\/\/www.orangedental.es\/behandlungen\/"},"modified":"2023-06-29T13:00:17","modified_gmt":"2023-06-29T11:00:17","slug":"behandlungen","status":"publish","type":"page","link":"https:\/\/www.orangedental.es\/de\/behandlungen\/","title":{"rendered":"Behandlungen"},"content":{"rendered":"[et_pb_section bb_built=&#8220;1&#8243; admin_label=&#8220;section&#8220; inner_width=&#8220;auto&#8220; inner_max_width=&#8220;none&#8220;][et_pb_row admin_label=&#8220;row&#8220; background_position=&#8220;top_left&#8220; background_repeat=&#8220;repeat&#8220; background_size=&#8220;initial&#8220; width=&#8220;80%&#8220; max_width=&#8220;1080px&#8220;][et_pb_column type=&#8220;4_4&#8243;][et_pb_text admin_label=&#8220;Wat kunnen wij u bieden&#8220; background_position=&#8220;top_left&#8220; background_repeat=&#8220;repeat&#8220; background_size=&#8220;initial&#8220; _builder_version=&#8220;3.13.1&#8243; text_orientation=&#8220;justified&#8220;]\n<h1>Was k\u00f6nnen wir Ihnen bieten?<\/h1>\n<p><strong>Orange Dental ist eine Praxis f\u00fcr allgemeine Zahnmedizin und Zahnimplantation. Nach dem Motto &#8218;Vorbeugen ist besser als Heilen&#8216; schenken wir der prophylaktischen Zahnmedizin und Mundhygiene viel Aufmerksamkeit. Auch wenn eine Spezialbehandlung notwendig oder erw\u00fcnscht ist (zum Beispiel aus \u00e4sthetischen Gesichtspunkten), sind Sie bei uns an der richtigen Adresse. <\/strong><\/p>\n<h2>Qualit\u00e4t<\/h2>\n<p>Qualit\u00e4t, \u00c4sthetik und Nachhaltigkeit stehen bei uns im Mittelpunkt. Wir behandeln Sie mit den modernsten Ger\u00e4ten und Materialien und den neusten Behandlungsmethoden. Bei Bedarf oder auf Wunsch behandeln wir Sie mit lokaler Bet\u00e4ubung, somit schmerzfrei. Auch von der Bet\u00e4ubung selbst sp\u00fcren Sie aufgrund der neuen Bet\u00e4ubungstechniken kaum etwas. \u00c4ngstliche Patienten werden bei uns sensibel begleitet.<\/p>\n<p>Klicken Sie auf die Men\u00fcpunkte, um sich \u00fcber unsere Spezial- und \u00e4sthetischen Behandlungen umfangreich zu informieren.<\/p>\n[\/et_pb_text][\/et_pb_column][\/et_pb_row][et_pb_row background_position=&#8220;top_left&#8220; background_repeat=&#8220;repeat&#8220; background_size=&#8220;initial&#8220; _builder_version=&#8220;3.22.5&#8243; z_index_tablet=&#8220;500&#8243; gutter_width=&#8220;1&#8243;][et_pb_column type=&#8220;1_3&#8243;][et_pb_blurb admin_label=&#8220;Implantologie&#8220; _builder_version=&#8220;3.22.5&#8243; title=&#8220;Implantologie&#8220; url=&#8220;https:\/\/www.orangedental.es\/de\/behandlungen\/implantologie\/&#8220; font_icon=&#8220;%%47%%&#8220; background_color=&#8220;#f18b00&#8243; icon_color=&#8220;#000000&#8243; use_border_color=&#8220;on&#8220; text_orientation=&#8220;center&#8220; custom_padding=&#8220;20px|20px|20px|20px&#8220; header_font=&#8220;|on|||&#8220; header_letter_spacing=&#8220;2px&#8220; custom_css_main_element=&#8220;border-radius: 10px;||height: 85px;&#8220; image_max_width=&#8220;none&#8220; border_color_all=&#8220;#ffffff&#8220; border_width_all_image=&#8220;1px&#8220; border_color_all_image=&#8220;#ffffff&#8220; text_shadow_horizontal_length=&#8220;text_shadow_style,%91object Object%93&#8243; text_shadow_vertical_length=&#8220;text_shadow_style,%91object Object%93&#8243; text_shadow_blur_strength=&#8220;text_shadow_style,%91object Object%93&#8243; header_text_shadow_horizontal_length=&#8220;header_text_shadow_style,%91object Object%93&#8243; header_text_shadow_vertical_length=&#8220;header_text_shadow_style,%91object Object%93&#8243; header_text_shadow_blur_strength=&#8220;header_text_shadow_style,%91object Object%93&#8243; body_text_shadow_horizontal_length=&#8220;body_text_shadow_style,%91object Object%93&#8243; body_text_shadow_vertical_length=&#8220;body_text_shadow_style,%91object Object%93&#8243; body_text_shadow_blur_strength=&#8220;body_text_shadow_style,%91object Object%93&#8243; z_index_tablet=&#8220;500&#8243; \/][\/et_pb_column][et_pb_column type=&#8220;1_3&#8243;][et_pb_blurb admin_label=&#8220;Esthetische tandheelkunde&#8220; _builder_version=&#8220;3.22.5&#8243; title=&#8220;\u00c4sthetische zhanheilkunde&#8220; url=&#8220;https:\/\/www.orangedental.es\/de\/behandlungen\/astetische-zahnheilkunde\/&#8220; font_icon=&#8220;%%47%%&#8220; background_color=&#8220;#f18b00&#8243; icon_color=&#8220;#000000&#8243; use_border_color=&#8220;on&#8220; text_orientation=&#8220;center&#8220; custom_padding=&#8220;20px|20px|20px|20px&#8220; header_font=&#8220;|on|||&#8220; header_letter_spacing=&#8220;2px&#8220; custom_css_main_element=&#8220;border-radius: 10px;||height: 85px;&#8220; image_max_width=&#8220;none&#8220; border_color_all=&#8220;#ffffff&#8220; border_width_all_image=&#8220;1px&#8220; border_color_all_image=&#8220;#ffffff&#8220; text_shadow_horizontal_length=&#8220;text_shadow_style,%91object Object%93&#8243; text_shadow_vertical_length=&#8220;text_shadow_style,%91object Object%93&#8243; text_shadow_blur_strength=&#8220;text_shadow_style,%91object Object%93&#8243; header_text_shadow_horizontal_length=&#8220;header_text_shadow_style,%91object Object%93&#8243; header_text_shadow_vertical_length=&#8220;header_text_shadow_style,%91object Object%93&#8243; header_text_shadow_blur_strength=&#8220;header_text_shadow_style,%91object Object%93&#8243; body_text_shadow_horizontal_length=&#8220;body_text_shadow_style,%91object Object%93&#8243; body_text_shadow_vertical_length=&#8220;body_text_shadow_style,%91object Object%93&#8243; body_text_shadow_blur_strength=&#8220;body_text_shadow_style,%91object Object%93&#8243; z_index_tablet=&#8220;500&#8243; \/][\/et_pb_column][et_pb_column type=&#8220;1_3&#8243;][et_pb_blurb admin_label=&#8220;Endodontologie&#8220; _builder_version=&#8220;3.22.5&#8243; title=&#8220;Endodontie &#8220; url=&#8220;https:\/\/www.orangedental.es\/de\/behandlungen\/endodontie\/&#8220; font_icon=&#8220;%%47%%&#8220; background_color=&#8220;#f18b00&#8243; icon_color=&#8220;#000000&#8243; use_border_color=&#8220;on&#8220; text_orientation=&#8220;center&#8220; custom_padding=&#8220;20px|20px|20px|20px&#8220; header_font=&#8220;|on|||&#8220; header_letter_spacing=&#8220;2px&#8220; custom_css_main_element=&#8220;border-radius: 10px;||height: 85px;&#8220; image_max_width=&#8220;none&#8220; border_color_all=&#8220;#ffffff&#8220; border_width_all_image=&#8220;1px&#8220; border_color_all_image=&#8220;#ffffff&#8220; text_shadow_horizontal_length=&#8220;text_shadow_style,%91object Object%93&#8243; text_shadow_vertical_length=&#8220;text_shadow_style,%91object Object%93&#8243; text_shadow_blur_strength=&#8220;text_shadow_style,%91object Object%93&#8243; header_text_shadow_horizontal_length=&#8220;header_text_shadow_style,%91object Object%93&#8243; header_text_shadow_vertical_length=&#8220;header_text_shadow_style,%91object Object%93&#8243; header_text_shadow_blur_strength=&#8220;header_text_shadow_style,%91object Object%93&#8243; body_text_shadow_horizontal_length=&#8220;body_text_shadow_style,%91object Object%93&#8243; body_text_shadow_vertical_length=&#8220;body_text_shadow_style,%91object Object%93&#8243; body_text_shadow_blur_strength=&#8220;body_text_shadow_style,%91object Object%93&#8243; z_index_tablet=&#8220;500&#8243; \/][\/et_pb_column][\/et_pb_row][et_pb_row][et_pb_column type=&#8220;1_3&#8243;][et_pb_blurb admin_label=&#8220;Tandvleesontsteking&#8220; _builder_version=&#8220;3.22.5&#8243; title=&#8220;Parodontologie &#8220; url=&#8220;https:\/\/www.orangedental.es\/de\/behandlungen\/parodontologie\/&#8220; font_icon=&#8220;%%47%%&#8220; background_color=&#8220;#f18b00&#8243; icon_color=&#8220;#000000&#8243; use_border_color=&#8220;on&#8220; text_orientation=&#8220;center&#8220; custom_padding=&#8220;20px|20px|20px|20px&#8220; header_font=&#8220;|on|||&#8220; header_letter_spacing=&#8220;2px&#8220; custom_css_main_element=&#8220;border-radius: 10px;||height: 85px;&#8220; image_max_width=&#8220;none&#8220; border_color_all=&#8220;#ffffff&#8220; border_width_all_image=&#8220;1px&#8220; border_color_all_image=&#8220;#ffffff&#8220; text_shadow_horizontal_length=&#8220;text_shadow_style,%91object Object%93&#8243; text_shadow_vertical_length=&#8220;text_shadow_style,%91object Object%93&#8243; text_shadow_blur_strength=&#8220;text_shadow_style,%91object Object%93&#8243; header_text_shadow_horizontal_length=&#8220;header_text_shadow_style,%91object Object%93&#8243; header_text_shadow_vertical_length=&#8220;header_text_shadow_style,%91object Object%93&#8243; header_text_shadow_blur_strength=&#8220;header_text_shadow_style,%91object Object%93&#8243; body_text_shadow_horizontal_length=&#8220;body_text_shadow_style,%91object Object%93&#8243; body_text_shadow_vertical_length=&#8220;body_text_shadow_style,%91object Object%93&#8243; body_text_shadow_blur_strength=&#8220;body_text_shadow_style,%91object Object%93&#8243; z_index_tablet=&#8220;500&#8243; \/][\/et_pb_column][et_pb_column type=&#8220;1_3&#8243;][et_pb_blurb admin_label=&#8220;Kaakchirurgie&#8220; _builder_version=&#8220;3.22.5&#8243; title=&#8220;Kieferchirurgie&#8220; url=&#8220;https:\/\/www.orangedental.es\/de\/behandlungen\/kieferchirurgie\/&#8220; font_icon=&#8220;%%47%%&#8220; background_color=&#8220;#f18b00&#8243; icon_color=&#8220;#000000&#8243; use_border_color=&#8220;on&#8220; text_orientation=&#8220;center&#8220; custom_padding=&#8220;20px|20px|20px|20px&#8220; header_font=&#8220;|on|||&#8220; header_letter_spacing=&#8220;2px&#8220; custom_css_main_element=&#8220;border-radius: 10px;||height: 85px;&#8220; image_max_width=&#8220;none&#8220; border_color_all=&#8220;#ffffff&#8220; border_width_all_image=&#8220;1px&#8220; border_color_all_image=&#8220;#ffffff&#8220; text_shadow_horizontal_length=&#8220;text_shadow_style,%91object Object%93&#8243; text_shadow_vertical_length=&#8220;text_shadow_style,%91object Object%93&#8243; text_shadow_blur_strength=&#8220;text_shadow_style,%91object Object%93&#8243; header_text_shadow_horizontal_length=&#8220;header_text_shadow_style,%91object Object%93&#8243; header_text_shadow_vertical_length=&#8220;header_text_shadow_style,%91object Object%93&#8243; header_text_shadow_blur_strength=&#8220;header_text_shadow_style,%91object Object%93&#8243; body_text_shadow_horizontal_length=&#8220;body_text_shadow_style,%91object Object%93&#8243; body_text_shadow_vertical_length=&#8220;body_text_shadow_style,%91object Object%93&#8243; body_text_shadow_blur_strength=&#8220;body_text_shadow_style,%91object Object%93&#8243; z_index_tablet=&#8220;500&#8243; \/][\/et_pb_column][et_pb_column type=&#8220;1_3&#8243;][\/et_pb_column][\/et_pb_row][\/et_pb_section]\n","protected":false},"excerpt":{"rendered":"<p>Was k\u00f6nnen wir Ihnen bieten? Orange Dental ist eine Praxis f\u00fcr allgemeine Zahnmedizin und Zahnimplantation. Nach dem Motto &#8218;Vorbeugen ist besser als Heilen&#8216; schenken wir der prophylaktischen Zahnmedizin und Mundhygiene viel Aufmerksamkeit. Auch wenn eine Spezialbehandlung notwendig oder erw\u00fcnscht ist (zum Beispiel aus \u00e4sthetischen Gesichtspunkten), sind Sie bei uns an der richtigen Adresse. Qualit\u00e4t Qualit\u00e4t, [&hellip;]<\/p>\n","protected":false},"author":1,"featured_media":0,"parent":0,"menu_order":30,"comment_status":"closed","ping_status":"closed","template":"","meta":{"_acf_changed":false,"_et_pb_use_builder":"on","_et_pb_old_content":"","_et_gb_content_width":"","footnotes":""},"class_list":["post-507","page","type-page","status-publish","hentry"],"acf":[],"yoast_head":"<!-- This site is optimized with the Yoast SEO plugin v27.5 - https:\/\/yoast.com\/product\/yoast-seo-wordpress\/ -->\n<title>Behandlungen - Orange Dental: ihr zahnarzt in Moraira<\/title>\n<meta name=\"description\" content=\"Orange Dental ist eine Praxis f\u00fcr allgemeine Zahnmedizin und Zahnimplantation. mit Aufmerksamkeit auf Mundhygiene.\" \/>\n<meta name=\"robots\" content=\"index, follow, max-snippet:-1, max-image-preview:large, max-video-preview:-1\" \/>\n<link rel=\"canonical\" href=\"https:\/\/www.orangedental.es\/de\/behandlungen\/\" \/>\n<meta property=\"og:locale\" content=\"de_DE\" \/>\n<meta property=\"og:type\" content=\"article\" \/>\n<meta property=\"og:title\" content=\"Behandlungen - Orange Dental: ihr zahnarzt in Moraira\" \/>\n<meta property=\"og:description\" content=\"Orange Dental ist eine Praxis f\u00fcr allgemeine Zahnmedizin und Zahnimplantation. mit Aufmerksamkeit auf Mundhygiene.\" \/>\n<meta property=\"og:url\" content=\"https:\/\/www.orangedental.es\/de\/behandlungen\/\" \/>\n<meta property=\"og:site_name\" content=\"Orange Dental\" \/>\n<meta property=\"article:publisher\" content=\"https:\/\/www.facebook.com\/orangedentalmoraira\/\" \/>\n<meta property=\"article:modified_time\" content=\"2023-06-29T11:00:17+00:00\" \/>\n<meta name=\"twitter:card\" content=\"summary_large_image\" \/>\n<meta name=\"twitter:label1\" content=\"Gesch\u00e4tzte Lesezeit\" \/>\n\t<meta name=\"twitter:data1\" content=\"6\u00a0Minuten\" \/>\n<script type=\"application\/ld+json\" class=\"yoast-schema-graph\">{\"@context\":\"https:\\\/\\\/schema.org\",\"@graph\":[{\"@type\":\"WebPage\",\"@id\":\"https:\\\/\\\/www.orangedental.es\\\/de\\\/behandlungen\\\/\",\"url\":\"https:\\\/\\\/www.orangedental.es\\\/de\\\/behandlungen\\\/\",\"name\":\"Behandlungen - Orange Dental: ihr zahnarzt in Moraira\",\"isPartOf\":{\"@id\":\"https:\\\/\\\/www.orangedental.es\\\/de\\\/#website\"},\"datePublished\":\"2017-06-21T13:47:21+00:00\",\"dateModified\":\"2023-06-29T11:00:17+00:00\",\"description\":\"Orange Dental ist eine Praxis f\u00fcr allgemeine Zahnmedizin und Zahnimplantation. mit Aufmerksamkeit auf Mundhygiene.\",\"breadcrumb\":{\"@id\":\"https:\\\/\\\/www.orangedental.es\\\/de\\\/behandlungen\\\/#breadcrumb\"},\"inLanguage\":\"de\",\"potentialAction\":[{\"@type\":\"ReadAction\",\"target\":[\"https:\\\/\\\/www.orangedental.es\\\/de\\\/behandlungen\\\/\"]}]},{\"@type\":\"BreadcrumbList\",\"@id\":\"https:\\\/\\\/www.orangedental.es\\\/de\\\/behandlungen\\\/#breadcrumb\",\"itemListElement\":[{\"@type\":\"ListItem\",\"position\":1,\"name\":\"Home\",\"item\":\"https:\\\/\\\/www.orangedental.es\\\/de\\\/\"},{\"@type\":\"ListItem\",\"position\":2,\"name\":\"Behandlungen\"}]},{\"@type\":\"WebSite\",\"@id\":\"https:\\\/\\\/www.orangedental.es\\\/de\\\/#website\",\"url\":\"https:\\\/\\\/www.orangedental.es\\\/de\\\/\",\"name\":\"Orange Dental\",\"description\":\"Gesunde Z\u00e4hne und strahlendes L\u00e4cheln!\",\"publisher\":{\"@id\":\"https:\\\/\\\/www.orangedental.es\\\/de\\\/#organization\"},\"potentialAction\":[{\"@type\":\"SearchAction\",\"target\":{\"@type\":\"EntryPoint\",\"urlTemplate\":\"https:\\\/\\\/www.orangedental.es\\\/de\\\/?s={search_term_string}\"},\"query-input\":{\"@type\":\"PropertyValueSpecification\",\"valueRequired\":true,\"valueName\":\"search_term_string\"}}],\"inLanguage\":\"de\"},{\"@type\":\"Organization\",\"@id\":\"https:\\\/\\\/www.orangedental.es\\\/de\\\/#organization\",\"name\":\"Orange Dental\",\"url\":\"https:\\\/\\\/www.orangedental.es\\\/de\\\/\",\"logo\":{\"@type\":\"ImageObject\",\"inLanguage\":\"de\",\"@id\":\"https:\\\/\\\/www.orangedental.es\\\/de\\\/#\\\/schema\\\/logo\\\/image\\\/\",\"url\":\"https:\\\/\\\/i0.wp.com\\\/www.orangedental.es\\\/wp-content\\\/uploads\\\/2017\\\/06\\\/logo-Orange-Dental-cmyk.png?fit=585%2C238&ssl=1\",\"contentUrl\":\"https:\\\/\\\/i0.wp.com\\\/www.orangedental.es\\\/wp-content\\\/uploads\\\/2017\\\/06\\\/logo-Orange-Dental-cmyk.png?fit=585%2C238&ssl=1\",\"width\":585,\"height\":238,\"caption\":\"Orange Dental\"},\"image\":{\"@id\":\"https:\\\/\\\/www.orangedental.es\\\/de\\\/#\\\/schema\\\/logo\\\/image\\\/\"},\"sameAs\":[\"https:\\\/\\\/www.facebook.com\\\/orangedentalmoraira\\\/\"]}]}<\/script>\n<!-- \/ Yoast SEO plugin. -->","yoast_head_json":{"title":"Behandlungen - Orange Dental: ihr zahnarzt in Moraira","description":"Orange Dental ist eine Praxis f\u00fcr allgemeine Zahnmedizin und Zahnimplantation. mit Aufmerksamkeit auf Mundhygiene.","robots":{"index":"index","follow":"follow","max-snippet":"max-snippet:-1","max-image-preview":"max-image-preview:large","max-video-preview":"max-video-preview:-1"},"canonical":"https:\/\/www.orangedental.es\/de\/behandlungen\/","og_locale":"de_DE","og_type":"article","og_title":"Behandlungen - Orange Dental: ihr zahnarzt in Moraira","og_description":"Orange Dental ist eine Praxis f\u00fcr allgemeine Zahnmedizin und Zahnimplantation. mit Aufmerksamkeit auf Mundhygiene.","og_url":"https:\/\/www.orangedental.es\/de\/behandlungen\/","og_site_name":"Orange Dental","article_publisher":"https:\/\/www.facebook.com\/orangedentalmoraira\/","article_modified_time":"2023-06-29T11:00:17+00:00","twitter_card":"summary_large_image","twitter_misc":{"Gesch\u00e4tzte Lesezeit":"6\u00a0Minuten"},"schema":{"@context":"https:\/\/schema.org","@graph":[{"@type":"WebPage","@id":"https:\/\/www.orangedental.es\/de\/behandlungen\/","url":"https:\/\/www.orangedental.es\/de\/behandlungen\/","name":"Behandlungen - Orange Dental: ihr zahnarzt in Moraira","isPartOf":{"@id":"https:\/\/www.orangedental.es\/de\/#website"},"datePublished":"2017-06-21T13:47:21+00:00","dateModified":"2023-06-29T11:00:17+00:00","description":"Orange Dental ist eine Praxis f\u00fcr allgemeine Zahnmedizin und Zahnimplantation. mit Aufmerksamkeit auf Mundhygiene.","breadcrumb":{"@id":"https:\/\/www.orangedental.es\/de\/behandlungen\/#breadcrumb"},"inLanguage":"de","potentialAction":[{"@type":"ReadAction","target":["https:\/\/www.orangedental.es\/de\/behandlungen\/"]}]},{"@type":"BreadcrumbList","@id":"https:\/\/www.orangedental.es\/de\/behandlungen\/#breadcrumb","itemListElement":[{"@type":"ListItem","position":1,"name":"Home","item":"https:\/\/www.orangedental.es\/de\/"},{"@type":"ListItem","position":2,"name":"Behandlungen"}]},{"@type":"WebSite","@id":"https:\/\/www.orangedental.es\/de\/#website","url":"https:\/\/www.orangedental.es\/de\/","name":"Orange Dental","description":"Gesunde Z\u00e4hne und strahlendes L\u00e4cheln!","publisher":{"@id":"https:\/\/www.orangedental.es\/de\/#organization"},"potentialAction":[{"@type":"SearchAction","target":{"@type":"EntryPoint","urlTemplate":"https:\/\/www.orangedental.es\/de\/?s={search_term_string}"},"query-input":{"@type":"PropertyValueSpecification","valueRequired":true,"valueName":"search_term_string"}}],"inLanguage":"de"},{"@type":"Organization","@id":"https:\/\/www.orangedental.es\/de\/#organization","name":"Orange Dental","url":"https:\/\/www.orangedental.es\/de\/","logo":{"@type":"ImageObject","inLanguage":"de","@id":"https:\/\/www.orangedental.es\/de\/#\/schema\/logo\/image\/","url":"https:\/\/i0.wp.com\/www.orangedental.es\/wp-content\/uploads\/2017\/06\/logo-Orange-Dental-cmyk.png?fit=585%2C238&ssl=1","contentUrl":"https:\/\/i0.wp.com\/www.orangedental.es\/wp-content\/uploads\/2017\/06\/logo-Orange-Dental-cmyk.png?fit=585%2C238&ssl=1","width":585,"height":238,"caption":"Orange Dental"},"image":{"@id":"https:\/\/www.orangedental.es\/de\/#\/schema\/logo\/image\/"},"sameAs":["https:\/\/www.facebook.com\/orangedentalmoraira\/"]}]}},"_links":{"self":[{"href":"https:\/\/www.orangedental.es\/de\/wp-json\/wp\/v2\/pages\/507","targetHints":{"allow":["GET"]}}],"collection":[{"href":"https:\/\/www.orangedental.es\/de\/wp-json\/wp\/v2\/pages"}],"about":[{"href":"https:\/\/www.orangedental.es\/de\/wp-json\/wp\/v2\/types\/page"}],"author":[{"embeddable":true,"href":"https:\/\/www.orangedental.es\/de\/wp-json\/wp\/v2\/users\/1"}],"replies":[{"embeddable":true,"href":"https:\/\/www.orangedental.es\/de\/wp-json\/wp\/v2\/comments?post=507"}],"version-history":[{"count":7,"href":"https:\/\/www.orangedental.es\/de\/wp-json\/wp\/v2\/pages\/507\/revisions"}],"predecessor-version":[{"id":1357,"href":"https:\/\/www.orangedental.es\/de\/wp-json\/wp\/v2\/pages\/507\/revisions\/1357"}],"wp:attachment":[{"href":"https:\/\/www.orangedental.es\/de\/wp-json\/wp\/v2\/media?parent=507"}],"curies":[{"name":"wp","href":"https:\/\/api.w.org\/{rel}","templated":true}]}}