{"id":404,"date":"2017-06-21T15:46:00","date_gmt":"2017-06-21T13:46:00","guid":{"rendered":"http:\/\/www.orangedental.es\/unsere-praxis\/"},"modified":"2023-07-26T12:09:41","modified_gmt":"2023-07-26T10:09:41","slug":"unsere-praxis","status":"publish","type":"page","link":"https:\/\/www.orangedental.es\/de\/unsere-praxis\/","title":{"rendered":"Unsere Praxis"},"content":{"rendered":"[et_pb_section bb_built=&#8220;1&#8243; admin_label=&#8220;section&#8220; inner_width=&#8220;auto&#8220; inner_max_width=&#8220;1080px&#8220;][et_pb_row admin_label=&#8220;row&#8220; background_position=&#8220;top_left&#8220; background_repeat=&#8220;repeat&#8220; background_size=&#8220;initial&#8220; width=&#8220;80%&#8220; max_width=&#8220;1080px&#8220;][et_pb_column type=&#8220;4_4&#8243; custom_padding__hover=&#8220;|||&#8220; custom_padding=&#8220;|||&#8220;][et_pb_text background_position=&#8220;top_left&#8220; background_repeat=&#8220;repeat&#8220; background_size=&#8220;initial&#8220; _builder_version=&#8220;4.21.0&#8243; background_pattern_color=&#8220;rgba(0,0,0,0.2)&#8220; background_mask_color=&#8220;#ffffff&#8220; text_text_shadow_horizontal_length=&#8220;text_text_shadow_style,%91object Object%93&#8243; text_text_shadow_horizontal_length_tablet=&#8220;0px&#8220; text_text_shadow_vertical_length=&#8220;text_text_shadow_style,%91object Object%93&#8243; text_text_shadow_vertical_length_tablet=&#8220;0px&#8220; text_text_shadow_blur_strength=&#8220;text_text_shadow_style,%91object Object%93&#8243; text_text_shadow_blur_strength_tablet=&#8220;1px&#8220; link_text_shadow_horizontal_length=&#8220;link_text_shadow_style,%91object Object%93&#8243; link_text_shadow_horizontal_length_tablet=&#8220;0px&#8220; link_text_shadow_vertical_length=&#8220;link_text_shadow_style,%91object Object%93&#8243; link_text_shadow_vertical_length_tablet=&#8220;0px&#8220; link_text_shadow_blur_strength=&#8220;link_text_shadow_style,%91object Object%93&#8243; link_text_shadow_blur_strength_tablet=&#8220;1px&#8220; ul_text_shadow_horizontal_length=&#8220;ul_text_shadow_style,%91object Object%93&#8243; ul_text_shadow_horizontal_length_tablet=&#8220;0px&#8220; ul_text_shadow_vertical_length=&#8220;ul_text_shadow_style,%91object Object%93&#8243; ul_text_shadow_vertical_length_tablet=&#8220;0px&#8220; ul_text_shadow_blur_strength=&#8220;ul_text_shadow_style,%91object Object%93&#8243; ul_text_shadow_blur_strength_tablet=&#8220;1px&#8220; ol_text_shadow_horizontal_length=&#8220;ol_text_shadow_style,%91object Object%93&#8243; ol_text_shadow_horizontal_length_tablet=&#8220;0px&#8220; ol_text_shadow_vertical_length=&#8220;ol_text_shadow_style,%91object Object%93&#8243; ol_text_shadow_vertical_length_tablet=&#8220;0px&#8220; ol_text_shadow_blur_strength=&#8220;ol_text_shadow_style,%91object Object%93&#8243; ol_text_shadow_blur_strength_tablet=&#8220;1px&#8220; quote_text_shadow_horizontal_length=&#8220;quote_text_shadow_style,%91object Object%93&#8243; quote_text_shadow_horizontal_length_tablet=&#8220;0px&#8220; quote_text_shadow_vertical_length=&#8220;quote_text_shadow_style,%91object Object%93&#8243; quote_text_shadow_vertical_length_tablet=&#8220;0px&#8220; quote_text_shadow_blur_strength=&#8220;quote_text_shadow_style,%91object Object%93&#8243; quote_text_shadow_blur_strength_tablet=&#8220;1px&#8220; header_text_shadow_horizontal_length=&#8220;header_text_shadow_style,%91object Object%93&#8243; header_text_shadow_horizontal_length_tablet=&#8220;0px&#8220; header_text_shadow_vertical_length=&#8220;header_text_shadow_style,%91object Object%93&#8243; header_text_shadow_vertical_length_tablet=&#8220;0px&#8220; header_text_shadow_blur_strength=&#8220;header_text_shadow_style,%91object Object%93&#8243; header_text_shadow_blur_strength_tablet=&#8220;1px&#8220; header_2_text_shadow_horizontal_length=&#8220;header_2_text_shadow_style,%91object Object%93&#8243; header_2_text_shadow_horizontal_length_tablet=&#8220;0px&#8220; header_2_text_shadow_vertical_length=&#8220;header_2_text_shadow_style,%91object Object%93&#8243; header_2_text_shadow_vertical_length_tablet=&#8220;0px&#8220; header_2_text_shadow_blur_strength=&#8220;header_2_text_shadow_style,%91object Object%93&#8243; header_2_text_shadow_blur_strength_tablet=&#8220;1px&#8220; header_3_text_shadow_horizontal_length=&#8220;header_3_text_shadow_style,%91object Object%93&#8243; header_3_text_shadow_horizontal_length_tablet=&#8220;0px&#8220; header_3_text_shadow_vertical_length=&#8220;header_3_text_shadow_style,%91object Object%93&#8243; header_3_text_shadow_vertical_length_tablet=&#8220;0px&#8220; header_3_text_shadow_blur_strength=&#8220;header_3_text_shadow_style,%91object Object%93&#8243; header_3_text_shadow_blur_strength_tablet=&#8220;1px&#8220; header_4_text_shadow_horizontal_length=&#8220;header_4_text_shadow_style,%91object Object%93&#8243; header_4_text_shadow_horizontal_length_tablet=&#8220;0px&#8220; header_4_text_shadow_vertical_length=&#8220;header_4_text_shadow_style,%91object Object%93&#8243; header_4_text_shadow_vertical_length_tablet=&#8220;0px&#8220; header_4_text_shadow_blur_strength=&#8220;header_4_text_shadow_style,%91object Object%93&#8243; header_4_text_shadow_blur_strength_tablet=&#8220;1px&#8220; header_5_text_shadow_horizontal_length=&#8220;header_5_text_shadow_style,%91object Object%93&#8243; header_5_text_shadow_horizontal_length_tablet=&#8220;0px&#8220; header_5_text_shadow_vertical_length=&#8220;header_5_text_shadow_style,%91object Object%93&#8243; header_5_text_shadow_vertical_length_tablet=&#8220;0px&#8220; header_5_text_shadow_blur_strength=&#8220;header_5_text_shadow_style,%91object Object%93&#8243; header_5_text_shadow_blur_strength_tablet=&#8220;1px&#8220; header_6_text_shadow_horizontal_length=&#8220;header_6_text_shadow_style,%91object Object%93&#8243; header_6_text_shadow_horizontal_length_tablet=&#8220;0px&#8220; header_6_text_shadow_vertical_length=&#8220;header_6_text_shadow_style,%91object Object%93&#8243; header_6_text_shadow_vertical_length_tablet=&#8220;0px&#8220; header_6_text_shadow_blur_strength=&#8220;header_6_text_shadow_style,%91object Object%93&#8243; header_6_text_shadow_blur_strength_tablet=&#8220;1px&#8220; box_shadow_horizontal_tablet=&#8220;0px&#8220; box_shadow_vertical_tablet=&#8220;0px&#8220; box_shadow_blur_tablet=&#8220;40px&#8220; box_shadow_spread_tablet=&#8220;0px&#8220; vertical_offset_tablet=&#8220;0&#8243; horizontal_offset_tablet=&#8220;0&#8243; z_index_tablet=&#8220;0&#8243;]\n<h1>Orange Dental<\/h1>\n<p>Orange Dental hat seinen Sitz in Moraira und wurde 2013 vom niederl\u00e4ndischen Zahnarzt Dr. Rutger Baerends gegr\u00fcndet.<\/p>\n<p>Seitdem haben wir uns den Ruf erarbeitet, einen hohen Standard an Zahnpflege anzubieten. Unser Hauptziel ist es, Ihre Z\u00e4hne gesund zu halten, indem wir Sie dazu ermutigen und dabei helfen, einen gesunden Mund zu erhalten, indem wir unseren Patienten das bestm\u00f6gliche Ma\u00df an Zahnpflege in einer m\u00f6glichst entspannten Umgebung bieten.<\/p>\n<p>Dar\u00fcber hinaus bieten wir eine Reihe von zahnmedizinischen Spezialdienstleistungen an. Wir sind auf Endodontologie (Wurzelkanalbehandlungen), \u00e4sthetische (restaurative) Zahnheilkunde, Parodontologie (Zahnfleischbehandlungen), Implantologie und vollst\u00e4ndige Rehabilitation spezialisiert, um dauerhafte L\u00f6sungen f\u00fcr ein nat\u00fcrliches und attraktives L\u00e4cheln zu bieten.<\/p>\n<p>Bei Orange Dental behandeln wir Sie als Individuum. Wir verstehen, dass die Bed\u00fcrfnisse jedes Patienten unterschiedlich sind, und erstellen einen Behandlungsplan, der auf Ihre spezifischen Bed\u00fcrfnisse zugeschnitten ist.<\/p>\n<h2>Qualit\u00e4t<\/h2>\n<p>H\u00f6chste Qualit\u00e4t und Ihr Wohlbefinden haben f\u00fcr uns h\u00f6chste Priorit\u00e4t. Wir verwenden nur die hochwertigsten Materialien und hervorragende Dentallabore, um Ihnen Zahnheilkunde auf h\u00f6chstem Niveau zu bieten.<\/p>\n<p>Die Klinik ist mit modernster zahnmedizinischer Ausr\u00fcstung ausgestattet, darunter ein digitales Sofortbild-Panorama-R\u00f6ntgenger\u00e4t mit sehr geringer Strahlung und ein hochpr\u00e4ziser intraoraler 3D-Scanner, der pr\u00e4zise digitale Abdr\u00fccke erstellt, um die Verbesserung des L\u00e4chelns zu unterst\u00fctzen.<\/p>\n[\/et_pb_text][\/et_pb_column][\/et_pb_row][\/et_pb_section]\n","protected":false},"excerpt":{"rendered":"<p>Orange Dental Orange Dental hat seinen Sitz in Moraira und wurde 2013 vom niederl\u00e4ndischen Zahnarzt Dr. Rutger Baerends gegr\u00fcndet. Seitdem haben wir uns den Ruf erarbeitet, einen hohen Standard an Zahnpflege anzubieten. Unser Hauptziel ist es, Ihre Z\u00e4hne gesund zu halten, indem wir Sie dazu ermutigen und dabei helfen, einen gesunden Mund zu erhalten, indem [&hellip;]<\/p>\n","protected":false},"author":1,"featured_media":0,"parent":0,"menu_order":20,"comment_status":"closed","ping_status":"closed","template":"","meta":{"_acf_changed":false,"_et_pb_use_builder":"on","_et_pb_old_content":"","_et_gb_content_width":"","footnotes":""},"class_list":["post-404","page","type-page","status-publish","hentry"],"acf":[],"yoast_head":"<!-- This site is optimized with the Yoast SEO plugin v27.6 - https:\/\/yoast.com\/product\/yoast-seo-wordpress\/ -->\n<title>Unsere Praxis - Orange Dental: Ihr Zahnarzt in Moraira<\/title>\n<meta name=\"description\" content=\"Orange Dental ist eine regul\u00e4re Zahnarztpraxis, die sich in erster Linie auf die Gesundheiterhaltung Ihrer Z\u00e4hne richtet.\" \/>\n<meta name=\"robots\" content=\"index, follow, max-snippet:-1, max-image-preview:large, max-video-preview:-1\" \/>\n<link rel=\"canonical\" href=\"https:\/\/www.orangedental.es\/de\/unsere-praxis\/\" \/>\n<meta property=\"og:locale\" content=\"de_DE\" \/>\n<meta property=\"og:type\" content=\"article\" \/>\n<meta property=\"og:title\" content=\"Unsere Praxis - Orange Dental: Ihr Zahnarzt in Moraira\" \/>\n<meta property=\"og:description\" content=\"Orange Dental ist eine regul\u00e4re Zahnarztpraxis, die sich in erster Linie auf die Gesundheiterhaltung Ihrer Z\u00e4hne richtet.\" \/>\n<meta property=\"og:url\" content=\"https:\/\/www.orangedental.es\/de\/unsere-praxis\/\" \/>\n<meta property=\"og:site_name\" content=\"Orange Dental\" \/>\n<meta property=\"article:publisher\" content=\"https:\/\/www.facebook.com\/orangedentalmoraira\/\" \/>\n<meta property=\"article:modified_time\" content=\"2023-07-26T10:09:41+00:00\" \/>\n<meta name=\"twitter:card\" content=\"summary_large_image\" \/>\n<meta name=\"twitter:label1\" content=\"Gesch\u00e4tzte Lesezeit\" \/>\n\t<meta name=\"twitter:data1\" content=\"5\u00a0Minuten\" \/>\n<script type=\"application\/ld+json\" class=\"yoast-schema-graph\">{\"@context\":\"https:\\\/\\\/schema.org\",\"@graph\":[{\"@type\":\"WebPage\",\"@id\":\"https:\\\/\\\/www.orangedental.es\\\/de\\\/unsere-praxis\\\/\",\"url\":\"https:\\\/\\\/www.orangedental.es\\\/de\\\/unsere-praxis\\\/\",\"name\":\"Unsere Praxis - Orange Dental: Ihr Zahnarzt in Moraira\",\"isPartOf\":{\"@id\":\"https:\\\/\\\/www.orangedental.es\\\/de\\\/#website\"},\"datePublished\":\"2017-06-21T13:46:00+00:00\",\"dateModified\":\"2023-07-26T10:09:41+00:00\",\"description\":\"Orange Dental ist eine regul\u00e4re Zahnarztpraxis, die sich in erster Linie auf die Gesundheiterhaltung Ihrer Z\u00e4hne richtet.\",\"breadcrumb\":{\"@id\":\"https:\\\/\\\/www.orangedental.es\\\/de\\\/unsere-praxis\\\/#breadcrumb\"},\"inLanguage\":\"de\",\"potentialAction\":[{\"@type\":\"ReadAction\",\"target\":[\"https:\\\/\\\/www.orangedental.es\\\/de\\\/unsere-praxis\\\/\"]}]},{\"@type\":\"BreadcrumbList\",\"@id\":\"https:\\\/\\\/www.orangedental.es\\\/de\\\/unsere-praxis\\\/#breadcrumb\",\"itemListElement\":[{\"@type\":\"ListItem\",\"position\":1,\"name\":\"Home\",\"item\":\"https:\\\/\\\/www.orangedental.es\\\/de\\\/\"},{\"@type\":\"ListItem\",\"position\":2,\"name\":\"Unsere Praxis\"}]},{\"@type\":\"WebSite\",\"@id\":\"https:\\\/\\\/www.orangedental.es\\\/de\\\/#website\",\"url\":\"https:\\\/\\\/www.orangedental.es\\\/de\\\/\",\"name\":\"Orange Dental\",\"description\":\"Gesunde Z\u00e4hne und strahlendes L\u00e4cheln!\",\"publisher\":{\"@id\":\"https:\\\/\\\/www.orangedental.es\\\/de\\\/#organization\"},\"potentialAction\":[{\"@type\":\"SearchAction\",\"target\":{\"@type\":\"EntryPoint\",\"urlTemplate\":\"https:\\\/\\\/www.orangedental.es\\\/de\\\/?s={search_term_string}\"},\"query-input\":{\"@type\":\"PropertyValueSpecification\",\"valueRequired\":true,\"valueName\":\"search_term_string\"}}],\"inLanguage\":\"de\"},{\"@type\":\"Organization\",\"@id\":\"https:\\\/\\\/www.orangedental.es\\\/de\\\/#organization\",\"name\":\"Orange Dental\",\"url\":\"https:\\\/\\\/www.orangedental.es\\\/de\\\/\",\"logo\":{\"@type\":\"ImageObject\",\"inLanguage\":\"de\",\"@id\":\"https:\\\/\\\/www.orangedental.es\\\/de\\\/#\\\/schema\\\/logo\\\/image\\\/\",\"url\":\"https:\\\/\\\/i0.wp.com\\\/www.orangedental.es\\\/wp-content\\\/uploads\\\/2017\\\/06\\\/logo-Orange-Dental-cmyk.png?fit=585%2C238&ssl=1\",\"contentUrl\":\"https:\\\/\\\/i0.wp.com\\\/www.orangedental.es\\\/wp-content\\\/uploads\\\/2017\\\/06\\\/logo-Orange-Dental-cmyk.png?fit=585%2C238&ssl=1\",\"width\":585,\"height\":238,\"caption\":\"Orange Dental\"},\"image\":{\"@id\":\"https:\\\/\\\/www.orangedental.es\\\/de\\\/#\\\/schema\\\/logo\\\/image\\\/\"},\"sameAs\":[\"https:\\\/\\\/www.facebook.com\\\/orangedentalmoraira\\\/\"]}]}<\/script>\n<!-- \/ Yoast SEO plugin. -->","yoast_head_json":{"title":"Unsere Praxis - Orange Dental: Ihr Zahnarzt in Moraira","description":"Orange Dental ist eine regul\u00e4re Zahnarztpraxis, die sich in erster Linie auf die Gesundheiterhaltung Ihrer Z\u00e4hne richtet.","robots":{"index":"index","follow":"follow","max-snippet":"max-snippet:-1","max-image-preview":"max-image-preview:large","max-video-preview":"max-video-preview:-1"},"canonical":"https:\/\/www.orangedental.es\/de\/unsere-praxis\/","og_locale":"de_DE","og_type":"article","og_title":"Unsere Praxis - Orange Dental: Ihr Zahnarzt in Moraira","og_description":"Orange Dental ist eine regul\u00e4re Zahnarztpraxis, die sich in erster Linie auf die Gesundheiterhaltung Ihrer Z\u00e4hne richtet.","og_url":"https:\/\/www.orangedental.es\/de\/unsere-praxis\/","og_site_name":"Orange Dental","article_publisher":"https:\/\/www.facebook.com\/orangedentalmoraira\/","article_modified_time":"2023-07-26T10:09:41+00:00","twitter_card":"summary_large_image","twitter_misc":{"Gesch\u00e4tzte Lesezeit":"5\u00a0Minuten"},"schema":{"@context":"https:\/\/schema.org","@graph":[{"@type":"WebPage","@id":"https:\/\/www.orangedental.es\/de\/unsere-praxis\/","url":"https:\/\/www.orangedental.es\/de\/unsere-praxis\/","name":"Unsere Praxis - Orange Dental: Ihr Zahnarzt in Moraira","isPartOf":{"@id":"https:\/\/www.orangedental.es\/de\/#website"},"datePublished":"2017-06-21T13:46:00+00:00","dateModified":"2023-07-26T10:09:41+00:00","description":"Orange Dental ist eine regul\u00e4re Zahnarztpraxis, die sich in erster Linie auf die Gesundheiterhaltung Ihrer Z\u00e4hne richtet.","breadcrumb":{"@id":"https:\/\/www.orangedental.es\/de\/unsere-praxis\/#breadcrumb"},"inLanguage":"de","potentialAction":[{"@type":"ReadAction","target":["https:\/\/www.orangedental.es\/de\/unsere-praxis\/"]}]},{"@type":"BreadcrumbList","@id":"https:\/\/www.orangedental.es\/de\/unsere-praxis\/#breadcrumb","itemListElement":[{"@type":"ListItem","position":1,"name":"Home","item":"https:\/\/www.orangedental.es\/de\/"},{"@type":"ListItem","position":2,"name":"Unsere Praxis"}]},{"@type":"WebSite","@id":"https:\/\/www.orangedental.es\/de\/#website","url":"https:\/\/www.orangedental.es\/de\/","name":"Orange Dental","description":"Gesunde Z\u00e4hne und strahlendes L\u00e4cheln!","publisher":{"@id":"https:\/\/www.orangedental.es\/de\/#organization"},"potentialAction":[{"@type":"SearchAction","target":{"@type":"EntryPoint","urlTemplate":"https:\/\/www.orangedental.es\/de\/?s={search_term_string}"},"query-input":{"@type":"PropertyValueSpecification","valueRequired":true,"valueName":"search_term_string"}}],"inLanguage":"de"},{"@type":"Organization","@id":"https:\/\/www.orangedental.es\/de\/#organization","name":"Orange Dental","url":"https:\/\/www.orangedental.es\/de\/","logo":{"@type":"ImageObject","inLanguage":"de","@id":"https:\/\/www.orangedental.es\/de\/#\/schema\/logo\/image\/","url":"https:\/\/i0.wp.com\/www.orangedental.es\/wp-content\/uploads\/2017\/06\/logo-Orange-Dental-cmyk.png?fit=585%2C238&ssl=1","contentUrl":"https:\/\/i0.wp.com\/www.orangedental.es\/wp-content\/uploads\/2017\/06\/logo-Orange-Dental-cmyk.png?fit=585%2C238&ssl=1","width":585,"height":238,"caption":"Orange Dental"},"image":{"@id":"https:\/\/www.orangedental.es\/de\/#\/schema\/logo\/image\/"},"sameAs":["https:\/\/www.facebook.com\/orangedentalmoraira\/"]}]}},"_links":{"self":[{"href":"https:\/\/www.orangedental.es\/de\/wp-json\/wp\/v2\/pages\/404","targetHints":{"allow":["GET"]}}],"collection":[{"href":"https:\/\/www.orangedental.es\/de\/wp-json\/wp\/v2\/pages"}],"about":[{"href":"https:\/\/www.orangedental.es\/de\/wp-json\/wp\/v2\/types\/page"}],"author":[{"embeddable":true,"href":"https:\/\/www.orangedental.es\/de\/wp-json\/wp\/v2\/users\/1"}],"replies":[{"embeddable":true,"href":"https:\/\/www.orangedental.es\/de\/wp-json\/wp\/v2\/comments?post=404"}],"version-history":[{"count":7,"href":"https:\/\/www.orangedental.es\/de\/wp-json\/wp\/v2\/pages\/404\/revisions"}],"predecessor-version":[{"id":1396,"href":"https:\/\/www.orangedental.es\/de\/wp-json\/wp\/v2\/pages\/404\/revisions\/1396"}],"wp:attachment":[{"href":"https:\/\/www.orangedental.es\/de\/wp-json\/wp\/v2\/media?parent=404"}],"curies":[{"name":"wp","href":"https:\/\/api.w.org\/{rel}","templated":true}]}}