{"id":1326,"date":"2023-06-28T13:25:25","date_gmt":"2023-06-28T11:25:25","guid":{"rendered":"https:\/\/www.orangedental.es\/notfall\/"},"modified":"2023-06-29T10:01:03","modified_gmt":"2023-06-29T08:01:03","slug":"notfall","status":"publish","type":"page","link":"https:\/\/www.orangedental.es\/de\/notfall\/","title":{"rendered":"Notfall"},"content":{"rendered":"[et_pb_section bb_built=&#8220;1&#8243; inner_width=&#8220;auto&#8220; inner_max_width=&#8220;1080px&#8220;][et_pb_row][et_pb_column type=&#8220;4_4&#8243; custom_padding__hover=&#8220;|||&#8220; custom_padding=&#8220;|||&#8220;][et_pb_text _builder_version=&#8220;4.21.0&#8243; background_pattern_color=&#8220;rgba(0,0,0,0.2)&#8220; background_mask_color=&#8220;#ffffff&#8220; text_text_shadow_horizontal_length=&#8220;text_text_shadow_style,%91object Object%93&#8243; text_text_shadow_horizontal_length_tablet=&#8220;0px&#8220; text_text_shadow_vertical_length=&#8220;text_text_shadow_style,%91object Object%93&#8243; text_text_shadow_vertical_length_tablet=&#8220;0px&#8220; text_text_shadow_blur_strength=&#8220;text_text_shadow_style,%91object Object%93&#8243; text_text_shadow_blur_strength_tablet=&#8220;1px&#8220; link_text_shadow_horizontal_length=&#8220;link_text_shadow_style,%91object Object%93&#8243; link_text_shadow_horizontal_length_tablet=&#8220;0px&#8220; link_text_shadow_vertical_length=&#8220;link_text_shadow_style,%91object Object%93&#8243; link_text_shadow_vertical_length_tablet=&#8220;0px&#8220; link_text_shadow_blur_strength=&#8220;link_text_shadow_style,%91object Object%93&#8243; link_text_shadow_blur_strength_tablet=&#8220;1px&#8220; ul_text_shadow_horizontal_length=&#8220;ul_text_shadow_style,%91object Object%93&#8243; ul_text_shadow_horizontal_length_tablet=&#8220;0px&#8220; ul_text_shadow_vertical_length=&#8220;ul_text_shadow_style,%91object Object%93&#8243; ul_text_shadow_vertical_length_tablet=&#8220;0px&#8220; ul_text_shadow_blur_strength=&#8220;ul_text_shadow_style,%91object Object%93&#8243; ul_text_shadow_blur_strength_tablet=&#8220;1px&#8220; ol_text_shadow_horizontal_length=&#8220;ol_text_shadow_style,%91object Object%93&#8243; ol_text_shadow_horizontal_length_tablet=&#8220;0px&#8220; ol_text_shadow_vertical_length=&#8220;ol_text_shadow_style,%91object Object%93&#8243; ol_text_shadow_vertical_length_tablet=&#8220;0px&#8220; ol_text_shadow_blur_strength=&#8220;ol_text_shadow_style,%91object Object%93&#8243; ol_text_shadow_blur_strength_tablet=&#8220;1px&#8220; quote_text_shadow_horizontal_length=&#8220;quote_text_shadow_style,%91object Object%93&#8243; quote_text_shadow_horizontal_length_tablet=&#8220;0px&#8220; quote_text_shadow_vertical_length=&#8220;quote_text_shadow_style,%91object Object%93&#8243; quote_text_shadow_vertical_length_tablet=&#8220;0px&#8220; quote_text_shadow_blur_strength=&#8220;quote_text_shadow_style,%91object Object%93&#8243; quote_text_shadow_blur_strength_tablet=&#8220;1px&#8220; header_text_shadow_horizontal_length=&#8220;header_text_shadow_style,%91object Object%93&#8243; header_text_shadow_horizontal_length_tablet=&#8220;0px&#8220; header_text_shadow_vertical_length=&#8220;header_text_shadow_style,%91object Object%93&#8243; header_text_shadow_vertical_length_tablet=&#8220;0px&#8220; header_text_shadow_blur_strength=&#8220;header_text_shadow_style,%91object Object%93&#8243; header_text_shadow_blur_strength_tablet=&#8220;1px&#8220; header_2_text_shadow_horizontal_length=&#8220;header_2_text_shadow_style,%91object Object%93&#8243; header_2_text_shadow_horizontal_length_tablet=&#8220;0px&#8220; header_2_text_shadow_vertical_length=&#8220;header_2_text_shadow_style,%91object Object%93&#8243; header_2_text_shadow_vertical_length_tablet=&#8220;0px&#8220; header_2_text_shadow_blur_strength=&#8220;header_2_text_shadow_style,%91object Object%93&#8243; header_2_text_shadow_blur_strength_tablet=&#8220;1px&#8220; header_3_text_shadow_horizontal_length=&#8220;header_3_text_shadow_style,%91object Object%93&#8243; header_3_text_shadow_horizontal_length_tablet=&#8220;0px&#8220; header_3_text_shadow_vertical_length=&#8220;header_3_text_shadow_style,%91object Object%93&#8243; header_3_text_shadow_vertical_length_tablet=&#8220;0px&#8220; header_3_text_shadow_blur_strength=&#8220;header_3_text_shadow_style,%91object Object%93&#8243; header_3_text_shadow_blur_strength_tablet=&#8220;1px&#8220; header_4_text_shadow_horizontal_length=&#8220;header_4_text_shadow_style,%91object Object%93&#8243; header_4_text_shadow_horizontal_length_tablet=&#8220;0px&#8220; header_4_text_shadow_vertical_length=&#8220;header_4_text_shadow_style,%91object Object%93&#8243; header_4_text_shadow_vertical_length_tablet=&#8220;0px&#8220; header_4_text_shadow_blur_strength=&#8220;header_4_text_shadow_style,%91object Object%93&#8243; header_4_text_shadow_blur_strength_tablet=&#8220;1px&#8220; header_5_text_shadow_horizontal_length=&#8220;header_5_text_shadow_style,%91object Object%93&#8243; header_5_text_shadow_horizontal_length_tablet=&#8220;0px&#8220; header_5_text_shadow_vertical_length=&#8220;header_5_text_shadow_style,%91object Object%93&#8243; header_5_text_shadow_vertical_length_tablet=&#8220;0px&#8220; header_5_text_shadow_blur_strength=&#8220;header_5_text_shadow_style,%91object Object%93&#8243; header_5_text_shadow_blur_strength_tablet=&#8220;1px&#8220; header_6_text_shadow_horizontal_length=&#8220;header_6_text_shadow_style,%91object Object%93&#8243; header_6_text_shadow_horizontal_length_tablet=&#8220;0px&#8220; header_6_text_shadow_vertical_length=&#8220;header_6_text_shadow_style,%91object Object%93&#8243; header_6_text_shadow_vertical_length_tablet=&#8220;0px&#8220; header_6_text_shadow_blur_strength=&#8220;header_6_text_shadow_style,%91object Object%93&#8243; header_6_text_shadow_blur_strength_tablet=&#8220;1px&#8220; box_shadow_horizontal_tablet=&#8220;0px&#8220; box_shadow_vertical_tablet=&#8220;0px&#8220; box_shadow_blur_tablet=&#8220;40px&#8220; box_shadow_spread_tablet=&#8220;0px&#8220; vertical_offset_tablet=&#8220;0&#8243; horizontal_offset_tablet=&#8220;0&#8243; z_index_tablet=&#8220;0&#8243;]\n<h1>Notfall<\/h1>\n<p>Haben Sie Zahnprobleme und Schmerzen?<\/p>\n<p>Dann kontaktieren Sie uns so fr\u00fch wie m\u00f6glich am Morgen w\u00e4hrend unserer Klinik\u00f6ffnungszeiten, damit wir Sie schnellstm\u00f6glich einplanen k\u00f6nnen.<\/p>\n<h2>Was ist ein Notfall?<\/h2>\n<p>Nicht alle Zahnprobleme sind Notf\u00e4lle. Nur Probleme, deren Behandlung nicht bis zum n\u00e4chsten Tag oder nach dem Wochenende warten kann, k\u00f6nnen als Notf\u00e4lle bezeichnet werden.<\/p>\n<h3>Kein Notfall<\/h3>\n<p>Verlorene F\u00fcllungen, ein abgebrochener Zahn oder lockere Kronen\/Br\u00fccken sind keine Notf\u00e4lle. Das sind nur Unannehmlichkeiten.<\/p>\n<h3>Notfall<\/h3>\n<p>Infektionen mit Fieber, ein ausgeschlagener Zahn durch einen Unfall oder eine Blutung nach einer Zahnbehandlung sind Notf\u00e4lle.<\/p>\n<p>W\u00e4hrend unserer \u00d6ffnungszeiten (Montag bis Donnerstag von 09:00 \u2013 16:00 Uhr und Freitag von 09:00 \u2013 15:00 Uhr) erreichen Sie uns unter: (+34) 96 649 5006.<\/p>\n<p>Am Wochenende oder in den Abendstunden k\u00f6nnen sich unsere <strong>Bestandspatienten<\/strong> nur in Notf\u00e4llen an unsere Notrufnummer wenden: (+34) 675 507 358.<\/p>\n[\/et_pb_text][\/et_pb_column][\/et_pb_row][\/et_pb_section]\n","protected":false},"excerpt":{"rendered":"<p><div class=\"et_pb_row et_pb_row_0 et_pb_row_empty\">\n\t\t\t\t\n\t\t\t\t\n\t\t\t\t\n\t\t\t\t\n\t\t\t\t\n\t\t\t<\/div> Notfall Haben Sie Zahnprobleme und Schmerzen? Dann kontaktieren Sie uns so fr\u00fch wie m\u00f6glich am Morgen w\u00e4hrend unserer Klinik\u00f6ffnungszeiten, damit wir Sie schnellstm\u00f6glich einplanen k\u00f6nnen. Was ist ein Notfall? Nicht alle Zahnprobleme sind Notf\u00e4lle. Nur Probleme, deren Behandlung nicht bis zum n\u00e4chsten Tag oder nach dem Wochenende warten kann, k\u00f6nnen als Notf\u00e4lle bezeichnet werden. [&hellip;]<\/p>\n","protected":false},"author":1,"featured_media":0,"parent":0,"menu_order":0,"comment_status":"closed","ping_status":"closed","template":"","meta":{"_acf_changed":false,"_et_pb_use_builder":"on","_et_pb_old_content":"","_et_gb_content_width":"","footnotes":""},"class_list":["post-1326","page","type-page","status-publish","hentry"],"acf":[],"yoast_head":"<!-- This site is optimized with the Yoast SEO plugin v27.4 - https:\/\/yoast.com\/product\/yoast-seo-wordpress\/ -->\n<title>Notfall - Orange Dental<\/title>\n<meta name=\"description\" content=\"Nur Probleme, deren Behandlung nicht bis zum n\u00e4chsten Tag oder nach dem Wochenende warten kann, k\u00f6nnen als Notf\u00e4lle bezeichnet werden.\" \/>\n<meta name=\"robots\" content=\"index, follow, max-snippet:-1, max-image-preview:large, max-video-preview:-1\" \/>\n<link rel=\"canonical\" href=\"https:\/\/www.orangedental.es\/de\/notfall\/\" \/>\n<meta property=\"og:locale\" content=\"de_DE\" \/>\n<meta property=\"og:type\" content=\"article\" \/>\n<meta property=\"og:title\" content=\"Notfall - Orange Dental\" \/>\n<meta property=\"og:description\" content=\"Nur Probleme, deren Behandlung nicht bis zum n\u00e4chsten Tag oder nach dem Wochenende warten kann, k\u00f6nnen als Notf\u00e4lle bezeichnet werden.\" \/>\n<meta property=\"og:url\" content=\"https:\/\/www.orangedental.es\/de\/notfall\/\" \/>\n<meta property=\"og:site_name\" content=\"Orange Dental\" \/>\n<meta property=\"article:publisher\" content=\"https:\/\/www.facebook.com\/orangedentalmoraira\/\" \/>\n<meta property=\"article:modified_time\" content=\"2023-06-29T08:01:03+00:00\" \/>\n<meta name=\"twitter:card\" content=\"summary_large_image\" \/>\n<meta name=\"twitter:label1\" content=\"Gesch\u00e4tzte Lesezeit\" \/>\n\t<meta name=\"twitter:data1\" content=\"4\u00a0Minuten\" \/>\n<script type=\"application\/ld+json\" class=\"yoast-schema-graph\">{\"@context\":\"https:\\\/\\\/schema.org\",\"@graph\":[{\"@type\":\"WebPage\",\"@id\":\"https:\\\/\\\/www.orangedental.es\\\/de\\\/notfall\\\/\",\"url\":\"https:\\\/\\\/www.orangedental.es\\\/de\\\/notfall\\\/\",\"name\":\"Notfall - Orange Dental\",\"isPartOf\":{\"@id\":\"https:\\\/\\\/www.orangedental.es\\\/de\\\/#website\"},\"datePublished\":\"2023-06-28T11:25:25+00:00\",\"dateModified\":\"2023-06-29T08:01:03+00:00\",\"description\":\"Nur Probleme, deren Behandlung nicht bis zum n\u00e4chsten Tag oder nach dem Wochenende warten kann, k\u00f6nnen als Notf\u00e4lle bezeichnet werden.\",\"breadcrumb\":{\"@id\":\"https:\\\/\\\/www.orangedental.es\\\/de\\\/notfall\\\/#breadcrumb\"},\"inLanguage\":\"de\",\"potentialAction\":[{\"@type\":\"ReadAction\",\"target\":[\"https:\\\/\\\/www.orangedental.es\\\/de\\\/notfall\\\/\"]}]},{\"@type\":\"BreadcrumbList\",\"@id\":\"https:\\\/\\\/www.orangedental.es\\\/de\\\/notfall\\\/#breadcrumb\",\"itemListElement\":[{\"@type\":\"ListItem\",\"position\":1,\"name\":\"Home\",\"item\":\"https:\\\/\\\/www.orangedental.es\\\/de\\\/\"},{\"@type\":\"ListItem\",\"position\":2,\"name\":\"Notfall\"}]},{\"@type\":\"WebSite\",\"@id\":\"https:\\\/\\\/www.orangedental.es\\\/de\\\/#website\",\"url\":\"https:\\\/\\\/www.orangedental.es\\\/de\\\/\",\"name\":\"Orange Dental\",\"description\":\"Gesunde Z\u00e4hne und strahlendes L\u00e4cheln!\",\"publisher\":{\"@id\":\"https:\\\/\\\/www.orangedental.es\\\/de\\\/#organization\"},\"potentialAction\":[{\"@type\":\"SearchAction\",\"target\":{\"@type\":\"EntryPoint\",\"urlTemplate\":\"https:\\\/\\\/www.orangedental.es\\\/de\\\/?s={search_term_string}\"},\"query-input\":{\"@type\":\"PropertyValueSpecification\",\"valueRequired\":true,\"valueName\":\"search_term_string\"}}],\"inLanguage\":\"de\"},{\"@type\":\"Organization\",\"@id\":\"https:\\\/\\\/www.orangedental.es\\\/de\\\/#organization\",\"name\":\"Orange Dental\",\"url\":\"https:\\\/\\\/www.orangedental.es\\\/de\\\/\",\"logo\":{\"@type\":\"ImageObject\",\"inLanguage\":\"de\",\"@id\":\"https:\\\/\\\/www.orangedental.es\\\/de\\\/#\\\/schema\\\/logo\\\/image\\\/\",\"url\":\"https:\\\/\\\/i0.wp.com\\\/www.orangedental.es\\\/wp-content\\\/uploads\\\/2017\\\/06\\\/logo-Orange-Dental-cmyk.png?fit=585%2C238&ssl=1\",\"contentUrl\":\"https:\\\/\\\/i0.wp.com\\\/www.orangedental.es\\\/wp-content\\\/uploads\\\/2017\\\/06\\\/logo-Orange-Dental-cmyk.png?fit=585%2C238&ssl=1\",\"width\":585,\"height\":238,\"caption\":\"Orange Dental\"},\"image\":{\"@id\":\"https:\\\/\\\/www.orangedental.es\\\/de\\\/#\\\/schema\\\/logo\\\/image\\\/\"},\"sameAs\":[\"https:\\\/\\\/www.facebook.com\\\/orangedentalmoraira\\\/\"]}]}<\/script>\n<!-- \/ Yoast SEO plugin. -->","yoast_head_json":{"title":"Notfall - Orange Dental","description":"Nur Probleme, deren Behandlung nicht bis zum n\u00e4chsten Tag oder nach dem Wochenende warten kann, k\u00f6nnen als Notf\u00e4lle bezeichnet werden.","robots":{"index":"index","follow":"follow","max-snippet":"max-snippet:-1","max-image-preview":"max-image-preview:large","max-video-preview":"max-video-preview:-1"},"canonical":"https:\/\/www.orangedental.es\/de\/notfall\/","og_locale":"de_DE","og_type":"article","og_title":"Notfall - Orange Dental","og_description":"Nur Probleme, deren Behandlung nicht bis zum n\u00e4chsten Tag oder nach dem Wochenende warten kann, k\u00f6nnen als Notf\u00e4lle bezeichnet werden.","og_url":"https:\/\/www.orangedental.es\/de\/notfall\/","og_site_name":"Orange Dental","article_publisher":"https:\/\/www.facebook.com\/orangedentalmoraira\/","article_modified_time":"2023-06-29T08:01:03+00:00","twitter_card":"summary_large_image","twitter_misc":{"Gesch\u00e4tzte Lesezeit":"4\u00a0Minuten"},"schema":{"@context":"https:\/\/schema.org","@graph":[{"@type":"WebPage","@id":"https:\/\/www.orangedental.es\/de\/notfall\/","url":"https:\/\/www.orangedental.es\/de\/notfall\/","name":"Notfall - Orange Dental","isPartOf":{"@id":"https:\/\/www.orangedental.es\/de\/#website"},"datePublished":"2023-06-28T11:25:25+00:00","dateModified":"2023-06-29T08:01:03+00:00","description":"Nur Probleme, deren Behandlung nicht bis zum n\u00e4chsten Tag oder nach dem Wochenende warten kann, k\u00f6nnen als Notf\u00e4lle bezeichnet werden.","breadcrumb":{"@id":"https:\/\/www.orangedental.es\/de\/notfall\/#breadcrumb"},"inLanguage":"de","potentialAction":[{"@type":"ReadAction","target":["https:\/\/www.orangedental.es\/de\/notfall\/"]}]},{"@type":"BreadcrumbList","@id":"https:\/\/www.orangedental.es\/de\/notfall\/#breadcrumb","itemListElement":[{"@type":"ListItem","position":1,"name":"Home","item":"https:\/\/www.orangedental.es\/de\/"},{"@type":"ListItem","position":2,"name":"Notfall"}]},{"@type":"WebSite","@id":"https:\/\/www.orangedental.es\/de\/#website","url":"https:\/\/www.orangedental.es\/de\/","name":"Orange Dental","description":"Gesunde Z\u00e4hne und strahlendes L\u00e4cheln!","publisher":{"@id":"https:\/\/www.orangedental.es\/de\/#organization"},"potentialAction":[{"@type":"SearchAction","target":{"@type":"EntryPoint","urlTemplate":"https:\/\/www.orangedental.es\/de\/?s={search_term_string}"},"query-input":{"@type":"PropertyValueSpecification","valueRequired":true,"valueName":"search_term_string"}}],"inLanguage":"de"},{"@type":"Organization","@id":"https:\/\/www.orangedental.es\/de\/#organization","name":"Orange Dental","url":"https:\/\/www.orangedental.es\/de\/","logo":{"@type":"ImageObject","inLanguage":"de","@id":"https:\/\/www.orangedental.es\/de\/#\/schema\/logo\/image\/","url":"https:\/\/i0.wp.com\/www.orangedental.es\/wp-content\/uploads\/2017\/06\/logo-Orange-Dental-cmyk.png?fit=585%2C238&ssl=1","contentUrl":"https:\/\/i0.wp.com\/www.orangedental.es\/wp-content\/uploads\/2017\/06\/logo-Orange-Dental-cmyk.png?fit=585%2C238&ssl=1","width":585,"height":238,"caption":"Orange Dental"},"image":{"@id":"https:\/\/www.orangedental.es\/de\/#\/schema\/logo\/image\/"},"sameAs":["https:\/\/www.facebook.com\/orangedentalmoraira\/"]}]}},"_links":{"self":[{"href":"https:\/\/www.orangedental.es\/de\/wp-json\/wp\/v2\/pages\/1326","targetHints":{"allow":["GET"]}}],"collection":[{"href":"https:\/\/www.orangedental.es\/de\/wp-json\/wp\/v2\/pages"}],"about":[{"href":"https:\/\/www.orangedental.es\/de\/wp-json\/wp\/v2\/types\/page"}],"author":[{"embeddable":true,"href":"https:\/\/www.orangedental.es\/de\/wp-json\/wp\/v2\/users\/1"}],"replies":[{"embeddable":true,"href":"https:\/\/www.orangedental.es\/de\/wp-json\/wp\/v2\/comments?post=1326"}],"version-history":[{"count":2,"href":"https:\/\/www.orangedental.es\/de\/wp-json\/wp\/v2\/pages\/1326\/revisions"}],"predecessor-version":[{"id":1328,"href":"https:\/\/www.orangedental.es\/de\/wp-json\/wp\/v2\/pages\/1326\/revisions\/1328"}],"wp:attachment":[{"href":"https:\/\/www.orangedental.es\/de\/wp-json\/wp\/v2\/media?parent=1326"}],"curies":[{"name":"wp","href":"https:\/\/api.w.org\/{rel}","templated":true}]}}